{"id":3960,"date":"2019-12-12T12:28:18","date_gmt":"2019-12-12T10:28:18","guid":{"rendered":"http:\/\/etab.eu\/no\/?post_type=product&#038;p=3960"},"modified":"2020-08-19T15:27:08","modified_gmt":"2020-08-19T13:27:08","slug":"etab-114-premium-vavtejp","status":"publish","type":"product","link":"https:\/\/etab.eu\/no\/produkt\/vavtejp\/etab-114-premium-vavtejp\/","title":{"rendered":"etab 114 &#8211; Premium V\u00e4vtejp"},"content":{"rendered":"","protected":false},"excerpt":{"rendered":"<p>etab 114 Premium v\u00e4vtejp \u00e4r en professionell, stark v\u00e4vtejp f\u00f6r extra kr\u00e4vande arbeten. En h\u00f6gkvalitativ silvertejp med utm\u00e4rkt h\u00e4ftf\u00f6rm\u00e5ga. etab 114 Premium v\u00e4vtejp \u00e4r b\u00e5de vattenfast, \u00e5ldringsbest\u00e4ndig och t\u00e5l v\u00e4rme upp +100\u00b0C. Kraftig, t\u00e4t v\u00e4v som \u00e4nd\u00e5 kan rivas f\u00f6r hand.<\/p>\n<p>etab 114 Premium v\u00e4vtejp \u00e4r gjord av bomullsv\u00e4v med polyetenyta. En kraftfull tejp med m\u00e5nga anv\u00e4ndningsomr\u00e5den inom b\u00e5de bygg- och industrisektorn.<\/p>\n","protected":false},"featured_media":3961,"comment_status":"open","ping_status":"closed","template":"","meta":{"_acf_changed":false,"_trash_the_other_posts":false,"editor_notices":[]},"product_brand":[],"product_cat":[398],"product_tag":[],"class_list":{"0":"post-3960","1":"product","2":"type-product","3":"status-publish","4":"has-post-thumbnail","6":"product_cat-vavtejp","8":"first","9":"instock","10":"shipping-taxable","11":"product-type-variable"},"acf":[],"yoast_head":"<!-- This site is optimized with the Yoast SEO Premium plugin v26.6 (Yoast SEO v26.6) - https:\/\/yoast.com\/wordpress\/plugins\/seo\/ -->\n<title>etab 114 - Premium V\u00e4vtejp - etab Website - NO<\/title>\n<meta name=\"robots\" content=\"noindex, follow, max-snippet:-1, max-image-preview:large, max-video-preview:-1\" \/>\n<meta property=\"og:locale\" content=\"sv_SE\" \/>\n<meta property=\"og:type\" content=\"article\" \/>\n<meta property=\"og:title\" content=\"etab 114 - Premium V\u00e4vtejp\" \/>\n<meta property=\"og:description\" content=\"etab 114 Premium v\u00e4vtejp \u00e4r en professionell, stark v\u00e4vtejp f\u00f6r extra kr\u00e4vande arbeten. En h\u00f6gkvalitativ silvertejp med utm\u00e4rkt h\u00e4ftf\u00f6rm\u00e5ga. etab 114 Premium v\u00e4vtejp \u00e4r b\u00e5de vattenfast, \u00e5ldringsbest\u00e4ndig och t\u00e5l v\u00e4rme upp +100\u00b0C. Kraftig, t\u00e4t v\u00e4v som \u00e4nd\u00e5 kan rivas f\u00f6r hand.  etab 114 Premium v\u00e4vtejp \u00e4r gjord av bomullsv\u00e4v med polyetenyta. En kraftfull tejp med m\u00e5nga anv\u00e4ndningsomr\u00e5den inom b\u00e5de bygg- och industrisektorn.\" \/>\n<meta property=\"og:url\" content=\"https:\/\/etab.eu\/no\/produkt\/vavtejp\/etab-114-premium-vavtejp\/\" \/>\n<meta property=\"og:site_name\" content=\"etab Website - NO\" \/>\n<meta property=\"article:modified_time\" content=\"2020-08-19T13:27:08+00:00\" \/>\n<meta property=\"og:image\" content=\"https:\/\/etab.eu\/no\/wp-content\/uploads\/sites\/5\/2019\/12\/etab-114-premium_vavtejp-48mm-x-50m-silvergra_1.jpg\" \/>\n\t<meta property=\"og:image:width\" content=\"1500\" \/>\n\t<meta property=\"og:image:height\" content=\"1500\" \/>\n\t<meta property=\"og:image:type\" content=\"image\/jpeg\" \/>\n<meta name=\"twitter:card\" content=\"summary_large_image\" \/>\n<meta name=\"twitter:label1\" content=\"Availability\" \/>\n\t<meta name=\"twitter:data1\" content=\"In stock\" \/>\n<script type=\"application\/ld+json\" class=\"yoast-schema-graph\">{\"@context\":\"https:\/\/schema.org\",\"@graph\":[{\"@type\":[\"WebPage\",\"ItemPage\"],\"@id\":\"https:\/\/etab.eu\/no\/produkt\/vavtejp\/etab-114-premium-vavtejp\/\",\"url\":\"https:\/\/etab.eu\/no\/produkt\/vavtejp\/etab-114-premium-vavtejp\/\",\"name\":\"etab 114 - Premium V\u00e4vtejp - etab Website - NO\",\"isPartOf\":{\"@id\":\"https:\/\/etab.eu\/no\/#website\"},\"primaryImageOfPage\":{\"@id\":\"https:\/\/etab.eu\/no\/produkt\/vavtejp\/etab-114-premium-vavtejp\/#primaryimage\"},\"image\":{\"@id\":\"https:\/\/etab.eu\/no\/produkt\/vavtejp\/etab-114-premium-vavtejp\/#primaryimage\"},\"thumbnailUrl\":\"https:\/\/etab.eu\/no\/wp-content\/uploads\/sites\/5\/2019\/12\/etab-114-premium_vavtejp-48mm-x-50m-silvergra_1.jpg\",\"datePublished\":\"2019-12-12T10:28:18+00:00\",\"dateModified\":\"2020-08-19T13:27:08+00:00\",\"breadcrumb\":{\"@id\":\"https:\/\/etab.eu\/no\/produkt\/vavtejp\/etab-114-premium-vavtejp\/#breadcrumb\"},\"inLanguage\":\"sv-SE\",\"potentialAction\":[{\"@type\":\"ReadAction\",\"target\":[\"https:\/\/etab.eu\/no\/produkt\/vavtejp\/etab-114-premium-vavtejp\/\"]}]},{\"@type\":\"ImageObject\",\"inLanguage\":\"sv-SE\",\"@id\":\"https:\/\/etab.eu\/no\/produkt\/vavtejp\/etab-114-premium-vavtejp\/#primaryimage\",\"url\":\"https:\/\/etab.eu\/no\/wp-content\/uploads\/sites\/5\/2019\/12\/etab-114-premium_vavtejp-48mm-x-50m-silvergra_1.jpg\",\"contentUrl\":\"https:\/\/etab.eu\/no\/wp-content\/uploads\/sites\/5\/2019\/12\/etab-114-premium_vavtejp-48mm-x-50m-silvergra_1.jpg\",\"width\":1500,\"height\":1500},{\"@type\":\"BreadcrumbList\",\"@id\":\"https:\/\/etab.eu\/no\/produkt\/vavtejp\/etab-114-premium-vavtejp\/#breadcrumb\",\"itemListElement\":[{\"@type\":\"ListItem\",\"position\":1,\"name\":\"Hem\",\"item\":\"https:\/\/etab.eu\/no\/\"},{\"@type\":\"ListItem\",\"position\":2,\"name\":\"V\u00e5ra produkter\",\"item\":\"https:\/\/etab.eu\/no\/produkter\/\"},{\"@type\":\"ListItem\",\"position\":3,\"name\":\"V\u00e4vtejp\",\"item\":\"https:\/\/etab.eu\/no\/produkt-kategori\/vavtejp\/\"},{\"@type\":\"ListItem\",\"position\":4,\"name\":\"etab 114 &#8211; Premium V\u00e4vtejp\"}]},{\"@type\":\"WebSite\",\"@id\":\"https:\/\/etab.eu\/no\/#website\",\"url\":\"https:\/\/etab.eu\/no\/\",\"name\":\"etab Website - NO\",\"description\":\"\",\"potentialAction\":[{\"@type\":\"SearchAction\",\"target\":{\"@type\":\"EntryPoint\",\"urlTemplate\":\"https:\/\/etab.eu\/no\/?s={search_term_string}\"},\"query-input\":{\"@type\":\"PropertyValueSpecification\",\"valueRequired\":true,\"valueName\":\"search_term_string\"}}],\"inLanguage\":\"sv-SE\"}]}<\/script>\n<meta property=\"og:availability\" content=\"instock\" \/>\n<meta property=\"product:availability\" content=\"instock\" \/>\n<meta property=\"product:retailer_item_id\" content=\"114\" \/>\n<meta property=\"product:condition\" content=\"new\" \/>\n<!-- \/ Yoast SEO Premium plugin. -->","yoast_head_json":{"title":"etab 114 - Premium V\u00e4vtejp - etab Website - NO","robots":{"index":"noindex","follow":"follow","max-snippet":"max-snippet:-1","max-image-preview":"max-image-preview:large","max-video-preview":"max-video-preview:-1"},"og_locale":"sv_SE","og_type":"article","og_title":"etab 114 - Premium V\u00e4vtejp","og_description":"etab 114 Premium v\u00e4vtejp \u00e4r en professionell, stark v\u00e4vtejp f\u00f6r extra kr\u00e4vande arbeten. En h\u00f6gkvalitativ silvertejp med utm\u00e4rkt h\u00e4ftf\u00f6rm\u00e5ga. etab 114 Premium v\u00e4vtejp \u00e4r b\u00e5de vattenfast, \u00e5ldringsbest\u00e4ndig och t\u00e5l v\u00e4rme upp +100\u00b0C. Kraftig, t\u00e4t v\u00e4v som \u00e4nd\u00e5 kan rivas f\u00f6r hand.  etab 114 Premium v\u00e4vtejp \u00e4r gjord av bomullsv\u00e4v med polyetenyta. En kraftfull tejp med m\u00e5nga anv\u00e4ndningsomr\u00e5den inom b\u00e5de bygg- och industrisektorn.","og_url":"https:\/\/etab.eu\/no\/produkt\/vavtejp\/etab-114-premium-vavtejp\/","og_site_name":"etab Website - NO","article_modified_time":"2020-08-19T13:27:08+00:00","og_image":[{"width":1500,"height":1500,"url":"https:\/\/etab.eu\/no\/wp-content\/uploads\/sites\/5\/2019\/12\/etab-114-premium_vavtejp-48mm-x-50m-silvergra_1.jpg","type":"image\/jpeg"}],"twitter_card":"summary_large_image","twitter_misc":{"Availability":"In stock"},"schema":{"@context":"https:\/\/schema.org","@graph":[{"@type":["WebPage","ItemPage"],"@id":"https:\/\/etab.eu\/no\/produkt\/vavtejp\/etab-114-premium-vavtejp\/","url":"https:\/\/etab.eu\/no\/produkt\/vavtejp\/etab-114-premium-vavtejp\/","name":"etab 114 - Premium V\u00e4vtejp - etab Website - NO","isPartOf":{"@id":"https:\/\/etab.eu\/no\/#website"},"primaryImageOfPage":{"@id":"https:\/\/etab.eu\/no\/produkt\/vavtejp\/etab-114-premium-vavtejp\/#primaryimage"},"image":{"@id":"https:\/\/etab.eu\/no\/produkt\/vavtejp\/etab-114-premium-vavtejp\/#primaryimage"},"thumbnailUrl":"https:\/\/etab.eu\/no\/wp-content\/uploads\/sites\/5\/2019\/12\/etab-114-premium_vavtejp-48mm-x-50m-silvergra_1.jpg","datePublished":"2019-12-12T10:28:18+00:00","dateModified":"2020-08-19T13:27:08+00:00","breadcrumb":{"@id":"https:\/\/etab.eu\/no\/produkt\/vavtejp\/etab-114-premium-vavtejp\/#breadcrumb"},"inLanguage":"sv-SE","potentialAction":[{"@type":"ReadAction","target":["https:\/\/etab.eu\/no\/produkt\/vavtejp\/etab-114-premium-vavtejp\/"]}]},{"@type":"ImageObject","inLanguage":"sv-SE","@id":"https:\/\/etab.eu\/no\/produkt\/vavtejp\/etab-114-premium-vavtejp\/#primaryimage","url":"https:\/\/etab.eu\/no\/wp-content\/uploads\/sites\/5\/2019\/12\/etab-114-premium_vavtejp-48mm-x-50m-silvergra_1.jpg","contentUrl":"https:\/\/etab.eu\/no\/wp-content\/uploads\/sites\/5\/2019\/12\/etab-114-premium_vavtejp-48mm-x-50m-silvergra_1.jpg","width":1500,"height":1500},{"@type":"BreadcrumbList","@id":"https:\/\/etab.eu\/no\/produkt\/vavtejp\/etab-114-premium-vavtejp\/#breadcrumb","itemListElement":[{"@type":"ListItem","position":1,"name":"Hem","item":"https:\/\/etab.eu\/no\/"},{"@type":"ListItem","position":2,"name":"V\u00e5ra produkter","item":"https:\/\/etab.eu\/no\/produkter\/"},{"@type":"ListItem","position":3,"name":"V\u00e4vtejp","item":"https:\/\/etab.eu\/no\/produkt-kategori\/vavtejp\/"},{"@type":"ListItem","position":4,"name":"etab 114 &#8211; Premium V\u00e4vtejp"}]},{"@type":"WebSite","@id":"https:\/\/etab.eu\/no\/#website","url":"https:\/\/etab.eu\/no\/","name":"etab Website - NO","description":"","potentialAction":[{"@type":"SearchAction","target":{"@type":"EntryPoint","urlTemplate":"https:\/\/etab.eu\/no\/?s={search_term_string}"},"query-input":{"@type":"PropertyValueSpecification","valueRequired":true,"valueName":"search_term_string"}}],"inLanguage":"sv-SE"}]},"og_availability":"instock","product_availability":"instock","product_retailer_item_id":"114","product_condition":"new"},"_links":{"self":[{"href":"https:\/\/etab.eu\/no\/wp-json\/wp\/v2\/product\/3960","targetHints":{"allow":["GET"]}}],"collection":[{"href":"https:\/\/etab.eu\/no\/wp-json\/wp\/v2\/product"}],"about":[{"href":"https:\/\/etab.eu\/no\/wp-json\/wp\/v2\/types\/product"}],"replies":[{"embeddable":true,"href":"https:\/\/etab.eu\/no\/wp-json\/wp\/v2\/comments?post=3960"}],"wp:featuredmedia":[{"embeddable":true,"href":"https:\/\/etab.eu\/no\/wp-json\/wp\/v2\/media\/3961"}],"wp:attachment":[{"href":"https:\/\/etab.eu\/no\/wp-json\/wp\/v2\/media?parent=3960"}],"wp:term":[{"taxonomy":"product_brand","embeddable":true,"href":"https:\/\/etab.eu\/no\/wp-json\/wp\/v2\/product_brand?post=3960"},{"taxonomy":"product_cat","embeddable":true,"href":"https:\/\/etab.eu\/no\/wp-json\/wp\/v2\/product_cat?post=3960"},{"taxonomy":"product_tag","embeddable":true,"href":"https:\/\/etab.eu\/no\/wp-json\/wp\/v2\/product_tag?post=3960"}],"curies":[{"name":"wp","href":"https:\/\/api.w.org\/{rel}","templated":true}]}}