{"id":3817,"date":"2019-11-15T15:31:16","date_gmt":"2019-11-15T13:31:16","guid":{"rendered":"http:\/\/etab.eu\/no\/?post_type=product&#038;p=3817"},"modified":"2020-06-25T11:18:37","modified_gmt":"2020-06-25T09:18:37","slug":"etab-423-cellofantejp","status":"publish","type":"product","link":"https:\/\/etab.eu\/no\/produkt\/kontorstejp\/etab-423-cellofantejp\/","title":{"rendered":"etab 423 &#8211; Cellofantejp"},"content":{"rendered":"","protected":false},"excerpt":{"rendered":"<p>etab 423 cellofantejp \u00e4r den klassiska kontorstejpen. En transparent tejp som \u00e4r ett milj\u00f6m\u00e4ssigt utm\u00e4rkt bra val d\u00e5 cellofan \u00e4r en cellulosaprodukt, allts\u00e5 ej en plast, och biologiskt nedbrytbar. etab 423 cellofantejp \u00e4r dessutom b\u00e5de l\u00e4tt rivbar och antistatisk. Anv\u00e4nds med f\u00f6rdel som refill till <a href=\"http:\/\/etab.eu\/no\/produkt\/tejphallare\/etab-pxu1-panfix-tejphallare\/\">tejph\u00e5llare PXU1<\/a>.<\/p>\n","protected":false},"featured_media":3821,"comment_status":"open","ping_status":"closed","template":"","meta":{"_acf_changed":false,"_trash_the_other_posts":false,"editor_notices":[]},"product_brand":[],"product_cat":[391],"product_tag":[],"class_list":{"0":"post-3817","1":"product","2":"type-product","3":"status-publish","4":"has-post-thumbnail","6":"product_cat-kontorstejp","8":"first","9":"instock","10":"shipping-taxable","11":"product-type-variable"},"acf":[],"yoast_head":"<!-- This site is optimized with the Yoast SEO Premium plugin v26.6 (Yoast SEO v26.6) - https:\/\/yoast.com\/wordpress\/plugins\/seo\/ -->\n<title>etab 423 - Cellofantejp - etab Website - NO<\/title>\n<meta name=\"robots\" content=\"noindex, follow, max-snippet:-1, max-image-preview:large, max-video-preview:-1\" \/>\n<meta property=\"og:locale\" content=\"sv_SE\" \/>\n<meta property=\"og:type\" content=\"article\" \/>\n<meta property=\"og:title\" content=\"etab 423 - Cellofantejp\" \/>\n<meta property=\"og:description\" content=\"etab 423 cellofantejp \u00e4r den klassiska kontorstejpen. En transparent tejp som \u00e4r ett milj\u00f6m\u00e4ssigt utm\u00e4rkt bra val d\u00e5 cellofan \u00e4r en cellulosaprodukt, allts\u00e5 ej en plast, och biologiskt nedbrytbar. etab 423 cellofantejp \u00e4r dessutom b\u00e5de l\u00e4tt rivbar och antistatisk. Anv\u00e4nds med f\u00f6rdel som refill till tejph\u00e5llare PXU1.\" \/>\n<meta property=\"og:url\" content=\"https:\/\/etab.eu\/no\/produkt\/kontorstejp\/etab-423-cellofantejp\/\" \/>\n<meta property=\"og:site_name\" content=\"etab Website - NO\" \/>\n<meta property=\"article:modified_time\" content=\"2020-06-25T09:18:37+00:00\" \/>\n<meta property=\"og:image\" content=\"https:\/\/etab.eu\/no\/wp-content\/uploads\/sites\/5\/2019\/11\/etab-423-panfix-cellofantejp-12mmx9.1m-12_rullar_transparent_3.jpg\" \/>\n\t<meta property=\"og:image:width\" content=\"1500\" \/>\n\t<meta property=\"og:image:height\" content=\"1500\" \/>\n\t<meta property=\"og:image:type\" content=\"image\/jpeg\" \/>\n<meta name=\"twitter:card\" content=\"summary_large_image\" \/>\n<meta name=\"twitter:label1\" content=\"Availability\" \/>\n\t<meta name=\"twitter:data1\" content=\"In stock\" \/>\n<script type=\"application\/ld+json\" class=\"yoast-schema-graph\">{\"@context\":\"https:\/\/schema.org\",\"@graph\":[{\"@type\":[\"WebPage\",\"ItemPage\"],\"@id\":\"https:\/\/etab.eu\/no\/produkt\/kontorstejp\/etab-423-cellofantejp\/\",\"url\":\"https:\/\/etab.eu\/no\/produkt\/kontorstejp\/etab-423-cellofantejp\/\",\"name\":\"etab 423 - Cellofantejp - etab Website - NO\",\"isPartOf\":{\"@id\":\"https:\/\/etab.eu\/no\/#website\"},\"primaryImageOfPage\":{\"@id\":\"https:\/\/etab.eu\/no\/produkt\/kontorstejp\/etab-423-cellofantejp\/#primaryimage\"},\"image\":{\"@id\":\"https:\/\/etab.eu\/no\/produkt\/kontorstejp\/etab-423-cellofantejp\/#primaryimage\"},\"thumbnailUrl\":\"https:\/\/etab.eu\/no\/wp-content\/uploads\/sites\/5\/2019\/11\/etab-423-panfix-cellofantejp-12mmx9.1m-12_rullar_transparent_3.jpg\",\"datePublished\":\"2019-11-15T13:31:16+00:00\",\"dateModified\":\"2020-06-25T09:18:37+00:00\",\"breadcrumb\":{\"@id\":\"https:\/\/etab.eu\/no\/produkt\/kontorstejp\/etab-423-cellofantejp\/#breadcrumb\"},\"inLanguage\":\"sv-SE\",\"potentialAction\":[{\"@type\":\"ReadAction\",\"target\":[\"https:\/\/etab.eu\/no\/produkt\/kontorstejp\/etab-423-cellofantejp\/\"]}]},{\"@type\":\"ImageObject\",\"inLanguage\":\"sv-SE\",\"@id\":\"https:\/\/etab.eu\/no\/produkt\/kontorstejp\/etab-423-cellofantejp\/#primaryimage\",\"url\":\"https:\/\/etab.eu\/no\/wp-content\/uploads\/sites\/5\/2019\/11\/etab-423-panfix-cellofantejp-12mmx9.1m-12_rullar_transparent_3.jpg\",\"contentUrl\":\"https:\/\/etab.eu\/no\/wp-content\/uploads\/sites\/5\/2019\/11\/etab-423-panfix-cellofantejp-12mmx9.1m-12_rullar_transparent_3.jpg\",\"width\":1500,\"height\":1500},{\"@type\":\"BreadcrumbList\",\"@id\":\"https:\/\/etab.eu\/no\/produkt\/kontorstejp\/etab-423-cellofantejp\/#breadcrumb\",\"itemListElement\":[{\"@type\":\"ListItem\",\"position\":1,\"name\":\"Hem\",\"item\":\"https:\/\/etab.eu\/no\/\"},{\"@type\":\"ListItem\",\"position\":2,\"name\":\"V\u00e5ra produkter\",\"item\":\"https:\/\/etab.eu\/no\/produkter\/\"},{\"@type\":\"ListItem\",\"position\":3,\"name\":\"Kontorstejp\",\"item\":\"https:\/\/etab.eu\/no\/produkt-kategori\/kontorstejp\/\"},{\"@type\":\"ListItem\",\"position\":4,\"name\":\"etab 423 &#8211; Cellofantejp\"}]},{\"@type\":\"WebSite\",\"@id\":\"https:\/\/etab.eu\/no\/#website\",\"url\":\"https:\/\/etab.eu\/no\/\",\"name\":\"etab Website - NO\",\"description\":\"\",\"potentialAction\":[{\"@type\":\"SearchAction\",\"target\":{\"@type\":\"EntryPoint\",\"urlTemplate\":\"https:\/\/etab.eu\/no\/?s={search_term_string}\"},\"query-input\":{\"@type\":\"PropertyValueSpecification\",\"valueRequired\":true,\"valueName\":\"search_term_string\"}}],\"inLanguage\":\"sv-SE\"}]}<\/script>\n<meta property=\"og:availability\" content=\"instock\" \/>\n<meta property=\"product:availability\" content=\"instock\" \/>\n<meta property=\"product:retailer_item_id\" content=\"423\" \/>\n<meta property=\"product:condition\" content=\"new\" \/>\n<!-- \/ Yoast SEO Premium plugin. -->","yoast_head_json":{"title":"etab 423 - Cellofantejp - etab Website - NO","robots":{"index":"noindex","follow":"follow","max-snippet":"max-snippet:-1","max-image-preview":"max-image-preview:large","max-video-preview":"max-video-preview:-1"},"og_locale":"sv_SE","og_type":"article","og_title":"etab 423 - Cellofantejp","og_description":"etab 423 cellofantejp \u00e4r den klassiska kontorstejpen. En transparent tejp som \u00e4r ett milj\u00f6m\u00e4ssigt utm\u00e4rkt bra val d\u00e5 cellofan \u00e4r en cellulosaprodukt, allts\u00e5 ej en plast, och biologiskt nedbrytbar. etab 423 cellofantejp \u00e4r dessutom b\u00e5de l\u00e4tt rivbar och antistatisk. Anv\u00e4nds med f\u00f6rdel som refill till tejph\u00e5llare PXU1.","og_url":"https:\/\/etab.eu\/no\/produkt\/kontorstejp\/etab-423-cellofantejp\/","og_site_name":"etab Website - NO","article_modified_time":"2020-06-25T09:18:37+00:00","og_image":[{"width":1500,"height":1500,"url":"https:\/\/etab.eu\/no\/wp-content\/uploads\/sites\/5\/2019\/11\/etab-423-panfix-cellofantejp-12mmx9.1m-12_rullar_transparent_3.jpg","type":"image\/jpeg"}],"twitter_card":"summary_large_image","twitter_misc":{"Availability":"In stock"},"schema":{"@context":"https:\/\/schema.org","@graph":[{"@type":["WebPage","ItemPage"],"@id":"https:\/\/etab.eu\/no\/produkt\/kontorstejp\/etab-423-cellofantejp\/","url":"https:\/\/etab.eu\/no\/produkt\/kontorstejp\/etab-423-cellofantejp\/","name":"etab 423 - Cellofantejp - etab Website - NO","isPartOf":{"@id":"https:\/\/etab.eu\/no\/#website"},"primaryImageOfPage":{"@id":"https:\/\/etab.eu\/no\/produkt\/kontorstejp\/etab-423-cellofantejp\/#primaryimage"},"image":{"@id":"https:\/\/etab.eu\/no\/produkt\/kontorstejp\/etab-423-cellofantejp\/#primaryimage"},"thumbnailUrl":"https:\/\/etab.eu\/no\/wp-content\/uploads\/sites\/5\/2019\/11\/etab-423-panfix-cellofantejp-12mmx9.1m-12_rullar_transparent_3.jpg","datePublished":"2019-11-15T13:31:16+00:00","dateModified":"2020-06-25T09:18:37+00:00","breadcrumb":{"@id":"https:\/\/etab.eu\/no\/produkt\/kontorstejp\/etab-423-cellofantejp\/#breadcrumb"},"inLanguage":"sv-SE","potentialAction":[{"@type":"ReadAction","target":["https:\/\/etab.eu\/no\/produkt\/kontorstejp\/etab-423-cellofantejp\/"]}]},{"@type":"ImageObject","inLanguage":"sv-SE","@id":"https:\/\/etab.eu\/no\/produkt\/kontorstejp\/etab-423-cellofantejp\/#primaryimage","url":"https:\/\/etab.eu\/no\/wp-content\/uploads\/sites\/5\/2019\/11\/etab-423-panfix-cellofantejp-12mmx9.1m-12_rullar_transparent_3.jpg","contentUrl":"https:\/\/etab.eu\/no\/wp-content\/uploads\/sites\/5\/2019\/11\/etab-423-panfix-cellofantejp-12mmx9.1m-12_rullar_transparent_3.jpg","width":1500,"height":1500},{"@type":"BreadcrumbList","@id":"https:\/\/etab.eu\/no\/produkt\/kontorstejp\/etab-423-cellofantejp\/#breadcrumb","itemListElement":[{"@type":"ListItem","position":1,"name":"Hem","item":"https:\/\/etab.eu\/no\/"},{"@type":"ListItem","position":2,"name":"V\u00e5ra produkter","item":"https:\/\/etab.eu\/no\/produkter\/"},{"@type":"ListItem","position":3,"name":"Kontorstejp","item":"https:\/\/etab.eu\/no\/produkt-kategori\/kontorstejp\/"},{"@type":"ListItem","position":4,"name":"etab 423 &#8211; Cellofantejp"}]},{"@type":"WebSite","@id":"https:\/\/etab.eu\/no\/#website","url":"https:\/\/etab.eu\/no\/","name":"etab Website - NO","description":"","potentialAction":[{"@type":"SearchAction","target":{"@type":"EntryPoint","urlTemplate":"https:\/\/etab.eu\/no\/?s={search_term_string}"},"query-input":{"@type":"PropertyValueSpecification","valueRequired":true,"valueName":"search_term_string"}}],"inLanguage":"sv-SE"}]},"og_availability":"instock","product_availability":"instock","product_retailer_item_id":"423","product_condition":"new"},"_links":{"self":[{"href":"https:\/\/etab.eu\/no\/wp-json\/wp\/v2\/product\/3817","targetHints":{"allow":["GET"]}}],"collection":[{"href":"https:\/\/etab.eu\/no\/wp-json\/wp\/v2\/product"}],"about":[{"href":"https:\/\/etab.eu\/no\/wp-json\/wp\/v2\/types\/product"}],"replies":[{"embeddable":true,"href":"https:\/\/etab.eu\/no\/wp-json\/wp\/v2\/comments?post=3817"}],"wp:featuredmedia":[{"embeddable":true,"href":"https:\/\/etab.eu\/no\/wp-json\/wp\/v2\/media\/3821"}],"wp:attachment":[{"href":"https:\/\/etab.eu\/no\/wp-json\/wp\/v2\/media?parent=3817"}],"wp:term":[{"taxonomy":"product_brand","embeddable":true,"href":"https:\/\/etab.eu\/no\/wp-json\/wp\/v2\/product_brand?post=3817"},{"taxonomy":"product_cat","embeddable":true,"href":"https:\/\/etab.eu\/no\/wp-json\/wp\/v2\/product_cat?post=3817"},{"taxonomy":"product_tag","embeddable":true,"href":"https:\/\/etab.eu\/no\/wp-json\/wp\/v2\/product_tag?post=3817"}],"curies":[{"name":"wp","href":"https:\/\/api.w.org\/{rel}","templated":true}]}}