{"id":3769,"date":"2019-10-03T08:37:29","date_gmt":"2019-10-03T06:37:29","guid":{"rendered":"http:\/\/etab.eu\/no\/?post_type=product&#038;p=3769"},"modified":"2020-06-26T14:27:24","modified_gmt":"2020-06-26T12:27:24","slug":"etab-5525-byggfolietejp-flexibel-p-markt-och-typgodkand-laglapp","status":"publish","type":"product","link":"https:\/\/etab.eu\/no\/produkt\/byggtejp\/etab-5525-byggfolietejp-flexibel-p-markt-och-typgodkand-laglapp\/","title":{"rendered":"etab 5525 &#8211; Byggfolie\u00adtejp flexibel P-m\u00e4rkt och typgodk\u00e4nd, laglapp"},"content":{"rendered":"","protected":false},"excerpt":{"rendered":"<p>Flexibel t\u00e4tningstejp av n\u00e4tf\u00f6rst\u00e4rkt polyeten med l\u00f6sningsmedelsfritt h\u00e4ft\u00e4mne. Extra h\u00f6g h\u00e4ftf\u00f6rm\u00e5ga. 50 \u00e5rs \u00e5ldringsbest\u00e4ndighet. P-m\u00e4rkt och typgodk\u00e4nd. Upp till 6 m\u00e5naders UV-resistens.<\/p>\n<p>Avsedd f\u00f6r luft- och \u00e5ngsp\u00e4rr. F\u00f6r permanent skarvning, lagning och t\u00e4tning av \u00e5ldringsbest\u00e4ndig byggfolie i polyeten. F\u00e4ster \u00e4ven bra mot tr\u00e4, glas, metall etc.<\/p>\n<p>Denna version i perforerade ark p\u00e5 rulle (s\u00e5 kallade laglappar), kan \u00e4ven tillhandah\u00e5llas med <a href=\"https:\/\/etab.eu\/no\/produkt\/byggtejp\/5525-byggfolietejp-flexibel-p-markt-sitac-godkand\/\">odelad liner<\/a> samt med <a href=\"https:\/\/etab.eu\/no\/produkt\/byggtejp\/etab-5525-byggfolietejp-flexibel-p-markt-och-sitac-godkand-delad-liner\/\">delad liner 50\/50<\/a>.<\/p>\n<p>Mer information samt monteringsanvisning finns nedan.<\/p>\n","protected":false},"featured_media":3771,"comment_status":"open","ping_status":"closed","template":"","meta":{"_acf_changed":false,"_trash_the_other_posts":false,"editor_notices":[]},"product_brand":[],"product_cat":[389],"product_tag":[],"class_list":{"0":"post-3769","1":"product","2":"type-product","3":"status-publish","4":"has-post-thumbnail","6":"product_cat-byggtejp","8":"first","9":"instock","10":"shipping-taxable","11":"product-type-variable"},"acf":[],"yoast_head":"<!-- This site is optimized with the Yoast SEO Premium plugin v26.6 (Yoast SEO v26.6) - https:\/\/yoast.com\/wordpress\/plugins\/seo\/ -->\n<title>etab 5525 - Byggfolie\u00adtejp flexibel P-m\u00e4rkt och typgodk\u00e4nd, laglapp - etab Website - NO<\/title>\n<meta name=\"robots\" content=\"noindex, follow, max-snippet:-1, max-image-preview:large, max-video-preview:-1\" \/>\n<meta property=\"og:locale\" content=\"sv_SE\" \/>\n<meta property=\"og:type\" content=\"article\" \/>\n<meta property=\"og:title\" content=\"etab 5525 - Byggfolie\u00adtejp flexibel P-m\u00e4rkt och typgodk\u00e4nd, laglapp\" \/>\n<meta property=\"og:description\" content=\"Flexibel t\u00e4tningstejp av n\u00e4tf\u00f6rst\u00e4rkt polyeten med l\u00f6sningsmedelsfritt h\u00e4ft\u00e4mne. Extra h\u00f6g h\u00e4ftf\u00f6rm\u00e5ga. 50 \u00e5rs \u00e5ldringsbest\u00e4ndighet. P-m\u00e4rkt och typgodk\u00e4nd. Upp till 6 m\u00e5naders UV-resistens. Avsedd f\u00f6r luft- och \u00e5ngsp\u00e4rr. F\u00f6r permanent skarvning, lagning och t\u00e4tning av \u00e5ldringsbest\u00e4ndig byggfolie i polyeten. F\u00e4ster \u00e4ven bra mot tr\u00e4, glas, metall etc. Denna version i perforerade ark p\u00e5 rulle.\" \/>\n<meta property=\"og:url\" content=\"https:\/\/etab.eu\/no\/produkt\/byggtejp\/etab-5525-byggfolietejp-flexibel-p-markt-och-typgodkand-laglapp\/\" \/>\n<meta property=\"og:site_name\" content=\"etab Website - NO\" \/>\n<meta property=\"article:modified_time\" content=\"2020-06-26T12:27:24+00:00\" \/>\n<meta name=\"twitter:card\" content=\"summary_large_image\" \/>\n<meta name=\"twitter:title\" content=\"etab 5525 - Byggfolie\u00adtejp flexibel P-m\u00e4rkt och typgodk\u00e4nd, laglapp\" \/>\n<meta name=\"twitter:description\" content=\"Flexibel t\u00e4tningstejp av n\u00e4tf\u00f6rst\u00e4rkt polyeten med l\u00f6sningsmedelsfritt h\u00e4ft\u00e4mne. Extra h\u00f6g h\u00e4ftf\u00f6rm\u00e5ga. 50 \u00e5rs \u00e5ldringsbest\u00e4ndighet.\" \/>\n<meta name=\"twitter:image\" content=\"https:\/\/etab.eu\/no\/wp-content\/uploads\/sites\/5\/2019\/10\/etab-5525-byggfolietejp-flexibel-200mm-x-200mm-gron_2.jpg\" \/>\n<meta name=\"twitter:label1\" content=\"Availability\" \/>\n\t<meta name=\"twitter:data1\" content=\"In stock\" \/>\n<script type=\"application\/ld+json\" class=\"yoast-schema-graph\">{\"@context\":\"https:\/\/schema.org\",\"@graph\":[{\"@type\":[\"WebPage\",\"ItemPage\"],\"@id\":\"https:\/\/etab.eu\/no\/produkt\/byggtejp\/etab-5525-byggfolietejp-flexibel-p-markt-och-typgodkand-laglapp\/\",\"url\":\"https:\/\/etab.eu\/no\/produkt\/byggtejp\/etab-5525-byggfolietejp-flexibel-p-markt-och-typgodkand-laglapp\/\",\"name\":\"etab 5525 - Byggfolie\u00adtejp flexibel P-m\u00e4rkt och typgodk\u00e4nd, laglapp - etab Website - NO\",\"isPartOf\":{\"@id\":\"https:\/\/etab.eu\/no\/#website\"},\"primaryImageOfPage\":{\"@id\":\"https:\/\/etab.eu\/no\/produkt\/byggtejp\/etab-5525-byggfolietejp-flexibel-p-markt-och-typgodkand-laglapp\/#primaryimage\"},\"image\":{\"@id\":\"https:\/\/etab.eu\/no\/produkt\/byggtejp\/etab-5525-byggfolietejp-flexibel-p-markt-och-typgodkand-laglapp\/#primaryimage\"},\"thumbnailUrl\":\"https:\/\/etab.eu\/no\/wp-content\/uploads\/sites\/5\/2019\/10\/etab-5525-byggfolietejp-flexibel-200mm-x-200mm-gron_2.jpg\",\"datePublished\":\"2019-10-03T06:37:29+00:00\",\"dateModified\":\"2020-06-26T12:27:24+00:00\",\"breadcrumb\":{\"@id\":\"https:\/\/etab.eu\/no\/produkt\/byggtejp\/etab-5525-byggfolietejp-flexibel-p-markt-och-typgodkand-laglapp\/#breadcrumb\"},\"inLanguage\":\"sv-SE\",\"potentialAction\":[{\"@type\":\"ReadAction\",\"target\":[\"https:\/\/etab.eu\/no\/produkt\/byggtejp\/etab-5525-byggfolietejp-flexibel-p-markt-och-typgodkand-laglapp\/\"]}]},{\"@type\":\"ImageObject\",\"inLanguage\":\"sv-SE\",\"@id\":\"https:\/\/etab.eu\/no\/produkt\/byggtejp\/etab-5525-byggfolietejp-flexibel-p-markt-och-typgodkand-laglapp\/#primaryimage\",\"url\":\"https:\/\/etab.eu\/no\/wp-content\/uploads\/sites\/5\/2019\/10\/etab-5525-byggfolietejp-flexibel-200mm-x-200mm-gron_2.jpg\",\"contentUrl\":\"https:\/\/etab.eu\/no\/wp-content\/uploads\/sites\/5\/2019\/10\/etab-5525-byggfolietejp-flexibel-200mm-x-200mm-gron_2.jpg\",\"width\":1500,\"height\":1500},{\"@type\":\"BreadcrumbList\",\"@id\":\"https:\/\/etab.eu\/no\/produkt\/byggtejp\/etab-5525-byggfolietejp-flexibel-p-markt-och-typgodkand-laglapp\/#breadcrumb\",\"itemListElement\":[{\"@type\":\"ListItem\",\"position\":1,\"name\":\"Hem\",\"item\":\"https:\/\/etab.eu\/no\/\"},{\"@type\":\"ListItem\",\"position\":2,\"name\":\"V\u00e5ra produkter\",\"item\":\"https:\/\/etab.eu\/no\/produkter\/\"},{\"@type\":\"ListItem\",\"position\":3,\"name\":\"Byggtejp\",\"item\":\"https:\/\/etab.eu\/no\/produkt-kategori\/byggtejp\/\"},{\"@type\":\"ListItem\",\"position\":4,\"name\":\"etab 5525 &#8211; Byggfolie\u00adtejp flexibel P-m\u00e4rkt och typgodk\u00e4nd, laglapp\"}]},{\"@type\":\"WebSite\",\"@id\":\"https:\/\/etab.eu\/no\/#website\",\"url\":\"https:\/\/etab.eu\/no\/\",\"name\":\"etab Website - NO\",\"description\":\"\",\"potentialAction\":[{\"@type\":\"SearchAction\",\"target\":{\"@type\":\"EntryPoint\",\"urlTemplate\":\"https:\/\/etab.eu\/no\/?s={search_term_string}\"},\"query-input\":{\"@type\":\"PropertyValueSpecification\",\"valueRequired\":true,\"valueName\":\"search_term_string\"}}],\"inLanguage\":\"sv-SE\"}]}<\/script>\n<meta property=\"og:availability\" content=\"instock\" \/>\n<meta property=\"product:availability\" content=\"instock\" \/>\n<meta property=\"product:retailer_item_id\" content=\"5525-laglapp\" \/>\n<meta property=\"product:condition\" content=\"new\" \/>\n<!-- \/ Yoast SEO Premium plugin. -->","yoast_head_json":{"title":"etab 5525 - Byggfolie\u00adtejp flexibel P-m\u00e4rkt och typgodk\u00e4nd, laglapp - etab Website - NO","robots":{"index":"noindex","follow":"follow","max-snippet":"max-snippet:-1","max-image-preview":"max-image-preview:large","max-video-preview":"max-video-preview:-1"},"og_locale":"sv_SE","og_type":"article","og_title":"etab 5525 - Byggfolie\u00adtejp flexibel P-m\u00e4rkt och typgodk\u00e4nd, laglapp","og_description":"Flexibel t\u00e4tningstejp av n\u00e4tf\u00f6rst\u00e4rkt polyeten med l\u00f6sningsmedelsfritt h\u00e4ft\u00e4mne. Extra h\u00f6g h\u00e4ftf\u00f6rm\u00e5ga. 50 \u00e5rs \u00e5ldringsbest\u00e4ndighet. P-m\u00e4rkt och typgodk\u00e4nd. Upp till 6 m\u00e5naders UV-resistens. Avsedd f\u00f6r luft- och \u00e5ngsp\u00e4rr. F\u00f6r permanent skarvning, lagning och t\u00e4tning av \u00e5ldringsbest\u00e4ndig byggfolie i polyeten. F\u00e4ster \u00e4ven bra mot tr\u00e4, glas, metall etc. Denna version i perforerade ark p\u00e5 rulle.","og_url":"https:\/\/etab.eu\/no\/produkt\/byggtejp\/etab-5525-byggfolietejp-flexibel-p-markt-och-typgodkand-laglapp\/","og_site_name":"etab Website - NO","article_modified_time":"2020-06-26T12:27:24+00:00","twitter_card":"summary_large_image","twitter_title":"etab 5525 - Byggfolie\u00adtejp flexibel P-m\u00e4rkt och typgodk\u00e4nd, laglapp","twitter_description":"Flexibel t\u00e4tningstejp av n\u00e4tf\u00f6rst\u00e4rkt polyeten med l\u00f6sningsmedelsfritt h\u00e4ft\u00e4mne. Extra h\u00f6g h\u00e4ftf\u00f6rm\u00e5ga. 50 \u00e5rs \u00e5ldringsbest\u00e4ndighet.","twitter_image":"https:\/\/etab.eu\/no\/wp-content\/uploads\/sites\/5\/2019\/10\/etab-5525-byggfolietejp-flexibel-200mm-x-200mm-gron_2.jpg","twitter_misc":{"Availability":"In stock"},"schema":{"@context":"https:\/\/schema.org","@graph":[{"@type":["WebPage","ItemPage"],"@id":"https:\/\/etab.eu\/no\/produkt\/byggtejp\/etab-5525-byggfolietejp-flexibel-p-markt-och-typgodkand-laglapp\/","url":"https:\/\/etab.eu\/no\/produkt\/byggtejp\/etab-5525-byggfolietejp-flexibel-p-markt-och-typgodkand-laglapp\/","name":"etab 5525 - Byggfolie\u00adtejp flexibel P-m\u00e4rkt och typgodk\u00e4nd, laglapp - etab Website - NO","isPartOf":{"@id":"https:\/\/etab.eu\/no\/#website"},"primaryImageOfPage":{"@id":"https:\/\/etab.eu\/no\/produkt\/byggtejp\/etab-5525-byggfolietejp-flexibel-p-markt-och-typgodkand-laglapp\/#primaryimage"},"image":{"@id":"https:\/\/etab.eu\/no\/produkt\/byggtejp\/etab-5525-byggfolietejp-flexibel-p-markt-och-typgodkand-laglapp\/#primaryimage"},"thumbnailUrl":"https:\/\/etab.eu\/no\/wp-content\/uploads\/sites\/5\/2019\/10\/etab-5525-byggfolietejp-flexibel-200mm-x-200mm-gron_2.jpg","datePublished":"2019-10-03T06:37:29+00:00","dateModified":"2020-06-26T12:27:24+00:00","breadcrumb":{"@id":"https:\/\/etab.eu\/no\/produkt\/byggtejp\/etab-5525-byggfolietejp-flexibel-p-markt-och-typgodkand-laglapp\/#breadcrumb"},"inLanguage":"sv-SE","potentialAction":[{"@type":"ReadAction","target":["https:\/\/etab.eu\/no\/produkt\/byggtejp\/etab-5525-byggfolietejp-flexibel-p-markt-och-typgodkand-laglapp\/"]}]},{"@type":"ImageObject","inLanguage":"sv-SE","@id":"https:\/\/etab.eu\/no\/produkt\/byggtejp\/etab-5525-byggfolietejp-flexibel-p-markt-och-typgodkand-laglapp\/#primaryimage","url":"https:\/\/etab.eu\/no\/wp-content\/uploads\/sites\/5\/2019\/10\/etab-5525-byggfolietejp-flexibel-200mm-x-200mm-gron_2.jpg","contentUrl":"https:\/\/etab.eu\/no\/wp-content\/uploads\/sites\/5\/2019\/10\/etab-5525-byggfolietejp-flexibel-200mm-x-200mm-gron_2.jpg","width":1500,"height":1500},{"@type":"BreadcrumbList","@id":"https:\/\/etab.eu\/no\/produkt\/byggtejp\/etab-5525-byggfolietejp-flexibel-p-markt-och-typgodkand-laglapp\/#breadcrumb","itemListElement":[{"@type":"ListItem","position":1,"name":"Hem","item":"https:\/\/etab.eu\/no\/"},{"@type":"ListItem","position":2,"name":"V\u00e5ra produkter","item":"https:\/\/etab.eu\/no\/produkter\/"},{"@type":"ListItem","position":3,"name":"Byggtejp","item":"https:\/\/etab.eu\/no\/produkt-kategori\/byggtejp\/"},{"@type":"ListItem","position":4,"name":"etab 5525 &#8211; Byggfolie\u00adtejp flexibel P-m\u00e4rkt och typgodk\u00e4nd, laglapp"}]},{"@type":"WebSite","@id":"https:\/\/etab.eu\/no\/#website","url":"https:\/\/etab.eu\/no\/","name":"etab Website - NO","description":"","potentialAction":[{"@type":"SearchAction","target":{"@type":"EntryPoint","urlTemplate":"https:\/\/etab.eu\/no\/?s={search_term_string}"},"query-input":{"@type":"PropertyValueSpecification","valueRequired":true,"valueName":"search_term_string"}}],"inLanguage":"sv-SE"}]},"og_availability":"instock","product_availability":"instock","product_retailer_item_id":"5525-laglapp","product_condition":"new"},"_links":{"self":[{"href":"https:\/\/etab.eu\/no\/wp-json\/wp\/v2\/product\/3769","targetHints":{"allow":["GET"]}}],"collection":[{"href":"https:\/\/etab.eu\/no\/wp-json\/wp\/v2\/product"}],"about":[{"href":"https:\/\/etab.eu\/no\/wp-json\/wp\/v2\/types\/product"}],"replies":[{"embeddable":true,"href":"https:\/\/etab.eu\/no\/wp-json\/wp\/v2\/comments?post=3769"}],"wp:featuredmedia":[{"embeddable":true,"href":"https:\/\/etab.eu\/no\/wp-json\/wp\/v2\/media\/3771"}],"wp:attachment":[{"href":"https:\/\/etab.eu\/no\/wp-json\/wp\/v2\/media?parent=3769"}],"wp:term":[{"taxonomy":"product_brand","embeddable":true,"href":"https:\/\/etab.eu\/no\/wp-json\/wp\/v2\/product_brand?post=3769"},{"taxonomy":"product_cat","embeddable":true,"href":"https:\/\/etab.eu\/no\/wp-json\/wp\/v2\/product_cat?post=3769"},{"taxonomy":"product_tag","embeddable":true,"href":"https:\/\/etab.eu\/no\/wp-json\/wp\/v2\/product_tag?post=3769"}],"curies":[{"name":"wp","href":"https:\/\/api.w.org\/{rel}","templated":true}]}}