{"id":3670,"date":"2019-08-13T14:38:29","date_gmt":"2019-08-13T12:38:29","guid":{"rendered":"http:\/\/etab.eu\/no\/?post_type=product&#038;p=3670"},"modified":"2020-05-07T13:07:45","modified_gmt":"2020-05-07T11:07:45","slug":"etab-638-dokumenttejp","status":"publish","type":"product","link":"https:\/\/etab.eu\/no\/produkt\/kontorstejp\/etab-638-dokumenttejp\/","title":{"rendered":"etab 638 &#8211; Dokumenttejp"},"content":{"rendered":"","protected":false},"excerpt":{"rendered":"<p class=\"p1\">etab 638 \u00e4r en dokumenttejp som anv\u00e4nds f\u00f6r lagning av dokument och papper. En genomskinlig tejp med en matt, sl\u00e4t yta som blir osynlig p\u00e5 papper och som ej heller syns vid kopiering. Kan anv\u00e4ndas f\u00f6r m\u00e4rkning d\u00e5 ytan \u00e4r skrivbar. L\u00e4tt att b\u00e5de riva av och hantera.<\/p>\n<p class=\"p1\">Varje rulle f\u00f6rpackad i individuell ask.<\/p>\n","protected":false},"featured_media":3672,"comment_status":"open","ping_status":"closed","template":"","meta":{"_acf_changed":false,"_trash_the_other_posts":false,"editor_notices":[]},"product_brand":[],"product_cat":[391],"product_tag":[],"class_list":{"0":"post-3670","1":"product","2":"type-product","3":"status-publish","4":"has-post-thumbnail","6":"product_cat-kontorstejp","8":"first","9":"instock","10":"shipping-taxable","11":"product-type-variable"},"acf":[],"yoast_head":"<!-- This site is optimized with the Yoast SEO Premium plugin v26.6 (Yoast SEO v26.6) - https:\/\/yoast.com\/wordpress\/plugins\/seo\/ -->\n<title>etab 638 - Dokumenttejp - etab Website - NO<\/title>\n<meta name=\"robots\" content=\"noindex, follow, max-snippet:-1, max-image-preview:large, max-video-preview:-1\" \/>\n<meta property=\"og:locale\" content=\"sv_SE\" \/>\n<meta property=\"og:type\" content=\"article\" \/>\n<meta property=\"og:title\" content=\"etab 638 - Dokumenttejp\" \/>\n<meta property=\"og:description\" content=\"etab 638 \u00e4r en dokumenttejp som anv\u00e4nds f\u00f6r lagning av dokument och papper. En genomskinlig tejp med en matt, sl\u00e4t yta som blir osynlig p\u00e5 papper och som ej heller syns vid kopiering. Kan anv\u00e4ndas f\u00f6r m\u00e4rkning d\u00e5 ytan \u00e4r skrivbar. L\u00e4tt att b\u00e5de riva av och hantera. Varje rulle f\u00f6rpackad i individuell ask.\" \/>\n<meta property=\"og:url\" content=\"https:\/\/etab.eu\/no\/produkt\/kontorstejp\/etab-638-dokumenttejp\/\" \/>\n<meta property=\"og:site_name\" content=\"etab Website - NO\" \/>\n<meta property=\"article:modified_time\" content=\"2020-05-07T11:07:45+00:00\" \/>\n<meta name=\"twitter:card\" content=\"summary_large_image\" \/>\n<meta name=\"twitter:title\" content=\"etab 638 - Dokumenttejp\" \/>\n<meta name=\"twitter:description\" content=\"etab 638 \u00e4r en dokumenttejp som anv\u00e4nds f\u00f6r lagning av dokument och papper. En genomskinlig tejp med en matt yta som blir osynlig p\u00e5 papper.\" \/>\n<meta name=\"twitter:image\" content=\"http:\/\/etab.eu\/no\/wp-content\/uploads\/2019\/08\/etab-638-dokumenttejp-18mm-x-33m-transparent_1_social_share2.jpg\" \/>\n<meta name=\"twitter:label1\" content=\"Availability\" \/>\n\t<meta name=\"twitter:data1\" content=\"In stock\" \/>\n<script type=\"application\/ld+json\" class=\"yoast-schema-graph\">{\"@context\":\"https:\/\/schema.org\",\"@graph\":[{\"@type\":[\"WebPage\",\"ItemPage\"],\"@id\":\"https:\/\/etab.eu\/no\/produkt\/kontorstejp\/etab-638-dokumenttejp\/\",\"url\":\"https:\/\/etab.eu\/no\/produkt\/kontorstejp\/etab-638-dokumenttejp\/\",\"name\":\"etab 638 - Dokumenttejp - etab Website - NO\",\"isPartOf\":{\"@id\":\"https:\/\/etab.eu\/no\/#website\"},\"primaryImageOfPage\":{\"@id\":\"https:\/\/etab.eu\/no\/produkt\/kontorstejp\/etab-638-dokumenttejp\/#primaryimage\"},\"image\":{\"@id\":\"https:\/\/etab.eu\/no\/produkt\/kontorstejp\/etab-638-dokumenttejp\/#primaryimage\"},\"thumbnailUrl\":\"https:\/\/etab.eu\/no\/wp-content\/uploads\/sites\/5\/2019\/08\/etab-638-dokumenttejp-18mm-x-33m-transparent_1.jpg\",\"datePublished\":\"2019-08-13T12:38:29+00:00\",\"dateModified\":\"2020-05-07T11:07:45+00:00\",\"breadcrumb\":{\"@id\":\"https:\/\/etab.eu\/no\/produkt\/kontorstejp\/etab-638-dokumenttejp\/#breadcrumb\"},\"inLanguage\":\"sv-SE\",\"potentialAction\":[{\"@type\":\"ReadAction\",\"target\":[\"https:\/\/etab.eu\/no\/produkt\/kontorstejp\/etab-638-dokumenttejp\/\"]}]},{\"@type\":\"ImageObject\",\"inLanguage\":\"sv-SE\",\"@id\":\"https:\/\/etab.eu\/no\/produkt\/kontorstejp\/etab-638-dokumenttejp\/#primaryimage\",\"url\":\"https:\/\/etab.eu\/no\/wp-content\/uploads\/sites\/5\/2019\/08\/etab-638-dokumenttejp-18mm-x-33m-transparent_1.jpg\",\"contentUrl\":\"https:\/\/etab.eu\/no\/wp-content\/uploads\/sites\/5\/2019\/08\/etab-638-dokumenttejp-18mm-x-33m-transparent_1.jpg\",\"width\":1500,\"height\":1500},{\"@type\":\"BreadcrumbList\",\"@id\":\"https:\/\/etab.eu\/no\/produkt\/kontorstejp\/etab-638-dokumenttejp\/#breadcrumb\",\"itemListElement\":[{\"@type\":\"ListItem\",\"position\":1,\"name\":\"Hem\",\"item\":\"https:\/\/etab.eu\/no\/\"},{\"@type\":\"ListItem\",\"position\":2,\"name\":\"V\u00e5ra produkter\",\"item\":\"https:\/\/etab.eu\/no\/produkter\/\"},{\"@type\":\"ListItem\",\"position\":3,\"name\":\"Kontorstejp\",\"item\":\"https:\/\/etab.eu\/no\/produkt-kategori\/kontorstejp\/\"},{\"@type\":\"ListItem\",\"position\":4,\"name\":\"etab 638 &#8211; Dokumenttejp\"}]},{\"@type\":\"WebSite\",\"@id\":\"https:\/\/etab.eu\/no\/#website\",\"url\":\"https:\/\/etab.eu\/no\/\",\"name\":\"etab Website - NO\",\"description\":\"\",\"potentialAction\":[{\"@type\":\"SearchAction\",\"target\":{\"@type\":\"EntryPoint\",\"urlTemplate\":\"https:\/\/etab.eu\/no\/?s={search_term_string}\"},\"query-input\":{\"@type\":\"PropertyValueSpecification\",\"valueRequired\":true,\"valueName\":\"search_term_string\"}}],\"inLanguage\":\"sv-SE\"}]}<\/script>\n<meta property=\"og:availability\" content=\"instock\" \/>\n<meta property=\"product:availability\" content=\"instock\" \/>\n<meta property=\"product:retailer_item_id\" content=\"638\" \/>\n<meta property=\"product:condition\" content=\"new\" \/>\n<!-- \/ Yoast SEO Premium plugin. -->","yoast_head_json":{"title":"etab 638 - Dokumenttejp - etab Website - NO","robots":{"index":"noindex","follow":"follow","max-snippet":"max-snippet:-1","max-image-preview":"max-image-preview:large","max-video-preview":"max-video-preview:-1"},"og_locale":"sv_SE","og_type":"article","og_title":"etab 638 - Dokumenttejp","og_description":"etab 638 \u00e4r en dokumenttejp som anv\u00e4nds f\u00f6r lagning av dokument och papper. En genomskinlig tejp med en matt, sl\u00e4t yta som blir osynlig p\u00e5 papper och som ej heller syns vid kopiering. Kan anv\u00e4ndas f\u00f6r m\u00e4rkning d\u00e5 ytan \u00e4r skrivbar. L\u00e4tt att b\u00e5de riva av och hantera. Varje rulle f\u00f6rpackad i individuell ask.","og_url":"https:\/\/etab.eu\/no\/produkt\/kontorstejp\/etab-638-dokumenttejp\/","og_site_name":"etab Website - NO","article_modified_time":"2020-05-07T11:07:45+00:00","twitter_card":"summary_large_image","twitter_title":"etab 638 - Dokumenttejp","twitter_description":"etab 638 \u00e4r en dokumenttejp som anv\u00e4nds f\u00f6r lagning av dokument och papper. En genomskinlig tejp med en matt yta som blir osynlig p\u00e5 papper.","twitter_image":"http:\/\/etab.eu\/no\/wp-content\/uploads\/2019\/08\/etab-638-dokumenttejp-18mm-x-33m-transparent_1_social_share2.jpg","twitter_misc":{"Availability":"In stock"},"schema":{"@context":"https:\/\/schema.org","@graph":[{"@type":["WebPage","ItemPage"],"@id":"https:\/\/etab.eu\/no\/produkt\/kontorstejp\/etab-638-dokumenttejp\/","url":"https:\/\/etab.eu\/no\/produkt\/kontorstejp\/etab-638-dokumenttejp\/","name":"etab 638 - Dokumenttejp - etab Website - NO","isPartOf":{"@id":"https:\/\/etab.eu\/no\/#website"},"primaryImageOfPage":{"@id":"https:\/\/etab.eu\/no\/produkt\/kontorstejp\/etab-638-dokumenttejp\/#primaryimage"},"image":{"@id":"https:\/\/etab.eu\/no\/produkt\/kontorstejp\/etab-638-dokumenttejp\/#primaryimage"},"thumbnailUrl":"https:\/\/etab.eu\/no\/wp-content\/uploads\/sites\/5\/2019\/08\/etab-638-dokumenttejp-18mm-x-33m-transparent_1.jpg","datePublished":"2019-08-13T12:38:29+00:00","dateModified":"2020-05-07T11:07:45+00:00","breadcrumb":{"@id":"https:\/\/etab.eu\/no\/produkt\/kontorstejp\/etab-638-dokumenttejp\/#breadcrumb"},"inLanguage":"sv-SE","potentialAction":[{"@type":"ReadAction","target":["https:\/\/etab.eu\/no\/produkt\/kontorstejp\/etab-638-dokumenttejp\/"]}]},{"@type":"ImageObject","inLanguage":"sv-SE","@id":"https:\/\/etab.eu\/no\/produkt\/kontorstejp\/etab-638-dokumenttejp\/#primaryimage","url":"https:\/\/etab.eu\/no\/wp-content\/uploads\/sites\/5\/2019\/08\/etab-638-dokumenttejp-18mm-x-33m-transparent_1.jpg","contentUrl":"https:\/\/etab.eu\/no\/wp-content\/uploads\/sites\/5\/2019\/08\/etab-638-dokumenttejp-18mm-x-33m-transparent_1.jpg","width":1500,"height":1500},{"@type":"BreadcrumbList","@id":"https:\/\/etab.eu\/no\/produkt\/kontorstejp\/etab-638-dokumenttejp\/#breadcrumb","itemListElement":[{"@type":"ListItem","position":1,"name":"Hem","item":"https:\/\/etab.eu\/no\/"},{"@type":"ListItem","position":2,"name":"V\u00e5ra produkter","item":"https:\/\/etab.eu\/no\/produkter\/"},{"@type":"ListItem","position":3,"name":"Kontorstejp","item":"https:\/\/etab.eu\/no\/produkt-kategori\/kontorstejp\/"},{"@type":"ListItem","position":4,"name":"etab 638 &#8211; Dokumenttejp"}]},{"@type":"WebSite","@id":"https:\/\/etab.eu\/no\/#website","url":"https:\/\/etab.eu\/no\/","name":"etab Website - NO","description":"","potentialAction":[{"@type":"SearchAction","target":{"@type":"EntryPoint","urlTemplate":"https:\/\/etab.eu\/no\/?s={search_term_string}"},"query-input":{"@type":"PropertyValueSpecification","valueRequired":true,"valueName":"search_term_string"}}],"inLanguage":"sv-SE"}]},"og_availability":"instock","product_availability":"instock","product_retailer_item_id":"638","product_condition":"new"},"_links":{"self":[{"href":"https:\/\/etab.eu\/no\/wp-json\/wp\/v2\/product\/3670","targetHints":{"allow":["GET"]}}],"collection":[{"href":"https:\/\/etab.eu\/no\/wp-json\/wp\/v2\/product"}],"about":[{"href":"https:\/\/etab.eu\/no\/wp-json\/wp\/v2\/types\/product"}],"replies":[{"embeddable":true,"href":"https:\/\/etab.eu\/no\/wp-json\/wp\/v2\/comments?post=3670"}],"wp:featuredmedia":[{"embeddable":true,"href":"https:\/\/etab.eu\/no\/wp-json\/wp\/v2\/media\/3672"}],"wp:attachment":[{"href":"https:\/\/etab.eu\/no\/wp-json\/wp\/v2\/media?parent=3670"}],"wp:term":[{"taxonomy":"product_brand","embeddable":true,"href":"https:\/\/etab.eu\/no\/wp-json\/wp\/v2\/product_brand?post=3670"},{"taxonomy":"product_cat","embeddable":true,"href":"https:\/\/etab.eu\/no\/wp-json\/wp\/v2\/product_cat?post=3670"},{"taxonomy":"product_tag","embeddable":true,"href":"https:\/\/etab.eu\/no\/wp-json\/wp\/v2\/product_tag?post=3670"}],"curies":[{"name":"wp","href":"https:\/\/api.w.org\/{rel}","templated":true}]}}