{"id":2606,"date":"2018-10-05T10:54:47","date_gmt":"2018-10-05T10:54:47","guid":{"rendered":"http:\/\/etab.eu\/no\/?post_type=product&#038;p=2606"},"modified":"2020-05-08T09:42:14","modified_gmt":"2020-05-08T07:42:14","slug":"c5mt-packsedelskuvert","status":"publish","type":"product","link":"https:\/\/etab.eu\/no\/produkt\/packsedelskuvert\/c5mt-packsedelskuvert\/","title":{"rendered":"etab C5MT &#8211; Packsedels\u00adkuvert"},"content":{"rendered":"","protected":false},"excerpt":{"rendered":"<p>Sj\u00e4lvh\u00e4ftande plastficka av polyeten. F\u00f6r packsedlar m.m.<\/p>\n<p>Transparent med standardtryck &#8216;PACKSEDEL&#8217; p\u00e5 fyra spr\u00e5k.<\/p>\n<p>Finns \u00e4ven som transparent utan tryck.<\/p>\n<p>Innerma\u030att: 230 mm x 160 mm<br \/>\nYtterma\u030att: 240 mm x 185 mm<\/p>\n","protected":false},"featured_media":2607,"comment_status":"open","ping_status":"closed","template":"","meta":{"_acf_changed":false,"_trash_the_other_posts":false,"editor_notices":[]},"product_brand":[],"product_cat":[569,392],"product_tag":[],"class_list":{"0":"post-2606","1":"product","2":"type-product","3":"status-publish","4":"has-post-thumbnail","6":"product_cat-packsedelskuvert","7":"product_cat-emballagetejp","9":"first","10":"instock","11":"shipping-taxable","12":"product-type-variable"},"acf":[],"yoast_head":"<!-- This site is optimized with the Yoast SEO Premium plugin v26.6 (Yoast SEO v26.6) - https:\/\/yoast.com\/wordpress\/plugins\/seo\/ -->\n<title>etab C5MT - Packsedels\u00adkuvert - etab Website - NO<\/title>\n<meta name=\"robots\" content=\"noindex, follow, max-snippet:-1, max-image-preview:large, max-video-preview:-1\" \/>\n<meta property=\"og:locale\" content=\"sv_SE\" \/>\n<meta property=\"og:type\" content=\"article\" \/>\n<meta property=\"og:title\" content=\"etab C5MT - Packsedels\u00adkuvert\" \/>\n<meta property=\"og:description\" content=\"Sj\u00e4lvh\u00e4ftande plastficka av polyeten. F\u00f6r packsedlar m.m. Transparent med standardtryck &#039;PACKSEDEL&#039; p\u00e5 fyra spr\u00e5k. Finns \u00e4ven som transparent utan tryck. Finns \u00e4ven som transparent utan tryck.\" \/>\n<meta property=\"og:url\" content=\"https:\/\/etab.eu\/no\/produkt\/packsedelskuvert\/c5mt-packsedelskuvert\/\" \/>\n<meta property=\"og:site_name\" content=\"etab Website - NO\" \/>\n<meta property=\"article:modified_time\" content=\"2020-05-08T07:42:14+00:00\" \/>\n<meta name=\"twitter:card\" content=\"summary_large_image\" \/>\n<meta name=\"twitter:title\" content=\"etab C5MT - Packsedels\u00adkuvert\" \/>\n<meta name=\"twitter:description\" content=\"Sj\u00e4lvh\u00e4ftande plastficka av polyeten. F\u00f6r packsedlar m.m. Transparent med standardtryck &#039;PACKSEDEL&#039; p\u00e5 fyra spr\u00e5k.\" \/>\n<meta name=\"twitter:image\" content=\"https:\/\/etab.eu\/no\/wp-content\/uploads\/sites\/5\/2018\/10\/etab-C5MT-packsedelkuvert_1.jpg\" \/>\n<meta name=\"twitter:label1\" content=\"Availability\" \/>\n\t<meta name=\"twitter:data1\" content=\"In stock\" \/>\n<script type=\"application\/ld+json\" class=\"yoast-schema-graph\">{\"@context\":\"https:\/\/schema.org\",\"@graph\":[{\"@type\":[\"WebPage\",\"ItemPage\"],\"@id\":\"https:\/\/etab.eu\/no\/produkt\/packsedelskuvert\/c5mt-packsedelskuvert\/\",\"url\":\"https:\/\/etab.eu\/no\/produkt\/packsedelskuvert\/c5mt-packsedelskuvert\/\",\"name\":\"etab C5MT - Packsedels\u00adkuvert - etab Website - NO\",\"isPartOf\":{\"@id\":\"https:\/\/etab.eu\/no\/#website\"},\"primaryImageOfPage\":{\"@id\":\"https:\/\/etab.eu\/no\/produkt\/packsedelskuvert\/c5mt-packsedelskuvert\/#primaryimage\"},\"image\":{\"@id\":\"https:\/\/etab.eu\/no\/produkt\/packsedelskuvert\/c5mt-packsedelskuvert\/#primaryimage\"},\"thumbnailUrl\":\"https:\/\/etab.eu\/no\/wp-content\/uploads\/sites\/5\/2018\/10\/etab-C5MT-packsedelkuvert_1.jpg\",\"datePublished\":\"2018-10-05T10:54:47+00:00\",\"dateModified\":\"2020-05-08T07:42:14+00:00\",\"breadcrumb\":{\"@id\":\"https:\/\/etab.eu\/no\/produkt\/packsedelskuvert\/c5mt-packsedelskuvert\/#breadcrumb\"},\"inLanguage\":\"sv-SE\",\"potentialAction\":[{\"@type\":\"ReadAction\",\"target\":[\"https:\/\/etab.eu\/no\/produkt\/packsedelskuvert\/c5mt-packsedelskuvert\/\"]}]},{\"@type\":\"ImageObject\",\"inLanguage\":\"sv-SE\",\"@id\":\"https:\/\/etab.eu\/no\/produkt\/packsedelskuvert\/c5mt-packsedelskuvert\/#primaryimage\",\"url\":\"https:\/\/etab.eu\/no\/wp-content\/uploads\/sites\/5\/2018\/10\/etab-C5MT-packsedelkuvert_1.jpg\",\"contentUrl\":\"https:\/\/etab.eu\/no\/wp-content\/uploads\/sites\/5\/2018\/10\/etab-C5MT-packsedelkuvert_1.jpg\",\"width\":1500,\"height\":1500},{\"@type\":\"BreadcrumbList\",\"@id\":\"https:\/\/etab.eu\/no\/produkt\/packsedelskuvert\/c5mt-packsedelskuvert\/#breadcrumb\",\"itemListElement\":[{\"@type\":\"ListItem\",\"position\":1,\"name\":\"Hem\",\"item\":\"https:\/\/etab.eu\/no\/\"},{\"@type\":\"ListItem\",\"position\":2,\"name\":\"V\u00e5ra produkter\",\"item\":\"https:\/\/etab.eu\/no\/produkter\/\"},{\"@type\":\"ListItem\",\"position\":3,\"name\":\"Packsedelskuvert\",\"item\":\"https:\/\/etab.eu\/no\/produkt-kategori\/packsedelskuvert\/\"},{\"@type\":\"ListItem\",\"position\":4,\"name\":\"etab C5MT &#8211; Packsedels\u00adkuvert\"}]},{\"@type\":\"WebSite\",\"@id\":\"https:\/\/etab.eu\/no\/#website\",\"url\":\"https:\/\/etab.eu\/no\/\",\"name\":\"etab Website - NO\",\"description\":\"\",\"potentialAction\":[{\"@type\":\"SearchAction\",\"target\":{\"@type\":\"EntryPoint\",\"urlTemplate\":\"https:\/\/etab.eu\/no\/?s={search_term_string}\"},\"query-input\":{\"@type\":\"PropertyValueSpecification\",\"valueRequired\":true,\"valueName\":\"search_term_string\"}}],\"inLanguage\":\"sv-SE\"}]}<\/script>\n<meta property=\"og:availability\" content=\"instock\" \/>\n<meta property=\"product:availability\" content=\"instock\" \/>\n<meta property=\"product:retailer_item_id\" content=\"C5MT\" \/>\n<meta property=\"product:condition\" content=\"new\" \/>\n<!-- \/ Yoast SEO Premium plugin. -->","yoast_head_json":{"title":"etab C5MT - Packsedels\u00adkuvert - etab Website - NO","robots":{"index":"noindex","follow":"follow","max-snippet":"max-snippet:-1","max-image-preview":"max-image-preview:large","max-video-preview":"max-video-preview:-1"},"og_locale":"sv_SE","og_type":"article","og_title":"etab C5MT - Packsedels\u00adkuvert","og_description":"Sj\u00e4lvh\u00e4ftande plastficka av polyeten. F\u00f6r packsedlar m.m. Transparent med standardtryck 'PACKSEDEL' p\u00e5 fyra spr\u00e5k. Finns \u00e4ven som transparent utan tryck. Finns \u00e4ven som transparent utan tryck.","og_url":"https:\/\/etab.eu\/no\/produkt\/packsedelskuvert\/c5mt-packsedelskuvert\/","og_site_name":"etab Website - NO","article_modified_time":"2020-05-08T07:42:14+00:00","twitter_card":"summary_large_image","twitter_title":"etab C5MT - Packsedels\u00adkuvert","twitter_description":"Sj\u00e4lvh\u00e4ftande plastficka av polyeten. F\u00f6r packsedlar m.m. Transparent med standardtryck 'PACKSEDEL' p\u00e5 fyra spr\u00e5k.","twitter_image":"https:\/\/etab.eu\/no\/wp-content\/uploads\/sites\/5\/2018\/10\/etab-C5MT-packsedelkuvert_1.jpg","twitter_misc":{"Availability":"In stock"},"schema":{"@context":"https:\/\/schema.org","@graph":[{"@type":["WebPage","ItemPage"],"@id":"https:\/\/etab.eu\/no\/produkt\/packsedelskuvert\/c5mt-packsedelskuvert\/","url":"https:\/\/etab.eu\/no\/produkt\/packsedelskuvert\/c5mt-packsedelskuvert\/","name":"etab C5MT - Packsedels\u00adkuvert - etab Website - NO","isPartOf":{"@id":"https:\/\/etab.eu\/no\/#website"},"primaryImageOfPage":{"@id":"https:\/\/etab.eu\/no\/produkt\/packsedelskuvert\/c5mt-packsedelskuvert\/#primaryimage"},"image":{"@id":"https:\/\/etab.eu\/no\/produkt\/packsedelskuvert\/c5mt-packsedelskuvert\/#primaryimage"},"thumbnailUrl":"https:\/\/etab.eu\/no\/wp-content\/uploads\/sites\/5\/2018\/10\/etab-C5MT-packsedelkuvert_1.jpg","datePublished":"2018-10-05T10:54:47+00:00","dateModified":"2020-05-08T07:42:14+00:00","breadcrumb":{"@id":"https:\/\/etab.eu\/no\/produkt\/packsedelskuvert\/c5mt-packsedelskuvert\/#breadcrumb"},"inLanguage":"sv-SE","potentialAction":[{"@type":"ReadAction","target":["https:\/\/etab.eu\/no\/produkt\/packsedelskuvert\/c5mt-packsedelskuvert\/"]}]},{"@type":"ImageObject","inLanguage":"sv-SE","@id":"https:\/\/etab.eu\/no\/produkt\/packsedelskuvert\/c5mt-packsedelskuvert\/#primaryimage","url":"https:\/\/etab.eu\/no\/wp-content\/uploads\/sites\/5\/2018\/10\/etab-C5MT-packsedelkuvert_1.jpg","contentUrl":"https:\/\/etab.eu\/no\/wp-content\/uploads\/sites\/5\/2018\/10\/etab-C5MT-packsedelkuvert_1.jpg","width":1500,"height":1500},{"@type":"BreadcrumbList","@id":"https:\/\/etab.eu\/no\/produkt\/packsedelskuvert\/c5mt-packsedelskuvert\/#breadcrumb","itemListElement":[{"@type":"ListItem","position":1,"name":"Hem","item":"https:\/\/etab.eu\/no\/"},{"@type":"ListItem","position":2,"name":"V\u00e5ra produkter","item":"https:\/\/etab.eu\/no\/produkter\/"},{"@type":"ListItem","position":3,"name":"Packsedelskuvert","item":"https:\/\/etab.eu\/no\/produkt-kategori\/packsedelskuvert\/"},{"@type":"ListItem","position":4,"name":"etab C5MT &#8211; Packsedels\u00adkuvert"}]},{"@type":"WebSite","@id":"https:\/\/etab.eu\/no\/#website","url":"https:\/\/etab.eu\/no\/","name":"etab Website - NO","description":"","potentialAction":[{"@type":"SearchAction","target":{"@type":"EntryPoint","urlTemplate":"https:\/\/etab.eu\/no\/?s={search_term_string}"},"query-input":{"@type":"PropertyValueSpecification","valueRequired":true,"valueName":"search_term_string"}}],"inLanguage":"sv-SE"}]},"og_availability":"instock","product_availability":"instock","product_retailer_item_id":"C5MT","product_condition":"new"},"_links":{"self":[{"href":"https:\/\/etab.eu\/no\/wp-json\/wp\/v2\/product\/2606","targetHints":{"allow":["GET"]}}],"collection":[{"href":"https:\/\/etab.eu\/no\/wp-json\/wp\/v2\/product"}],"about":[{"href":"https:\/\/etab.eu\/no\/wp-json\/wp\/v2\/types\/product"}],"replies":[{"embeddable":true,"href":"https:\/\/etab.eu\/no\/wp-json\/wp\/v2\/comments?post=2606"}],"wp:featuredmedia":[{"embeddable":true,"href":"https:\/\/etab.eu\/no\/wp-json\/wp\/v2\/media\/2607"}],"wp:attachment":[{"href":"https:\/\/etab.eu\/no\/wp-json\/wp\/v2\/media?parent=2606"}],"wp:term":[{"taxonomy":"product_brand","embeddable":true,"href":"https:\/\/etab.eu\/no\/wp-json\/wp\/v2\/product_brand?post=2606"},{"taxonomy":"product_cat","embeddable":true,"href":"https:\/\/etab.eu\/no\/wp-json\/wp\/v2\/product_cat?post=2606"},{"taxonomy":"product_tag","embeddable":true,"href":"https:\/\/etab.eu\/no\/wp-json\/wp\/v2\/product_tag?post=2606"}],"curies":[{"name":"wp","href":"https:\/\/api.w.org\/{rel}","templated":true}]}}