{"id":2487,"date":"2018-10-03T10:21:53","date_gmt":"2018-10-03T10:21:53","guid":{"rendered":"http:\/\/etab.eu\/no\/?post_type=product&#038;p=2487"},"modified":"2020-05-07T13:02:11","modified_gmt":"2020-05-07T11:02:11","slug":"565-packtejp-pp","status":"publish","type":"product","link":"https:\/\/etab.eu\/no\/produkt\/packtejp\/565-packtejp-pp\/","title":{"rendered":"etab 565 &#8211; Packtejp PPA"},"content":{"rendered":"","protected":false},"excerpt":{"rendered":"<p>Extra tjock PP-film med extra mycket h\u00e4ft\u00e4mne. Tyst och smidig avrullning. Extra h\u00f6g h\u00e4ftf\u00f6rm\u00e5ga. L\u00e4ttavrullad. Tryckbar.<\/p>\n<p>F\u00f6r kartongf\u00f6rslutning, emballering, fasth\u00e5llning.<\/p>\n","protected":false},"featured_media":2488,"comment_status":"open","ping_status":"closed","template":"","meta":{"_acf_changed":false,"_trash_the_other_posts":false,"editor_notices":[]},"product_brand":[],"product_cat":[549,392],"product_tag":[],"class_list":{"0":"post-2487","1":"product","2":"type-product","3":"status-publish","4":"has-post-thumbnail","6":"product_cat-packtejp","7":"product_cat-emballagetejp","9":"first","10":"instock","11":"shipping-taxable","12":"product-type-variable"},"acf":[],"yoast_head":"<!-- This site is optimized with the Yoast SEO Premium plugin v26.6 (Yoast SEO v26.6) - https:\/\/yoast.com\/wordpress\/plugins\/seo\/ -->\n<title>etab 565 - Packtejp PPA - etab Website - NO<\/title>\n<meta name=\"robots\" content=\"noindex, follow, max-snippet:-1, max-image-preview:large, max-video-preview:-1\" \/>\n<meta property=\"og:locale\" content=\"sv_SE\" \/>\n<meta property=\"og:type\" content=\"article\" \/>\n<meta property=\"og:title\" content=\"etab 565 - Packtejp PPA\" \/>\n<meta property=\"og:description\" content=\"Extra tjock PP-film med extra mycket h\u00e4ft\u00e4mne. Tyst och smidig avrullning. Extra h\u00f6g h\u00e4ftf\u00f6rm\u00e5ga. L\u00e4ttavrullad. Tryckbar. F\u00f6r kartongf\u00f6rslutning, emballering, fasth\u00e5llning.\" \/>\n<meta property=\"og:url\" content=\"https:\/\/etab.eu\/no\/produkt\/packtejp\/565-packtejp-pp\/\" \/>\n<meta property=\"og:site_name\" content=\"etab Website - NO\" \/>\n<meta property=\"article:modified_time\" content=\"2020-05-07T11:02:11+00:00\" \/>\n<meta name=\"twitter:card\" content=\"summary_large_image\" \/>\n<meta name=\"twitter:title\" content=\"etab 565 - Packtejp PPA\" \/>\n<meta name=\"twitter:description\" content=\"Extra tjock PP-film med extra mycket h\u00e4ft\u00e4mne. Tyst och smidig avrullning. Extra h\u00f6g h\u00e4ftf\u00f6rm\u00e5ga. L\u00e4ttavrullad. Tryckbar. F\u00f6r bl.a. kartongf\u00f6rslutning.\" \/>\n<meta name=\"twitter:image\" content=\"https:\/\/etab.eu\/no\/wp-content\/uploads\/sites\/5\/2018\/10\/etab-565-packtejp-pp-50mm-x-66m-transparent_2.jpg\" \/>\n<meta name=\"twitter:label1\" content=\"Availability\" \/>\n\t<meta name=\"twitter:data1\" content=\"In stock\" \/>\n<script type=\"application\/ld+json\" class=\"yoast-schema-graph\">{\"@context\":\"https:\/\/schema.org\",\"@graph\":[{\"@type\":[\"WebPage\",\"ItemPage\"],\"@id\":\"https:\/\/etab.eu\/no\/produkt\/packtejp\/565-packtejp-pp\/\",\"url\":\"https:\/\/etab.eu\/no\/produkt\/packtejp\/565-packtejp-pp\/\",\"name\":\"etab 565 - Packtejp PPA - etab Website - NO\",\"isPartOf\":{\"@id\":\"https:\/\/etab.eu\/no\/#website\"},\"primaryImageOfPage\":{\"@id\":\"https:\/\/etab.eu\/no\/produkt\/packtejp\/565-packtejp-pp\/#primaryimage\"},\"image\":{\"@id\":\"https:\/\/etab.eu\/no\/produkt\/packtejp\/565-packtejp-pp\/#primaryimage\"},\"thumbnailUrl\":\"https:\/\/etab.eu\/no\/wp-content\/uploads\/sites\/5\/2018\/10\/etab-565-packtejp-pp-50mm-x-66m-transparent_2.jpg\",\"datePublished\":\"2018-10-03T10:21:53+00:00\",\"dateModified\":\"2020-05-07T11:02:11+00:00\",\"breadcrumb\":{\"@id\":\"https:\/\/etab.eu\/no\/produkt\/packtejp\/565-packtejp-pp\/#breadcrumb\"},\"inLanguage\":\"sv-SE\",\"potentialAction\":[{\"@type\":\"ReadAction\",\"target\":[\"https:\/\/etab.eu\/no\/produkt\/packtejp\/565-packtejp-pp\/\"]}]},{\"@type\":\"ImageObject\",\"inLanguage\":\"sv-SE\",\"@id\":\"https:\/\/etab.eu\/no\/produkt\/packtejp\/565-packtejp-pp\/#primaryimage\",\"url\":\"https:\/\/etab.eu\/no\/wp-content\/uploads\/sites\/5\/2018\/10\/etab-565-packtejp-pp-50mm-x-66m-transparent_2.jpg\",\"contentUrl\":\"https:\/\/etab.eu\/no\/wp-content\/uploads\/sites\/5\/2018\/10\/etab-565-packtejp-pp-50mm-x-66m-transparent_2.jpg\",\"width\":1500,\"height\":1500},{\"@type\":\"BreadcrumbList\",\"@id\":\"https:\/\/etab.eu\/no\/produkt\/packtejp\/565-packtejp-pp\/#breadcrumb\",\"itemListElement\":[{\"@type\":\"ListItem\",\"position\":1,\"name\":\"Hem\",\"item\":\"https:\/\/etab.eu\/no\/\"},{\"@type\":\"ListItem\",\"position\":2,\"name\":\"V\u00e5ra produkter\",\"item\":\"https:\/\/etab.eu\/no\/produkter\/\"},{\"@type\":\"ListItem\",\"position\":3,\"name\":\"Packtejp\",\"item\":\"https:\/\/etab.eu\/no\/produkt-kategori\/packtejp\/\"},{\"@type\":\"ListItem\",\"position\":4,\"name\":\"etab 565 &#8211; Packtejp PPA\"}]},{\"@type\":\"WebSite\",\"@id\":\"https:\/\/etab.eu\/no\/#website\",\"url\":\"https:\/\/etab.eu\/no\/\",\"name\":\"etab Website - NO\",\"description\":\"\",\"potentialAction\":[{\"@type\":\"SearchAction\",\"target\":{\"@type\":\"EntryPoint\",\"urlTemplate\":\"https:\/\/etab.eu\/no\/?s={search_term_string}\"},\"query-input\":{\"@type\":\"PropertyValueSpecification\",\"valueRequired\":true,\"valueName\":\"search_term_string\"}}],\"inLanguage\":\"sv-SE\"}]}<\/script>\n<meta property=\"og:availability\" content=\"instock\" \/>\n<meta property=\"product:availability\" content=\"instock\" \/>\n<meta property=\"product:retailer_item_id\" content=\"565\" \/>\n<meta property=\"product:condition\" content=\"new\" \/>\n<!-- \/ Yoast SEO Premium plugin. -->","yoast_head_json":{"title":"etab 565 - Packtejp PPA - etab Website - NO","robots":{"index":"noindex","follow":"follow","max-snippet":"max-snippet:-1","max-image-preview":"max-image-preview:large","max-video-preview":"max-video-preview:-1"},"og_locale":"sv_SE","og_type":"article","og_title":"etab 565 - Packtejp PPA","og_description":"Extra tjock PP-film med extra mycket h\u00e4ft\u00e4mne. Tyst och smidig avrullning. Extra h\u00f6g h\u00e4ftf\u00f6rm\u00e5ga. L\u00e4ttavrullad. Tryckbar. F\u00f6r kartongf\u00f6rslutning, emballering, fasth\u00e5llning.","og_url":"https:\/\/etab.eu\/no\/produkt\/packtejp\/565-packtejp-pp\/","og_site_name":"etab Website - NO","article_modified_time":"2020-05-07T11:02:11+00:00","twitter_card":"summary_large_image","twitter_title":"etab 565 - Packtejp PPA","twitter_description":"Extra tjock PP-film med extra mycket h\u00e4ft\u00e4mne. Tyst och smidig avrullning. Extra h\u00f6g h\u00e4ftf\u00f6rm\u00e5ga. L\u00e4ttavrullad. Tryckbar. F\u00f6r bl.a. kartongf\u00f6rslutning.","twitter_image":"https:\/\/etab.eu\/no\/wp-content\/uploads\/sites\/5\/2018\/10\/etab-565-packtejp-pp-50mm-x-66m-transparent_2.jpg","twitter_misc":{"Availability":"In stock"},"schema":{"@context":"https:\/\/schema.org","@graph":[{"@type":["WebPage","ItemPage"],"@id":"https:\/\/etab.eu\/no\/produkt\/packtejp\/565-packtejp-pp\/","url":"https:\/\/etab.eu\/no\/produkt\/packtejp\/565-packtejp-pp\/","name":"etab 565 - Packtejp PPA - etab Website - NO","isPartOf":{"@id":"https:\/\/etab.eu\/no\/#website"},"primaryImageOfPage":{"@id":"https:\/\/etab.eu\/no\/produkt\/packtejp\/565-packtejp-pp\/#primaryimage"},"image":{"@id":"https:\/\/etab.eu\/no\/produkt\/packtejp\/565-packtejp-pp\/#primaryimage"},"thumbnailUrl":"https:\/\/etab.eu\/no\/wp-content\/uploads\/sites\/5\/2018\/10\/etab-565-packtejp-pp-50mm-x-66m-transparent_2.jpg","datePublished":"2018-10-03T10:21:53+00:00","dateModified":"2020-05-07T11:02:11+00:00","breadcrumb":{"@id":"https:\/\/etab.eu\/no\/produkt\/packtejp\/565-packtejp-pp\/#breadcrumb"},"inLanguage":"sv-SE","potentialAction":[{"@type":"ReadAction","target":["https:\/\/etab.eu\/no\/produkt\/packtejp\/565-packtejp-pp\/"]}]},{"@type":"ImageObject","inLanguage":"sv-SE","@id":"https:\/\/etab.eu\/no\/produkt\/packtejp\/565-packtejp-pp\/#primaryimage","url":"https:\/\/etab.eu\/no\/wp-content\/uploads\/sites\/5\/2018\/10\/etab-565-packtejp-pp-50mm-x-66m-transparent_2.jpg","contentUrl":"https:\/\/etab.eu\/no\/wp-content\/uploads\/sites\/5\/2018\/10\/etab-565-packtejp-pp-50mm-x-66m-transparent_2.jpg","width":1500,"height":1500},{"@type":"BreadcrumbList","@id":"https:\/\/etab.eu\/no\/produkt\/packtejp\/565-packtejp-pp\/#breadcrumb","itemListElement":[{"@type":"ListItem","position":1,"name":"Hem","item":"https:\/\/etab.eu\/no\/"},{"@type":"ListItem","position":2,"name":"V\u00e5ra produkter","item":"https:\/\/etab.eu\/no\/produkter\/"},{"@type":"ListItem","position":3,"name":"Packtejp","item":"https:\/\/etab.eu\/no\/produkt-kategori\/packtejp\/"},{"@type":"ListItem","position":4,"name":"etab 565 &#8211; Packtejp PPA"}]},{"@type":"WebSite","@id":"https:\/\/etab.eu\/no\/#website","url":"https:\/\/etab.eu\/no\/","name":"etab Website - NO","description":"","potentialAction":[{"@type":"SearchAction","target":{"@type":"EntryPoint","urlTemplate":"https:\/\/etab.eu\/no\/?s={search_term_string}"},"query-input":{"@type":"PropertyValueSpecification","valueRequired":true,"valueName":"search_term_string"}}],"inLanguage":"sv-SE"}]},"og_availability":"instock","product_availability":"instock","product_retailer_item_id":"565","product_condition":"new"},"_links":{"self":[{"href":"https:\/\/etab.eu\/no\/wp-json\/wp\/v2\/product\/2487","targetHints":{"allow":["GET"]}}],"collection":[{"href":"https:\/\/etab.eu\/no\/wp-json\/wp\/v2\/product"}],"about":[{"href":"https:\/\/etab.eu\/no\/wp-json\/wp\/v2\/types\/product"}],"replies":[{"embeddable":true,"href":"https:\/\/etab.eu\/no\/wp-json\/wp\/v2\/comments?post=2487"}],"wp:featuredmedia":[{"embeddable":true,"href":"https:\/\/etab.eu\/no\/wp-json\/wp\/v2\/media\/2488"}],"wp:attachment":[{"href":"https:\/\/etab.eu\/no\/wp-json\/wp\/v2\/media?parent=2487"}],"wp:term":[{"taxonomy":"product_brand","embeddable":true,"href":"https:\/\/etab.eu\/no\/wp-json\/wp\/v2\/product_brand?post=2487"},{"taxonomy":"product_cat","embeddable":true,"href":"https:\/\/etab.eu\/no\/wp-json\/wp\/v2\/product_cat?post=2487"},{"taxonomy":"product_tag","embeddable":true,"href":"https:\/\/etab.eu\/no\/wp-json\/wp\/v2\/product_tag?post=2487"}],"curies":[{"name":"wp","href":"https:\/\/api.w.org\/{rel}","templated":true}]}}