{"id":1729,"date":"2018-08-30T13:02:16","date_gmt":"2018-08-30T13:02:16","guid":{"rendered":"http:\/\/etab.eu\/no\/?post_type=product&#038;p=1729"},"modified":"2020-12-01T13:11:02","modified_gmt":"2020-12-01T11:11:02","slug":"242k-packtejp-pvc","status":"publish","type":"product","link":"https:\/\/etab.eu\/no\/produkt\/packtejp\/242k-packtejp-pvc\/","title":{"rendered":"etab 242 &#8211; Packtejp PVC"},"content":{"rendered":"","protected":false},"excerpt":{"rendered":"<p>Inf\u00e4rgad PVC-film med sl\u00e4t yta och vitt gummibaserat h\u00e4ft\u00e4mne. Stark, seg och slagt\u00e5lig. Fukts\u00e4ker. God h\u00e4ftf\u00f6rm\u00e5ga. L\u00e4gre t\u00f6jning \u00e4n PP-tejp. Tryckbar.<\/p>\n<p>F\u00f6r kartongf\u00f6rslutning, emballering, fasth\u00e5llning samt f\u00e4rgmarkering.<\/p>\n<p>Idealisk f\u00f6r anv\u00e4ndning tillsammans med p\u00e5sf\u00f6rslutande tejph\u00e5llare <a href=\"https:\/\/etab.eu\/no\/produkt\/e7r-tejphallare-pasforslutare\/\">etab E7R<\/a>.<\/p>\n","protected":false},"featured_media":4563,"comment_status":"open","ping_status":"closed","template":"","meta":{"_acf_changed":false,"_trash_the_other_posts":false,"editor_notices":[]},"product_brand":[],"product_cat":[549,392],"product_tag":[],"class_list":{"0":"post-1729","1":"product","2":"type-product","3":"status-publish","4":"has-post-thumbnail","6":"product_cat-packtejp","7":"product_cat-emballagetejp","9":"first","10":"instock","11":"shipping-taxable","12":"product-type-variable"},"acf":[],"yoast_head":"<!-- This site is optimized with the Yoast SEO Premium plugin v26.6 (Yoast SEO v26.6) - https:\/\/yoast.com\/wordpress\/plugins\/seo\/ -->\n<title>etab 242 - Packtejp PVC - etab Website - NO<\/title>\n<meta name=\"robots\" content=\"noindex, follow, max-snippet:-1, max-image-preview:large, max-video-preview:-1\" \/>\n<meta property=\"og:locale\" content=\"sv_SE\" \/>\n<meta property=\"og:type\" content=\"article\" \/>\n<meta property=\"og:title\" content=\"etab 242 - Packtejp PVC\" \/>\n<meta property=\"og:description\" content=\"Inf\u00e4rgad PVC-film med sl\u00e4t yta och vitt gummibaserat h\u00e4ft\u00e4mne. Stark, seg och slagt\u00e5lig. Fukts\u00e4ker. God h\u00e4ftf\u00f6rm\u00e5ga. L\u00e4gre t\u00f6jning \u00e4n PP-tejp. Tryckbar. F\u00f6r kartongf\u00f6rslutning, emballering, fasth\u00e5llning samt f\u00e4rgmarkering. Idealisk f\u00f6r anv\u00e4ndning tillsammans med p\u00e5sf\u00f6rslutande tejph\u00e5llare etab E7R.\" \/>\n<meta property=\"og:url\" content=\"https:\/\/etab.eu\/no\/produkt\/packtejp\/242k-packtejp-pvc\/\" \/>\n<meta property=\"og:site_name\" content=\"etab Website - NO\" \/>\n<meta property=\"article:modified_time\" content=\"2020-12-01T11:11:02+00:00\" \/>\n<meta name=\"twitter:card\" content=\"summary_large_image\" \/>\n<meta name=\"twitter:title\" content=\"etab 242 - Packtejp PVC\" \/>\n<meta name=\"twitter:description\" content=\"Inf\u00e4rgad PVC-film med sl\u00e4t yta och vitt gummibaserat h\u00e4ft\u00e4mne. Stark, seg och slagt\u00e5lig. Fukts\u00e4ker. God h\u00e4ftf\u00f6rm\u00e5ga. L\u00e4gre t\u00f6jning \u00e4n PP-tejp.\" \/>\n<meta name=\"twitter:image\" content=\"https:\/\/etab.eu\/no\/wp-content\/uploads\/sites\/5\/2018\/08\/etab-242K-packtejp-pvc-9mm-x-66m-gron_1.jpg\" \/>\n<meta name=\"twitter:label1\" content=\"Availability\" \/>\n\t<meta name=\"twitter:data1\" content=\"In stock\" \/>\n<script type=\"application\/ld+json\" class=\"yoast-schema-graph\">{\"@context\":\"https:\/\/schema.org\",\"@graph\":[{\"@type\":[\"WebPage\",\"ItemPage\"],\"@id\":\"https:\/\/etab.eu\/no\/produkt\/packtejp\/242k-packtejp-pvc\/\",\"url\":\"https:\/\/etab.eu\/no\/produkt\/packtejp\/242k-packtejp-pvc\/\",\"name\":\"etab 242 - Packtejp PVC - etab Website - NO\",\"isPartOf\":{\"@id\":\"https:\/\/etab.eu\/no\/#website\"},\"primaryImageOfPage\":{\"@id\":\"https:\/\/etab.eu\/no\/produkt\/packtejp\/242k-packtejp-pvc\/#primaryimage\"},\"image\":{\"@id\":\"https:\/\/etab.eu\/no\/produkt\/packtejp\/242k-packtejp-pvc\/#primaryimage\"},\"thumbnailUrl\":\"https:\/\/etab.eu\/no\/wp-content\/uploads\/sites\/5\/2018\/08\/etab-242K-packtejp-pvc-9mm-x-66m-gron_1.jpg\",\"datePublished\":\"2018-08-30T13:02:16+00:00\",\"dateModified\":\"2020-12-01T11:11:02+00:00\",\"breadcrumb\":{\"@id\":\"https:\/\/etab.eu\/no\/produkt\/packtejp\/242k-packtejp-pvc\/#breadcrumb\"},\"inLanguage\":\"sv-SE\",\"potentialAction\":[{\"@type\":\"ReadAction\",\"target\":[\"https:\/\/etab.eu\/no\/produkt\/packtejp\/242k-packtejp-pvc\/\"]}]},{\"@type\":\"ImageObject\",\"inLanguage\":\"sv-SE\",\"@id\":\"https:\/\/etab.eu\/no\/produkt\/packtejp\/242k-packtejp-pvc\/#primaryimage\",\"url\":\"https:\/\/etab.eu\/no\/wp-content\/uploads\/sites\/5\/2018\/08\/etab-242K-packtejp-pvc-9mm-x-66m-gron_1.jpg\",\"contentUrl\":\"https:\/\/etab.eu\/no\/wp-content\/uploads\/sites\/5\/2018\/08\/etab-242K-packtejp-pvc-9mm-x-66m-gron_1.jpg\",\"width\":1500,\"height\":1500},{\"@type\":\"BreadcrumbList\",\"@id\":\"https:\/\/etab.eu\/no\/produkt\/packtejp\/242k-packtejp-pvc\/#breadcrumb\",\"itemListElement\":[{\"@type\":\"ListItem\",\"position\":1,\"name\":\"Hem\",\"item\":\"https:\/\/etab.eu\/no\/\"},{\"@type\":\"ListItem\",\"position\":2,\"name\":\"V\u00e5ra produkter\",\"item\":\"https:\/\/etab.eu\/no\/produkter\/\"},{\"@type\":\"ListItem\",\"position\":3,\"name\":\"Packtejp\",\"item\":\"https:\/\/etab.eu\/no\/produkt-kategori\/packtejp\/\"},{\"@type\":\"ListItem\",\"position\":4,\"name\":\"etab 242 &#8211; Packtejp PVC\"}]},{\"@type\":\"WebSite\",\"@id\":\"https:\/\/etab.eu\/no\/#website\",\"url\":\"https:\/\/etab.eu\/no\/\",\"name\":\"etab Website - NO\",\"description\":\"\",\"potentialAction\":[{\"@type\":\"SearchAction\",\"target\":{\"@type\":\"EntryPoint\",\"urlTemplate\":\"https:\/\/etab.eu\/no\/?s={search_term_string}\"},\"query-input\":{\"@type\":\"PropertyValueSpecification\",\"valueRequired\":true,\"valueName\":\"search_term_string\"}}],\"inLanguage\":\"sv-SE\"}]}<\/script>\n<meta property=\"og:availability\" content=\"instock\" \/>\n<meta property=\"product:availability\" content=\"instock\" \/>\n<meta property=\"product:retailer_item_id\" content=\"242K\" \/>\n<meta property=\"product:condition\" content=\"new\" \/>\n<!-- \/ Yoast SEO Premium plugin. -->","yoast_head_json":{"title":"etab 242 - Packtejp PVC - etab Website - NO","robots":{"index":"noindex","follow":"follow","max-snippet":"max-snippet:-1","max-image-preview":"max-image-preview:large","max-video-preview":"max-video-preview:-1"},"og_locale":"sv_SE","og_type":"article","og_title":"etab 242 - Packtejp PVC","og_description":"Inf\u00e4rgad PVC-film med sl\u00e4t yta och vitt gummibaserat h\u00e4ft\u00e4mne. Stark, seg och slagt\u00e5lig. Fukts\u00e4ker. God h\u00e4ftf\u00f6rm\u00e5ga. L\u00e4gre t\u00f6jning \u00e4n PP-tejp. Tryckbar. F\u00f6r kartongf\u00f6rslutning, emballering, fasth\u00e5llning samt f\u00e4rgmarkering. Idealisk f\u00f6r anv\u00e4ndning tillsammans med p\u00e5sf\u00f6rslutande tejph\u00e5llare etab E7R.","og_url":"https:\/\/etab.eu\/no\/produkt\/packtejp\/242k-packtejp-pvc\/","og_site_name":"etab Website - NO","article_modified_time":"2020-12-01T11:11:02+00:00","twitter_card":"summary_large_image","twitter_title":"etab 242 - Packtejp PVC","twitter_description":"Inf\u00e4rgad PVC-film med sl\u00e4t yta och vitt gummibaserat h\u00e4ft\u00e4mne. Stark, seg och slagt\u00e5lig. Fukts\u00e4ker. God h\u00e4ftf\u00f6rm\u00e5ga. L\u00e4gre t\u00f6jning \u00e4n PP-tejp.","twitter_image":"https:\/\/etab.eu\/no\/wp-content\/uploads\/sites\/5\/2018\/08\/etab-242K-packtejp-pvc-9mm-x-66m-gron_1.jpg","twitter_misc":{"Availability":"In stock"},"schema":{"@context":"https:\/\/schema.org","@graph":[{"@type":["WebPage","ItemPage"],"@id":"https:\/\/etab.eu\/no\/produkt\/packtejp\/242k-packtejp-pvc\/","url":"https:\/\/etab.eu\/no\/produkt\/packtejp\/242k-packtejp-pvc\/","name":"etab 242 - Packtejp PVC - etab Website - NO","isPartOf":{"@id":"https:\/\/etab.eu\/no\/#website"},"primaryImageOfPage":{"@id":"https:\/\/etab.eu\/no\/produkt\/packtejp\/242k-packtejp-pvc\/#primaryimage"},"image":{"@id":"https:\/\/etab.eu\/no\/produkt\/packtejp\/242k-packtejp-pvc\/#primaryimage"},"thumbnailUrl":"https:\/\/etab.eu\/no\/wp-content\/uploads\/sites\/5\/2018\/08\/etab-242K-packtejp-pvc-9mm-x-66m-gron_1.jpg","datePublished":"2018-08-30T13:02:16+00:00","dateModified":"2020-12-01T11:11:02+00:00","breadcrumb":{"@id":"https:\/\/etab.eu\/no\/produkt\/packtejp\/242k-packtejp-pvc\/#breadcrumb"},"inLanguage":"sv-SE","potentialAction":[{"@type":"ReadAction","target":["https:\/\/etab.eu\/no\/produkt\/packtejp\/242k-packtejp-pvc\/"]}]},{"@type":"ImageObject","inLanguage":"sv-SE","@id":"https:\/\/etab.eu\/no\/produkt\/packtejp\/242k-packtejp-pvc\/#primaryimage","url":"https:\/\/etab.eu\/no\/wp-content\/uploads\/sites\/5\/2018\/08\/etab-242K-packtejp-pvc-9mm-x-66m-gron_1.jpg","contentUrl":"https:\/\/etab.eu\/no\/wp-content\/uploads\/sites\/5\/2018\/08\/etab-242K-packtejp-pvc-9mm-x-66m-gron_1.jpg","width":1500,"height":1500},{"@type":"BreadcrumbList","@id":"https:\/\/etab.eu\/no\/produkt\/packtejp\/242k-packtejp-pvc\/#breadcrumb","itemListElement":[{"@type":"ListItem","position":1,"name":"Hem","item":"https:\/\/etab.eu\/no\/"},{"@type":"ListItem","position":2,"name":"V\u00e5ra produkter","item":"https:\/\/etab.eu\/no\/produkter\/"},{"@type":"ListItem","position":3,"name":"Packtejp","item":"https:\/\/etab.eu\/no\/produkt-kategori\/packtejp\/"},{"@type":"ListItem","position":4,"name":"etab 242 &#8211; Packtejp PVC"}]},{"@type":"WebSite","@id":"https:\/\/etab.eu\/no\/#website","url":"https:\/\/etab.eu\/no\/","name":"etab Website - NO","description":"","potentialAction":[{"@type":"SearchAction","target":{"@type":"EntryPoint","urlTemplate":"https:\/\/etab.eu\/no\/?s={search_term_string}"},"query-input":{"@type":"PropertyValueSpecification","valueRequired":true,"valueName":"search_term_string"}}],"inLanguage":"sv-SE"}]},"og_availability":"instock","product_availability":"instock","product_retailer_item_id":"242K","product_condition":"new"},"_links":{"self":[{"href":"https:\/\/etab.eu\/no\/wp-json\/wp\/v2\/product\/1729","targetHints":{"allow":["GET"]}}],"collection":[{"href":"https:\/\/etab.eu\/no\/wp-json\/wp\/v2\/product"}],"about":[{"href":"https:\/\/etab.eu\/no\/wp-json\/wp\/v2\/types\/product"}],"replies":[{"embeddable":true,"href":"https:\/\/etab.eu\/no\/wp-json\/wp\/v2\/comments?post=1729"}],"wp:featuredmedia":[{"embeddable":true,"href":"https:\/\/etab.eu\/no\/wp-json\/wp\/v2\/media\/4563"}],"wp:attachment":[{"href":"https:\/\/etab.eu\/no\/wp-json\/wp\/v2\/media?parent=1729"}],"wp:term":[{"taxonomy":"product_brand","embeddable":true,"href":"https:\/\/etab.eu\/no\/wp-json\/wp\/v2\/product_brand?post=1729"},{"taxonomy":"product_cat","embeddable":true,"href":"https:\/\/etab.eu\/no\/wp-json\/wp\/v2\/product_cat?post=1729"},{"taxonomy":"product_tag","embeddable":true,"href":"https:\/\/etab.eu\/no\/wp-json\/wp\/v2\/product_tag?post=1729"}],"curies":[{"name":"wp","href":"https:\/\/api.w.org\/{rel}","templated":true}]}}