{"id":1170,"date":"2018-07-06T10:56:42","date_gmt":"2018-07-06T10:56:42","guid":{"rendered":"http:\/\/etab.eu\/no\/?post_type=product&#038;p=1170"},"modified":"2020-11-03T14:42:19","modified_gmt":"2020-11-03T12:42:19","slug":"5050-byggfolietejp","status":"publish","type":"product","link":"https:\/\/etab.eu\/no\/produkt\/byggtejp\/5050-byggfolietejp\/","title":{"rendered":"etab 5050 &#8211; Byggfolie\u00adtejp P-m\u00e4rkt och typgodk\u00e4nd"},"content":{"rendered":"","protected":false},"excerpt":{"rendered":"<p>Byggfolietejp av polyeten med akrylh\u00e4ft\u00e4mne. P-m\u00e4rkt och typgodk\u00e4nd. \u00c5ldringsbest\u00e4ndig. UV-resistent. M\u00f6gelbest\u00e4ndig. H\u00f6g diffusionst\u00e4thet.<\/p>\n<p>F\u00f6r permanent skarvning av \u00e5ldringsbest\u00e4ndig byggfolie i polyeten.<\/p>\n<p>Mer information finns i <a href=\"https:\/\/etab.eu\/no\/wp-content\/uploads\/2018\/07\/etab_5050_-_byggfolietejp_-_monteringsanvisning.pdf\">produktbladet<\/a> nedan.<\/p>\n","protected":false},"featured_media":1850,"comment_status":"open","ping_status":"closed","template":"","meta":{"_acf_changed":false,"_trash_the_other_posts":false,"editor_notices":[]},"product_brand":[],"product_cat":[389],"product_tag":[],"class_list":{"0":"post-1170","1":"product","2":"type-product","3":"status-publish","4":"has-post-thumbnail","6":"product_cat-byggtejp","8":"first","9":"instock","10":"shipping-taxable","11":"product-type-variable"},"acf":[],"yoast_head":"<!-- This site is optimized with the Yoast SEO Premium plugin v26.6 (Yoast SEO v26.6) - https:\/\/yoast.com\/wordpress\/plugins\/seo\/ -->\n<title>etab 5050 - Byggfolie\u00adtejp P-m\u00e4rkt och typgodk\u00e4nd - etab Website - NO<\/title>\n<meta name=\"robots\" content=\"noindex, follow, max-snippet:-1, max-image-preview:large, max-video-preview:-1\" \/>\n<meta property=\"og:locale\" content=\"sv_SE\" \/>\n<meta property=\"og:type\" content=\"article\" \/>\n<meta property=\"og:title\" content=\"etab 5050 - Byggfolie\u00adtejp P-m\u00e4rkt och typgodk\u00e4nd\" \/>\n<meta property=\"og:description\" content=\"Byggfolietejp av polyeten med akrylh\u00e4ft\u00e4mne. P-m\u00e4rkt och typgodk\u00e4nd. \u00c5ldringsbest\u00e4ndig. UV-resistent. M\u00f6gelbest\u00e4ndig. H\u00f6g diffusionst\u00e4thet. F\u00f6r permanent skarvning av \u00e5ldringsbest\u00e4ndig byggfolie i polyeten.\" \/>\n<meta property=\"og:url\" content=\"https:\/\/etab.eu\/no\/produkt\/byggtejp\/5050-byggfolietejp\/\" \/>\n<meta property=\"og:site_name\" content=\"etab Website - NO\" \/>\n<meta property=\"article:modified_time\" content=\"2020-11-03T12:42:19+00:00\" \/>\n<meta name=\"twitter:card\" content=\"summary_large_image\" \/>\n<meta name=\"twitter:title\" content=\"etab 5050 - Byggfolie\u00adtejp P-m\u00e4rkt och typgodk\u00e4nd\" \/>\n<meta name=\"twitter:description\" content=\"Byggfolietejp av polyeten med akrylh\u00e4ft\u00e4mne. P-m\u00e4rkt och typgodk\u00e4nd. F\u00f6r permanent skarvning av \u00e5ldringsbest\u00e4ndig byggfolie i polyeten.\" \/>\n<meta name=\"twitter:image\" content=\"https:\/\/etab.eu\/no\/wp-content\/uploads\/sites\/5\/2018\/07\/etab-5050-byggfolietejp-50mm-x-50m-bla_1.jpg\" \/>\n<meta name=\"twitter:label1\" content=\"Availability\" \/>\n\t<meta name=\"twitter:data1\" content=\"In stock\" \/>\n<script type=\"application\/ld+json\" class=\"yoast-schema-graph\">{\"@context\":\"https:\/\/schema.org\",\"@graph\":[{\"@type\":[\"WebPage\",\"ItemPage\"],\"@id\":\"https:\/\/etab.eu\/no\/produkt\/byggtejp\/5050-byggfolietejp\/\",\"url\":\"https:\/\/etab.eu\/no\/produkt\/byggtejp\/5050-byggfolietejp\/\",\"name\":\"etab 5050 - Byggfolie\u00adtejp P-m\u00e4rkt och typgodk\u00e4nd - etab Website - NO\",\"isPartOf\":{\"@id\":\"https:\/\/etab.eu\/no\/#website\"},\"primaryImageOfPage\":{\"@id\":\"https:\/\/etab.eu\/no\/produkt\/byggtejp\/5050-byggfolietejp\/#primaryimage\"},\"image\":{\"@id\":\"https:\/\/etab.eu\/no\/produkt\/byggtejp\/5050-byggfolietejp\/#primaryimage\"},\"thumbnailUrl\":\"https:\/\/etab.eu\/no\/wp-content\/uploads\/sites\/5\/2018\/07\/etab-5050-byggfolietejp-50mm-x-50m-bla_1.jpg\",\"datePublished\":\"2018-07-06T10:56:42+00:00\",\"dateModified\":\"2020-11-03T12:42:19+00:00\",\"breadcrumb\":{\"@id\":\"https:\/\/etab.eu\/no\/produkt\/byggtejp\/5050-byggfolietejp\/#breadcrumb\"},\"inLanguage\":\"sv-SE\",\"potentialAction\":[{\"@type\":\"ReadAction\",\"target\":[\"https:\/\/etab.eu\/no\/produkt\/byggtejp\/5050-byggfolietejp\/\"]}]},{\"@type\":\"ImageObject\",\"inLanguage\":\"sv-SE\",\"@id\":\"https:\/\/etab.eu\/no\/produkt\/byggtejp\/5050-byggfolietejp\/#primaryimage\",\"url\":\"https:\/\/etab.eu\/no\/wp-content\/uploads\/sites\/5\/2018\/07\/etab-5050-byggfolietejp-50mm-x-50m-bla_1.jpg\",\"contentUrl\":\"https:\/\/etab.eu\/no\/wp-content\/uploads\/sites\/5\/2018\/07\/etab-5050-byggfolietejp-50mm-x-50m-bla_1.jpg\",\"width\":1500,\"height\":1500},{\"@type\":\"BreadcrumbList\",\"@id\":\"https:\/\/etab.eu\/no\/produkt\/byggtejp\/5050-byggfolietejp\/#breadcrumb\",\"itemListElement\":[{\"@type\":\"ListItem\",\"position\":1,\"name\":\"Hem\",\"item\":\"https:\/\/etab.eu\/no\/\"},{\"@type\":\"ListItem\",\"position\":2,\"name\":\"V\u00e5ra produkter\",\"item\":\"https:\/\/etab.eu\/no\/produkter\/\"},{\"@type\":\"ListItem\",\"position\":3,\"name\":\"Byggtejp\",\"item\":\"https:\/\/etab.eu\/no\/produkt-kategori\/byggtejp\/\"},{\"@type\":\"ListItem\",\"position\":4,\"name\":\"etab 5050 &#8211; Byggfolie\u00adtejp P-m\u00e4rkt och typgodk\u00e4nd\"}]},{\"@type\":\"WebSite\",\"@id\":\"https:\/\/etab.eu\/no\/#website\",\"url\":\"https:\/\/etab.eu\/no\/\",\"name\":\"etab Website - NO\",\"description\":\"\",\"potentialAction\":[{\"@type\":\"SearchAction\",\"target\":{\"@type\":\"EntryPoint\",\"urlTemplate\":\"https:\/\/etab.eu\/no\/?s={search_term_string}\"},\"query-input\":{\"@type\":\"PropertyValueSpecification\",\"valueRequired\":true,\"valueName\":\"search_term_string\"}}],\"inLanguage\":\"sv-SE\"}]}<\/script>\n<meta property=\"og:availability\" content=\"instock\" \/>\n<meta property=\"product:availability\" content=\"instock\" \/>\n<meta property=\"product:retailer_item_id\" content=\"5050\" \/>\n<meta property=\"product:condition\" content=\"new\" \/>\n<!-- \/ Yoast SEO Premium plugin. -->","yoast_head_json":{"title":"etab 5050 - Byggfolie\u00adtejp P-m\u00e4rkt och typgodk\u00e4nd - etab Website - NO","robots":{"index":"noindex","follow":"follow","max-snippet":"max-snippet:-1","max-image-preview":"max-image-preview:large","max-video-preview":"max-video-preview:-1"},"og_locale":"sv_SE","og_type":"article","og_title":"etab 5050 - Byggfolie\u00adtejp P-m\u00e4rkt och typgodk\u00e4nd","og_description":"Byggfolietejp av polyeten med akrylh\u00e4ft\u00e4mne. P-m\u00e4rkt och typgodk\u00e4nd. \u00c5ldringsbest\u00e4ndig. UV-resistent. M\u00f6gelbest\u00e4ndig. H\u00f6g diffusionst\u00e4thet. F\u00f6r permanent skarvning av \u00e5ldringsbest\u00e4ndig byggfolie i polyeten.","og_url":"https:\/\/etab.eu\/no\/produkt\/byggtejp\/5050-byggfolietejp\/","og_site_name":"etab Website - NO","article_modified_time":"2020-11-03T12:42:19+00:00","twitter_card":"summary_large_image","twitter_title":"etab 5050 - Byggfolie\u00adtejp P-m\u00e4rkt och typgodk\u00e4nd","twitter_description":"Byggfolietejp av polyeten med akrylh\u00e4ft\u00e4mne. P-m\u00e4rkt och typgodk\u00e4nd. F\u00f6r permanent skarvning av \u00e5ldringsbest\u00e4ndig byggfolie i polyeten.","twitter_image":"https:\/\/etab.eu\/no\/wp-content\/uploads\/sites\/5\/2018\/07\/etab-5050-byggfolietejp-50mm-x-50m-bla_1.jpg","twitter_misc":{"Availability":"In stock"},"schema":{"@context":"https:\/\/schema.org","@graph":[{"@type":["WebPage","ItemPage"],"@id":"https:\/\/etab.eu\/no\/produkt\/byggtejp\/5050-byggfolietejp\/","url":"https:\/\/etab.eu\/no\/produkt\/byggtejp\/5050-byggfolietejp\/","name":"etab 5050 - Byggfolie\u00adtejp P-m\u00e4rkt och typgodk\u00e4nd - etab Website - NO","isPartOf":{"@id":"https:\/\/etab.eu\/no\/#website"},"primaryImageOfPage":{"@id":"https:\/\/etab.eu\/no\/produkt\/byggtejp\/5050-byggfolietejp\/#primaryimage"},"image":{"@id":"https:\/\/etab.eu\/no\/produkt\/byggtejp\/5050-byggfolietejp\/#primaryimage"},"thumbnailUrl":"https:\/\/etab.eu\/no\/wp-content\/uploads\/sites\/5\/2018\/07\/etab-5050-byggfolietejp-50mm-x-50m-bla_1.jpg","datePublished":"2018-07-06T10:56:42+00:00","dateModified":"2020-11-03T12:42:19+00:00","breadcrumb":{"@id":"https:\/\/etab.eu\/no\/produkt\/byggtejp\/5050-byggfolietejp\/#breadcrumb"},"inLanguage":"sv-SE","potentialAction":[{"@type":"ReadAction","target":["https:\/\/etab.eu\/no\/produkt\/byggtejp\/5050-byggfolietejp\/"]}]},{"@type":"ImageObject","inLanguage":"sv-SE","@id":"https:\/\/etab.eu\/no\/produkt\/byggtejp\/5050-byggfolietejp\/#primaryimage","url":"https:\/\/etab.eu\/no\/wp-content\/uploads\/sites\/5\/2018\/07\/etab-5050-byggfolietejp-50mm-x-50m-bla_1.jpg","contentUrl":"https:\/\/etab.eu\/no\/wp-content\/uploads\/sites\/5\/2018\/07\/etab-5050-byggfolietejp-50mm-x-50m-bla_1.jpg","width":1500,"height":1500},{"@type":"BreadcrumbList","@id":"https:\/\/etab.eu\/no\/produkt\/byggtejp\/5050-byggfolietejp\/#breadcrumb","itemListElement":[{"@type":"ListItem","position":1,"name":"Hem","item":"https:\/\/etab.eu\/no\/"},{"@type":"ListItem","position":2,"name":"V\u00e5ra produkter","item":"https:\/\/etab.eu\/no\/produkter\/"},{"@type":"ListItem","position":3,"name":"Byggtejp","item":"https:\/\/etab.eu\/no\/produkt-kategori\/byggtejp\/"},{"@type":"ListItem","position":4,"name":"etab 5050 &#8211; Byggfolie\u00adtejp P-m\u00e4rkt och typgodk\u00e4nd"}]},{"@type":"WebSite","@id":"https:\/\/etab.eu\/no\/#website","url":"https:\/\/etab.eu\/no\/","name":"etab Website - NO","description":"","potentialAction":[{"@type":"SearchAction","target":{"@type":"EntryPoint","urlTemplate":"https:\/\/etab.eu\/no\/?s={search_term_string}"},"query-input":{"@type":"PropertyValueSpecification","valueRequired":true,"valueName":"search_term_string"}}],"inLanguage":"sv-SE"}]},"og_availability":"instock","product_availability":"instock","product_retailer_item_id":"5050","product_condition":"new"},"_links":{"self":[{"href":"https:\/\/etab.eu\/no\/wp-json\/wp\/v2\/product\/1170","targetHints":{"allow":["GET"]}}],"collection":[{"href":"https:\/\/etab.eu\/no\/wp-json\/wp\/v2\/product"}],"about":[{"href":"https:\/\/etab.eu\/no\/wp-json\/wp\/v2\/types\/product"}],"replies":[{"embeddable":true,"href":"https:\/\/etab.eu\/no\/wp-json\/wp\/v2\/comments?post=1170"}],"wp:featuredmedia":[{"embeddable":true,"href":"https:\/\/etab.eu\/no\/wp-json\/wp\/v2\/media\/1850"}],"wp:attachment":[{"href":"https:\/\/etab.eu\/no\/wp-json\/wp\/v2\/media?parent=1170"}],"wp:term":[{"taxonomy":"product_brand","embeddable":true,"href":"https:\/\/etab.eu\/no\/wp-json\/wp\/v2\/product_brand?post=1170"},{"taxonomy":"product_cat","embeddable":true,"href":"https:\/\/etab.eu\/no\/wp-json\/wp\/v2\/product_cat?post=1170"},{"taxonomy":"product_tag","embeddable":true,"href":"https:\/\/etab.eu\/no\/wp-json\/wp\/v2\/product_tag?post=1170"}],"curies":[{"name":"wp","href":"https:\/\/api.w.org\/{rel}","templated":true}]}}