{"id":707,"date":"2018-03-21T13:14:14","date_gmt":"2018-03-21T13:14:14","guid":{"rendered":"http:\/\/etab.eu\/no\/?page_id=707"},"modified":"2018-12-11T11:35:27","modified_gmt":"2018-12-11T09:35:27","slug":"kontakta-oss","status":"publish","type":"page","link":"https:\/\/etab.eu\/no\/kontakta-oss\/","title":{"rendered":"Kontakta oss"},"content":{"rendered":"","protected":false},"excerpt":{"rendered":"","protected":false},"author":1,"featured_media":0,"parent":0,"menu_order":0,"comment_status":"closed","ping_status":"closed","template":"page-get-in-touch.php","meta":{"_acf_changed":false,"_trash_the_other_posts":false,"editor_notices":[],"footnotes":""},"class_list":["post-707","page","type-page","status-publish","hentry"],"acf":[],"yoast_head":"<!-- This site is optimized with the Yoast SEO Premium plugin v26.6 (Yoast SEO v26.6) - https:\/\/yoast.com\/wordpress\/plugins\/seo\/ -->\n<title>etab - we know tape. En av Skandinaviens ledande tejpdistribut\u00f6rer.<\/title>\n<meta name=\"description\" content=\"Med \u00f6ver 40 \u00e5rs erfarenhet av att ta fram optimala tejpl\u00f6sningar har vi kunskapen, erfarenheten och kundservicen du kan lita p\u00e5. Vi \u00e4r ett oberoende och familje\u00e4gt f\u00f6retag som etablerades 1977 och idag \u00e4r vi en av Skandinaviens ledande tejpdistribut\u00f6rer.\" \/>\n<meta name=\"robots\" content=\"noindex, follow, max-snippet:-1, max-image-preview:large, max-video-preview:-1\" \/>\n<meta property=\"og:locale\" content=\"sv_SE\" \/>\n<meta property=\"og:type\" content=\"article\" \/>\n<meta property=\"og:title\" content=\"Kontakta oss\" \/>\n<meta property=\"og:description\" content=\"Med \u00f6ver 40 \u00e5rs erfarenhet av att ta fram optimala tejpl\u00f6sningar har vi kunskapen, erfarenheten och kundservicen du kan lita p\u00e5. Vi \u00e4r ett oberoende och familje\u00e4gt f\u00f6retag som etablerades 1977 och idag \u00e4r vi en av Skandinaviens ledande tejpdistribut\u00f6rer.\" \/>\n<meta property=\"og:url\" content=\"https:\/\/etab.eu\/no\/kontakta-oss\/\" \/>\n<meta property=\"og:site_name\" content=\"etab Website - NO\" \/>\n<meta property=\"article:modified_time\" content=\"2018-12-11T09:35:27+00:00\" \/>\n<meta name=\"twitter:card\" content=\"summary_large_image\" \/>\n<script type=\"application\/ld+json\" class=\"yoast-schema-graph\">{\"@context\":\"https:\/\/schema.org\",\"@graph\":[{\"@type\":\"WebPage\",\"@id\":\"https:\/\/etab.eu\/no\/kontakta-oss\/\",\"url\":\"https:\/\/etab.eu\/no\/kontakta-oss\/\",\"name\":\"etab - we know tape. En av Skandinaviens ledande tejpdistribut\u00f6rer.\",\"isPartOf\":{\"@id\":\"https:\/\/etab.eu\/no\/#website\"},\"datePublished\":\"2018-03-21T13:14:14+00:00\",\"dateModified\":\"2018-12-11T09:35:27+00:00\",\"description\":\"Med \u00f6ver 40 \u00e5rs erfarenhet av att ta fram optimala tejpl\u00f6sningar har vi kunskapen, erfarenheten och kundservicen du kan lita p\u00e5. Vi \u00e4r ett oberoende och familje\u00e4gt f\u00f6retag som etablerades 1977 och idag \u00e4r vi en av Skandinaviens ledande tejpdistribut\u00f6rer.\",\"breadcrumb\":{\"@id\":\"https:\/\/etab.eu\/no\/kontakta-oss\/#breadcrumb\"},\"inLanguage\":\"sv-SE\",\"potentialAction\":[{\"@type\":\"ReadAction\",\"target\":[\"https:\/\/etab.eu\/no\/kontakta-oss\/\"]}]},{\"@type\":\"BreadcrumbList\",\"@id\":\"https:\/\/etab.eu\/no\/kontakta-oss\/#breadcrumb\",\"itemListElement\":[{\"@type\":\"ListItem\",\"position\":1,\"name\":\"Hem\",\"item\":\"https:\/\/etab.eu\/no\/\"},{\"@type\":\"ListItem\",\"position\":2,\"name\":\"Kontakta oss\"}]},{\"@type\":\"WebSite\",\"@id\":\"https:\/\/etab.eu\/no\/#website\",\"url\":\"https:\/\/etab.eu\/no\/\",\"name\":\"etab Website - NO\",\"description\":\"\",\"potentialAction\":[{\"@type\":\"SearchAction\",\"target\":{\"@type\":\"EntryPoint\",\"urlTemplate\":\"https:\/\/etab.eu\/no\/?s={search_term_string}\"},\"query-input\":{\"@type\":\"PropertyValueSpecification\",\"valueRequired\":true,\"valueName\":\"search_term_string\"}}],\"inLanguage\":\"sv-SE\"}]}<\/script>\n<!-- \/ Yoast SEO Premium plugin. -->","yoast_head_json":{"title":"etab - we know tape. En av Skandinaviens ledande tejpdistribut\u00f6rer.","description":"Med \u00f6ver 40 \u00e5rs erfarenhet av att ta fram optimala tejpl\u00f6sningar har vi kunskapen, erfarenheten och kundservicen du kan lita p\u00e5. Vi \u00e4r ett oberoende och familje\u00e4gt f\u00f6retag som etablerades 1977 och idag \u00e4r vi en av Skandinaviens ledande tejpdistribut\u00f6rer.","robots":{"index":"noindex","follow":"follow","max-snippet":"max-snippet:-1","max-image-preview":"max-image-preview:large","max-video-preview":"max-video-preview:-1"},"og_locale":"sv_SE","og_type":"article","og_title":"Kontakta oss","og_description":"Med \u00f6ver 40 \u00e5rs erfarenhet av att ta fram optimala tejpl\u00f6sningar har vi kunskapen, erfarenheten och kundservicen du kan lita p\u00e5. Vi \u00e4r ett oberoende och familje\u00e4gt f\u00f6retag som etablerades 1977 och idag \u00e4r vi en av Skandinaviens ledande tejpdistribut\u00f6rer.","og_url":"https:\/\/etab.eu\/no\/kontakta-oss\/","og_site_name":"etab Website - NO","article_modified_time":"2018-12-11T09:35:27+00:00","twitter_card":"summary_large_image","schema":{"@context":"https:\/\/schema.org","@graph":[{"@type":"WebPage","@id":"https:\/\/etab.eu\/no\/kontakta-oss\/","url":"https:\/\/etab.eu\/no\/kontakta-oss\/","name":"etab - we know tape. En av Skandinaviens ledande tejpdistribut\u00f6rer.","isPartOf":{"@id":"https:\/\/etab.eu\/no\/#website"},"datePublished":"2018-03-21T13:14:14+00:00","dateModified":"2018-12-11T09:35:27+00:00","description":"Med \u00f6ver 40 \u00e5rs erfarenhet av att ta fram optimala tejpl\u00f6sningar har vi kunskapen, erfarenheten och kundservicen du kan lita p\u00e5. Vi \u00e4r ett oberoende och familje\u00e4gt f\u00f6retag som etablerades 1977 och idag \u00e4r vi en av Skandinaviens ledande tejpdistribut\u00f6rer.","breadcrumb":{"@id":"https:\/\/etab.eu\/no\/kontakta-oss\/#breadcrumb"},"inLanguage":"sv-SE","potentialAction":[{"@type":"ReadAction","target":["https:\/\/etab.eu\/no\/kontakta-oss\/"]}]},{"@type":"BreadcrumbList","@id":"https:\/\/etab.eu\/no\/kontakta-oss\/#breadcrumb","itemListElement":[{"@type":"ListItem","position":1,"name":"Hem","item":"https:\/\/etab.eu\/no\/"},{"@type":"ListItem","position":2,"name":"Kontakta oss"}]},{"@type":"WebSite","@id":"https:\/\/etab.eu\/no\/#website","url":"https:\/\/etab.eu\/no\/","name":"etab Website - NO","description":"","potentialAction":[{"@type":"SearchAction","target":{"@type":"EntryPoint","urlTemplate":"https:\/\/etab.eu\/no\/?s={search_term_string}"},"query-input":{"@type":"PropertyValueSpecification","valueRequired":true,"valueName":"search_term_string"}}],"inLanguage":"sv-SE"}]}},"_links":{"self":[{"href":"https:\/\/etab.eu\/no\/wp-json\/wp\/v2\/pages\/707","targetHints":{"allow":["GET"]}}],"collection":[{"href":"https:\/\/etab.eu\/no\/wp-json\/wp\/v2\/pages"}],"about":[{"href":"https:\/\/etab.eu\/no\/wp-json\/wp\/v2\/types\/page"}],"author":[{"embeddable":true,"href":"https:\/\/etab.eu\/no\/wp-json\/wp\/v2\/users\/1"}],"replies":[{"embeddable":true,"href":"https:\/\/etab.eu\/no\/wp-json\/wp\/v2\/comments?post=707"}],"version-history":[{"count":5,"href":"https:\/\/etab.eu\/no\/wp-json\/wp\/v2\/pages\/707\/revisions"}],"predecessor-version":[{"id":2909,"href":"https:\/\/etab.eu\/no\/wp-json\/wp\/v2\/pages\/707\/revisions\/2909"}],"wp:attachment":[{"href":"https:\/\/etab.eu\/no\/wp-json\/wp\/v2\/media?parent=707"}],"curies":[{"name":"wp","href":"https:\/\/api.w.org\/{rel}","templated":true}]}}