{"id":4286,"date":"2021-03-17T15:00:37","date_gmt":"2021-03-17T13:00:37","guid":{"rendered":"https:\/\/etab.eu\/en\/?post_type=product&#038;p=4286"},"modified":"2023-01-17T15:04:11","modified_gmt":"2023-01-17T13:04:11","slug":"etab-9243-warning-floor-marking-tape-please-keep-distance","status":"publish","type":"product","link":"https:\/\/etab.eu\/en\/product\/safety-tapes\/etab-9243-warning-floor-marking-tape-please-keep-distance\/","title":{"rendered":"etab 9243 &#8211; Floor marking tape &#8216;PLEASE KEEP DISTANCE&#8217;"},"content":{"rendered":"","protected":false},"excerpt":{"rendered":"<p>High quality warning tape with a highly visible V\u00c4NLIGEN H\u00c5LL AVST\u00c5ND and PLEASE KEEP DISTANCE print. To be used in stores, offices and other public spaces to protect customers, employees and visitors.<\/p>\n<p>A strong and reliable floor marking tape with an extra layer for increased wear resistance. Used to communicate keep distance with the aim of improving safety in places with many visitors.<\/p>\n","protected":false},"featured_media":4288,"comment_status":"open","ping_status":"closed","template":"","meta":{"_acf_changed":false,"_trash_the_other_posts":false,"editor_notices":[]},"product_brand":[],"product_cat":[383,387],"product_tag":[],"class_list":{"0":"post-4286","1":"product","2":"type-product","3":"status-publish","4":"has-post-thumbnail","6":"product_cat-safety-tapes","7":"product_cat-specialist-tapes","9":"first","10":"instock","11":"shipping-taxable","12":"product-type-variable"},"acf":[],"yoast_head":"<!-- This site is optimized with the Yoast SEO Premium plugin v26.6 (Yoast SEO v26.6) - https:\/\/yoast.com\/wordpress\/plugins\/seo\/ -->\n<title>etab 9243 - Floor marking tape &#039;PLEASE KEEP DISTANCE&#039; - etab - we know tape<\/title>\n<meta name=\"robots\" content=\"index, follow, max-snippet:-1, max-image-preview:large, max-video-preview:-1\" \/>\n<link rel=\"canonical\" href=\"https:\/\/etab.eu\/en\/product\/safety-tapes\/etab-9243-warning-floor-marking-tape-please-keep-distance\/\" \/>\n<meta property=\"og:locale\" content=\"en_US\" \/>\n<meta property=\"og:type\" content=\"article\" \/>\n<meta property=\"og:title\" content=\"etab 9243 - Floor marking tape &#039;PLEASE KEEP DISTANCE&#039;\" \/>\n<meta property=\"og:description\" content=\"High quality warning tape with a highly visible V\u00c4NLIGEN H\u00c5LL AVST\u00c5ND and PLEASE KEEP DISTANCE print. To be used in stores, offices and other public spaces to protect customers, employees and visitors.  A strong and reliable floor marking tape with an extra layer for increased wear resistance. Used to communicate keep distance with the aim of improving safety in places with many visitors.\" \/>\n<meta property=\"og:url\" content=\"https:\/\/etab.eu\/en\/product\/safety-tapes\/etab-9243-warning-floor-marking-tape-please-keep-distance\/\" \/>\n<meta property=\"og:site_name\" content=\"etab - we know tape\" \/>\n<meta property=\"article:modified_time\" content=\"2023-01-17T13:04:11+00:00\" \/>\n<meta property=\"og:image\" content=\"https:\/\/etab.eu\/en\/wp-content\/uploads\/sites\/2\/2021\/03\/etab-9243-ha\u030all-avsta\u030and-50mm-x-33m_1.jpg\" \/>\n\t<meta property=\"og:image:width\" content=\"1500\" \/>\n\t<meta property=\"og:image:height\" content=\"1500\" \/>\n\t<meta property=\"og:image:type\" content=\"image\/jpeg\" \/>\n<meta name=\"twitter:card\" content=\"summary_large_image\" \/>\n<meta name=\"twitter:label1\" content=\"Availability\" \/>\n\t<meta name=\"twitter:data1\" content=\"In stock\" \/>\n<script type=\"application\/ld+json\" class=\"yoast-schema-graph\">{\"@context\":\"https:\/\/schema.org\",\"@graph\":[{\"@type\":[\"WebPage\",\"ItemPage\"],\"@id\":\"https:\/\/etab.eu\/en\/product\/safety-tapes\/etab-9243-warning-floor-marking-tape-please-keep-distance\/\",\"url\":\"https:\/\/etab.eu\/en\/product\/safety-tapes\/etab-9243-warning-floor-marking-tape-please-keep-distance\/\",\"name\":\"etab 9243 - Floor marking tape 'PLEASE KEEP DISTANCE' - etab - we know tape\",\"isPartOf\":{\"@id\":\"https:\/\/etab.eu\/en\/#website\"},\"primaryImageOfPage\":{\"@id\":\"https:\/\/etab.eu\/en\/product\/safety-tapes\/etab-9243-warning-floor-marking-tape-please-keep-distance\/#primaryimage\"},\"image\":{\"@id\":\"https:\/\/etab.eu\/en\/product\/safety-tapes\/etab-9243-warning-floor-marking-tape-please-keep-distance\/#primaryimage\"},\"thumbnailUrl\":\"https:\/\/etab.eu\/en\/wp-content\/uploads\/sites\/2\/2021\/03\/etab-9243-ha\u030all-avsta\u030and-50mm-x-33m_1.jpg\",\"datePublished\":\"2021-03-17T13:00:37+00:00\",\"dateModified\":\"2023-01-17T13:04:11+00:00\",\"breadcrumb\":{\"@id\":\"https:\/\/etab.eu\/en\/product\/safety-tapes\/etab-9243-warning-floor-marking-tape-please-keep-distance\/#breadcrumb\"},\"inLanguage\":\"en-US\",\"potentialAction\":[{\"@type\":\"ReadAction\",\"target\":[\"https:\/\/etab.eu\/en\/product\/safety-tapes\/etab-9243-warning-floor-marking-tape-please-keep-distance\/\"]}]},{\"@type\":\"ImageObject\",\"inLanguage\":\"en-US\",\"@id\":\"https:\/\/etab.eu\/en\/product\/safety-tapes\/etab-9243-warning-floor-marking-tape-please-keep-distance\/#primaryimage\",\"url\":\"https:\/\/etab.eu\/en\/wp-content\/uploads\/sites\/2\/2021\/03\/etab-9243-ha\u030all-avsta\u030and-50mm-x-33m_1.jpg\",\"contentUrl\":\"https:\/\/etab.eu\/en\/wp-content\/uploads\/sites\/2\/2021\/03\/etab-9243-ha\u030all-avsta\u030and-50mm-x-33m_1.jpg\",\"width\":1500,\"height\":1500},{\"@type\":\"BreadcrumbList\",\"@id\":\"https:\/\/etab.eu\/en\/product\/safety-tapes\/etab-9243-warning-floor-marking-tape-please-keep-distance\/#breadcrumb\",\"itemListElement\":[{\"@type\":\"ListItem\",\"position\":1,\"name\":\"Home\",\"item\":\"https:\/\/etab.eu\/en\/\"},{\"@type\":\"ListItem\",\"position\":2,\"name\":\"Our products\",\"item\":\"https:\/\/etab.eu\/en\/our-products\/\"},{\"@type\":\"ListItem\",\"position\":3,\"name\":\"Safety tapes\",\"item\":\"https:\/\/etab.eu\/en\/product-category\/safety-tapes\/\"},{\"@type\":\"ListItem\",\"position\":4,\"name\":\"etab 9243 &#8211; Floor marking tape &#8216;PLEASE KEEP DISTANCE&#8217;\"}]},{\"@type\":\"WebSite\",\"@id\":\"https:\/\/etab.eu\/en\/#website\",\"url\":\"https:\/\/etab.eu\/en\/\",\"name\":\"etab - we know tape\",\"description\":\"\",\"potentialAction\":[{\"@type\":\"SearchAction\",\"target\":{\"@type\":\"EntryPoint\",\"urlTemplate\":\"https:\/\/etab.eu\/en\/?s={search_term_string}\"},\"query-input\":{\"@type\":\"PropertyValueSpecification\",\"valueRequired\":true,\"valueName\":\"search_term_string\"}}],\"inLanguage\":\"en-US\"}]}<\/script>\n<meta property=\"og:availability\" content=\"instock\" \/>\n<meta property=\"product:availability\" content=\"instock\" \/>\n<meta property=\"product:retailer_item_id\" content=\"9243\" \/>\n<meta property=\"product:condition\" content=\"new\" \/>\n<!-- \/ Yoast SEO Premium plugin. -->","yoast_head_json":{"title":"etab 9243 - Floor marking tape 'PLEASE KEEP DISTANCE' - etab - we know tape","robots":{"index":"index","follow":"follow","max-snippet":"max-snippet:-1","max-image-preview":"max-image-preview:large","max-video-preview":"max-video-preview:-1"},"canonical":"https:\/\/etab.eu\/en\/product\/safety-tapes\/etab-9243-warning-floor-marking-tape-please-keep-distance\/","og_locale":"en_US","og_type":"article","og_title":"etab 9243 - Floor marking tape 'PLEASE KEEP DISTANCE'","og_description":"High quality warning tape with a highly visible V\u00c4NLIGEN H\u00c5LL AVST\u00c5ND and PLEASE KEEP DISTANCE print. To be used in stores, offices and other public spaces to protect customers, employees and visitors.  A strong and reliable floor marking tape with an extra layer for increased wear resistance. Used to communicate keep distance with the aim of improving safety in places with many visitors.","og_url":"https:\/\/etab.eu\/en\/product\/safety-tapes\/etab-9243-warning-floor-marking-tape-please-keep-distance\/","og_site_name":"etab - we know tape","article_modified_time":"2023-01-17T13:04:11+00:00","og_image":[{"width":1500,"height":1500,"url":"https:\/\/etab.eu\/en\/wp-content\/uploads\/sites\/2\/2021\/03\/etab-9243-ha\u030all-avsta\u030and-50mm-x-33m_1.jpg","type":"image\/jpeg"}],"twitter_card":"summary_large_image","twitter_misc":{"Availability":"In stock"},"schema":{"@context":"https:\/\/schema.org","@graph":[{"@type":["WebPage","ItemPage"],"@id":"https:\/\/etab.eu\/en\/product\/safety-tapes\/etab-9243-warning-floor-marking-tape-please-keep-distance\/","url":"https:\/\/etab.eu\/en\/product\/safety-tapes\/etab-9243-warning-floor-marking-tape-please-keep-distance\/","name":"etab 9243 - Floor marking tape 'PLEASE KEEP DISTANCE' - etab - we know tape","isPartOf":{"@id":"https:\/\/etab.eu\/en\/#website"},"primaryImageOfPage":{"@id":"https:\/\/etab.eu\/en\/product\/safety-tapes\/etab-9243-warning-floor-marking-tape-please-keep-distance\/#primaryimage"},"image":{"@id":"https:\/\/etab.eu\/en\/product\/safety-tapes\/etab-9243-warning-floor-marking-tape-please-keep-distance\/#primaryimage"},"thumbnailUrl":"https:\/\/etab.eu\/en\/wp-content\/uploads\/sites\/2\/2021\/03\/etab-9243-ha\u030all-avsta\u030and-50mm-x-33m_1.jpg","datePublished":"2021-03-17T13:00:37+00:00","dateModified":"2023-01-17T13:04:11+00:00","breadcrumb":{"@id":"https:\/\/etab.eu\/en\/product\/safety-tapes\/etab-9243-warning-floor-marking-tape-please-keep-distance\/#breadcrumb"},"inLanguage":"en-US","potentialAction":[{"@type":"ReadAction","target":["https:\/\/etab.eu\/en\/product\/safety-tapes\/etab-9243-warning-floor-marking-tape-please-keep-distance\/"]}]},{"@type":"ImageObject","inLanguage":"en-US","@id":"https:\/\/etab.eu\/en\/product\/safety-tapes\/etab-9243-warning-floor-marking-tape-please-keep-distance\/#primaryimage","url":"https:\/\/etab.eu\/en\/wp-content\/uploads\/sites\/2\/2021\/03\/etab-9243-ha\u030all-avsta\u030and-50mm-x-33m_1.jpg","contentUrl":"https:\/\/etab.eu\/en\/wp-content\/uploads\/sites\/2\/2021\/03\/etab-9243-ha\u030all-avsta\u030and-50mm-x-33m_1.jpg","width":1500,"height":1500},{"@type":"BreadcrumbList","@id":"https:\/\/etab.eu\/en\/product\/safety-tapes\/etab-9243-warning-floor-marking-tape-please-keep-distance\/#breadcrumb","itemListElement":[{"@type":"ListItem","position":1,"name":"Home","item":"https:\/\/etab.eu\/en\/"},{"@type":"ListItem","position":2,"name":"Our products","item":"https:\/\/etab.eu\/en\/our-products\/"},{"@type":"ListItem","position":3,"name":"Safety tapes","item":"https:\/\/etab.eu\/en\/product-category\/safety-tapes\/"},{"@type":"ListItem","position":4,"name":"etab 9243 &#8211; Floor marking tape &#8216;PLEASE KEEP DISTANCE&#8217;"}]},{"@type":"WebSite","@id":"https:\/\/etab.eu\/en\/#website","url":"https:\/\/etab.eu\/en\/","name":"etab - we know tape","description":"","potentialAction":[{"@type":"SearchAction","target":{"@type":"EntryPoint","urlTemplate":"https:\/\/etab.eu\/en\/?s={search_term_string}"},"query-input":{"@type":"PropertyValueSpecification","valueRequired":true,"valueName":"search_term_string"}}],"inLanguage":"en-US"}]},"og_availability":"instock","product_availability":"instock","product_retailer_item_id":"9243","product_condition":"new"},"_links":{"self":[{"href":"https:\/\/etab.eu\/en\/wp-json\/wp\/v2\/product\/4286","targetHints":{"allow":["GET"]}}],"collection":[{"href":"https:\/\/etab.eu\/en\/wp-json\/wp\/v2\/product"}],"about":[{"href":"https:\/\/etab.eu\/en\/wp-json\/wp\/v2\/types\/product"}],"replies":[{"embeddable":true,"href":"https:\/\/etab.eu\/en\/wp-json\/wp\/v2\/comments?post=4286"}],"wp:featuredmedia":[{"embeddable":true,"href":"https:\/\/etab.eu\/en\/wp-json\/wp\/v2\/media\/4288"}],"wp:attachment":[{"href":"https:\/\/etab.eu\/en\/wp-json\/wp\/v2\/media?parent=4286"}],"wp:term":[{"taxonomy":"product_brand","embeddable":true,"href":"https:\/\/etab.eu\/en\/wp-json\/wp\/v2\/product_brand?post=4286"},{"taxonomy":"product_cat","embeddable":true,"href":"https:\/\/etab.eu\/en\/wp-json\/wp\/v2\/product_cat?post=4286"},{"taxonomy":"product_tag","embeddable":true,"href":"https:\/\/etab.eu\/en\/wp-json\/wp\/v2\/product_tag?post=4286"}],"curies":[{"name":"wp","href":"https:\/\/api.w.org\/{rel}","templated":true}]}}