{"id":4028,"date":"2019-12-12T16:18:26","date_gmt":"2019-12-12T14:18:26","guid":{"rendered":"http:\/\/etab.eu\/dk\/?post_type=product&#038;p=4028"},"modified":"2020-08-31T16:08:37","modified_gmt":"2020-08-31T14:08:37","slug":"etab-156-kontorstejp","status":"publish","type":"product","link":"https:\/\/etab.eu\/dk\/produkt\/kontorstejp\/etab-156-kontorstejp\/","title":{"rendered":"etab 156 &#8211; Kontorstejp"},"content":{"rendered":"","protected":false},"excerpt":{"rendered":"<p class=\"p1\">etab 156 \u00e4r en klassisk kontorstejp l\u00e4mplig f\u00f6r m\u00e5nga \u00e4ndam\u00e5l i butiken, hemmet och p\u00e5 kontoret. En genomskinlig kontorstejp som \u00e4r l\u00e4tt att hantera och l\u00e4tt att riva av.<\/p>\n<p class=\"p1\">Passar utm\u00e4rkt till allt fr\u00e5n inslagning av presenter, f\u00f6r att laga eller f\u00e4sta papper, samt f\u00f6r att f\u00f6rsegla l\u00e4ttare paket.<\/p>\n<p class=\"p1\">etab 156 kontorstejp \u00e4r gjord av specialbehandlad PP-film med akrylh\u00e4ft\u00e4mne. Levereras i en praktisk displayask och varje rulle \u00e4r individuellt f\u00f6rpackad i plastomslag.<\/p>\n","protected":false},"featured_media":4066,"comment_status":"open","ping_status":"closed","template":"","meta":{"_acf_changed":false,"_trash_the_other_posts":false,"editor_notices":[]},"product_brand":[],"product_cat":[391],"product_tag":[],"class_list":{"0":"post-4028","1":"product","2":"type-product","3":"status-publish","4":"has-post-thumbnail","6":"product_cat-kontorstejp","8":"first","9":"instock","10":"shipping-taxable","11":"product-type-variable"},"acf":[],"yoast_head":"<!-- This site is optimized with the Yoast SEO Premium plugin v26.6 (Yoast SEO v26.6) - https:\/\/yoast.com\/wordpress\/plugins\/seo\/ -->\n<title>etab 156 - Kontorstejp - etab Website - DK<\/title>\n<meta name=\"robots\" content=\"noindex, follow, max-snippet:-1, max-image-preview:large, max-video-preview:-1\" \/>\n<meta property=\"og:locale\" content=\"sv_SE\" \/>\n<meta property=\"og:type\" content=\"article\" \/>\n<meta property=\"og:title\" content=\"etab 156 - Kontorstejp\" \/>\n<meta property=\"og:description\" content=\"etab 156 \u00e4r en klassisk kontorstejp l\u00e4mplig f\u00f6r m\u00e5nga \u00e4ndam\u00e5l i butiken, hemmet och p\u00e5 kontoret. En genomskinlig kontorstejp som \u00e4r l\u00e4tt att hantera och l\u00e4tt att riva av. Passar utm\u00e4rkt till allt fr\u00e5n inslagning av presenter, f\u00f6r att laga eller f\u00e4sta papper, samt f\u00f6r att f\u00f6rsegla l\u00e4ttare paket. etab 156 kontorstejp \u00e4r gjord av specialbehandlad PP-film med akrylh\u00e4ft\u00e4mne. Levereras i en praktisk displayask och varje rulle \u00e4r individuellt f\u00f6rpackad i plastomslag.\" \/>\n<meta property=\"og:url\" content=\"https:\/\/etab.eu\/dk\/produkt\/kontorstejp\/etab-156-kontorstejp\/\" \/>\n<meta property=\"og:site_name\" content=\"etab Website - DK\" \/>\n<meta property=\"article:modified_time\" content=\"2020-08-31T14:08:37+00:00\" \/>\n<meta property=\"og:image\" content=\"https:\/\/etab.eu\/dk\/wp-content\/uploads\/sites\/4\/2019\/12\/etab-156-kontorstejp-15mm-x-33m-10-rullar-kristallklar_1.jpg\" \/>\n\t<meta property=\"og:image:width\" content=\"1500\" \/>\n\t<meta property=\"og:image:height\" content=\"1500\" \/>\n\t<meta property=\"og:image:type\" content=\"image\/jpeg\" \/>\n<meta name=\"twitter:card\" content=\"summary_large_image\" \/>\n<meta name=\"twitter:label1\" content=\"Availability\" \/>\n\t<meta name=\"twitter:data1\" content=\"In stock\" \/>\n<script type=\"application\/ld+json\" class=\"yoast-schema-graph\">{\"@context\":\"https:\/\/schema.org\",\"@graph\":[{\"@type\":[\"WebPage\",\"ItemPage\"],\"@id\":\"https:\/\/etab.eu\/dk\/produkt\/kontorstejp\/etab-156-kontorstejp\/\",\"url\":\"https:\/\/etab.eu\/dk\/produkt\/kontorstejp\/etab-156-kontorstejp\/\",\"name\":\"etab 156 - Kontorstejp - etab Website - DK\",\"isPartOf\":{\"@id\":\"https:\/\/etab.eu\/dk\/#website\"},\"primaryImageOfPage\":{\"@id\":\"https:\/\/etab.eu\/dk\/produkt\/kontorstejp\/etab-156-kontorstejp\/#primaryimage\"},\"image\":{\"@id\":\"https:\/\/etab.eu\/dk\/produkt\/kontorstejp\/etab-156-kontorstejp\/#primaryimage\"},\"thumbnailUrl\":\"https:\/\/etab.eu\/dk\/wp-content\/uploads\/sites\/4\/2019\/12\/etab-156-kontorstejp-15mm-x-33m-10-rullar-kristallklar_1.jpg\",\"datePublished\":\"2019-12-12T14:18:26+00:00\",\"dateModified\":\"2020-08-31T14:08:37+00:00\",\"breadcrumb\":{\"@id\":\"https:\/\/etab.eu\/dk\/produkt\/kontorstejp\/etab-156-kontorstejp\/#breadcrumb\"},\"inLanguage\":\"sv-SE\",\"potentialAction\":[{\"@type\":\"ReadAction\",\"target\":[\"https:\/\/etab.eu\/dk\/produkt\/kontorstejp\/etab-156-kontorstejp\/\"]}]},{\"@type\":\"ImageObject\",\"inLanguage\":\"sv-SE\",\"@id\":\"https:\/\/etab.eu\/dk\/produkt\/kontorstejp\/etab-156-kontorstejp\/#primaryimage\",\"url\":\"https:\/\/etab.eu\/dk\/wp-content\/uploads\/sites\/4\/2019\/12\/etab-156-kontorstejp-15mm-x-33m-10-rullar-kristallklar_1.jpg\",\"contentUrl\":\"https:\/\/etab.eu\/dk\/wp-content\/uploads\/sites\/4\/2019\/12\/etab-156-kontorstejp-15mm-x-33m-10-rullar-kristallklar_1.jpg\",\"width\":1500,\"height\":1500},{\"@type\":\"BreadcrumbList\",\"@id\":\"https:\/\/etab.eu\/dk\/produkt\/kontorstejp\/etab-156-kontorstejp\/#breadcrumb\",\"itemListElement\":[{\"@type\":\"ListItem\",\"position\":1,\"name\":\"Hem\",\"item\":\"https:\/\/etab.eu\/dk\/\"},{\"@type\":\"ListItem\",\"position\":2,\"name\":\"V\u00e5ra produkter\",\"item\":\"https:\/\/etab.eu\/dk\/produkter\/\"},{\"@type\":\"ListItem\",\"position\":3,\"name\":\"Kontorstejp\",\"item\":\"https:\/\/etab.eu\/dk\/produkt-kategori\/kontorstejp\/\"},{\"@type\":\"ListItem\",\"position\":4,\"name\":\"etab 156 &#8211; Kontorstejp\"}]},{\"@type\":\"WebSite\",\"@id\":\"https:\/\/etab.eu\/dk\/#website\",\"url\":\"https:\/\/etab.eu\/dk\/\",\"name\":\"etab Website - DK\",\"description\":\"\",\"potentialAction\":[{\"@type\":\"SearchAction\",\"target\":{\"@type\":\"EntryPoint\",\"urlTemplate\":\"https:\/\/etab.eu\/dk\/?s={search_term_string}\"},\"query-input\":{\"@type\":\"PropertyValueSpecification\",\"valueRequired\":true,\"valueName\":\"search_term_string\"}}],\"inLanguage\":\"sv-SE\"}]}<\/script>\n<meta property=\"og:availability\" content=\"instock\" \/>\n<meta property=\"product:availability\" content=\"instock\" \/>\n<meta property=\"product:retailer_item_id\" content=\"156\" \/>\n<meta property=\"product:condition\" content=\"new\" \/>\n<!-- \/ Yoast SEO Premium plugin. -->","yoast_head_json":{"title":"etab 156 - Kontorstejp - etab Website - DK","robots":{"index":"noindex","follow":"follow","max-snippet":"max-snippet:-1","max-image-preview":"max-image-preview:large","max-video-preview":"max-video-preview:-1"},"og_locale":"sv_SE","og_type":"article","og_title":"etab 156 - Kontorstejp","og_description":"etab 156 \u00e4r en klassisk kontorstejp l\u00e4mplig f\u00f6r m\u00e5nga \u00e4ndam\u00e5l i butiken, hemmet och p\u00e5 kontoret. En genomskinlig kontorstejp som \u00e4r l\u00e4tt att hantera och l\u00e4tt att riva av. Passar utm\u00e4rkt till allt fr\u00e5n inslagning av presenter, f\u00f6r att laga eller f\u00e4sta papper, samt f\u00f6r att f\u00f6rsegla l\u00e4ttare paket. etab 156 kontorstejp \u00e4r gjord av specialbehandlad PP-film med akrylh\u00e4ft\u00e4mne. Levereras i en praktisk displayask och varje rulle \u00e4r individuellt f\u00f6rpackad i plastomslag.","og_url":"https:\/\/etab.eu\/dk\/produkt\/kontorstejp\/etab-156-kontorstejp\/","og_site_name":"etab Website - DK","article_modified_time":"2020-08-31T14:08:37+00:00","og_image":[{"width":1500,"height":1500,"url":"https:\/\/etab.eu\/dk\/wp-content\/uploads\/sites\/4\/2019\/12\/etab-156-kontorstejp-15mm-x-33m-10-rullar-kristallklar_1.jpg","type":"image\/jpeg"}],"twitter_card":"summary_large_image","twitter_misc":{"Availability":"In stock"},"schema":{"@context":"https:\/\/schema.org","@graph":[{"@type":["WebPage","ItemPage"],"@id":"https:\/\/etab.eu\/dk\/produkt\/kontorstejp\/etab-156-kontorstejp\/","url":"https:\/\/etab.eu\/dk\/produkt\/kontorstejp\/etab-156-kontorstejp\/","name":"etab 156 - Kontorstejp - etab Website - DK","isPartOf":{"@id":"https:\/\/etab.eu\/dk\/#website"},"primaryImageOfPage":{"@id":"https:\/\/etab.eu\/dk\/produkt\/kontorstejp\/etab-156-kontorstejp\/#primaryimage"},"image":{"@id":"https:\/\/etab.eu\/dk\/produkt\/kontorstejp\/etab-156-kontorstejp\/#primaryimage"},"thumbnailUrl":"https:\/\/etab.eu\/dk\/wp-content\/uploads\/sites\/4\/2019\/12\/etab-156-kontorstejp-15mm-x-33m-10-rullar-kristallklar_1.jpg","datePublished":"2019-12-12T14:18:26+00:00","dateModified":"2020-08-31T14:08:37+00:00","breadcrumb":{"@id":"https:\/\/etab.eu\/dk\/produkt\/kontorstejp\/etab-156-kontorstejp\/#breadcrumb"},"inLanguage":"sv-SE","potentialAction":[{"@type":"ReadAction","target":["https:\/\/etab.eu\/dk\/produkt\/kontorstejp\/etab-156-kontorstejp\/"]}]},{"@type":"ImageObject","inLanguage":"sv-SE","@id":"https:\/\/etab.eu\/dk\/produkt\/kontorstejp\/etab-156-kontorstejp\/#primaryimage","url":"https:\/\/etab.eu\/dk\/wp-content\/uploads\/sites\/4\/2019\/12\/etab-156-kontorstejp-15mm-x-33m-10-rullar-kristallklar_1.jpg","contentUrl":"https:\/\/etab.eu\/dk\/wp-content\/uploads\/sites\/4\/2019\/12\/etab-156-kontorstejp-15mm-x-33m-10-rullar-kristallklar_1.jpg","width":1500,"height":1500},{"@type":"BreadcrumbList","@id":"https:\/\/etab.eu\/dk\/produkt\/kontorstejp\/etab-156-kontorstejp\/#breadcrumb","itemListElement":[{"@type":"ListItem","position":1,"name":"Hem","item":"https:\/\/etab.eu\/dk\/"},{"@type":"ListItem","position":2,"name":"V\u00e5ra produkter","item":"https:\/\/etab.eu\/dk\/produkter\/"},{"@type":"ListItem","position":3,"name":"Kontorstejp","item":"https:\/\/etab.eu\/dk\/produkt-kategori\/kontorstejp\/"},{"@type":"ListItem","position":4,"name":"etab 156 &#8211; Kontorstejp"}]},{"@type":"WebSite","@id":"https:\/\/etab.eu\/dk\/#website","url":"https:\/\/etab.eu\/dk\/","name":"etab Website - DK","description":"","potentialAction":[{"@type":"SearchAction","target":{"@type":"EntryPoint","urlTemplate":"https:\/\/etab.eu\/dk\/?s={search_term_string}"},"query-input":{"@type":"PropertyValueSpecification","valueRequired":true,"valueName":"search_term_string"}}],"inLanguage":"sv-SE"}]},"og_availability":"instock","product_availability":"instock","product_retailer_item_id":"156","product_condition":"new"},"_links":{"self":[{"href":"https:\/\/etab.eu\/dk\/wp-json\/wp\/v2\/product\/4028","targetHints":{"allow":["GET"]}}],"collection":[{"href":"https:\/\/etab.eu\/dk\/wp-json\/wp\/v2\/product"}],"about":[{"href":"https:\/\/etab.eu\/dk\/wp-json\/wp\/v2\/types\/product"}],"replies":[{"embeddable":true,"href":"https:\/\/etab.eu\/dk\/wp-json\/wp\/v2\/comments?post=4028"}],"wp:featuredmedia":[{"embeddable":true,"href":"https:\/\/etab.eu\/dk\/wp-json\/wp\/v2\/media\/4066"}],"wp:attachment":[{"href":"https:\/\/etab.eu\/dk\/wp-json\/wp\/v2\/media?parent=4028"}],"wp:term":[{"taxonomy":"product_brand","embeddable":true,"href":"https:\/\/etab.eu\/dk\/wp-json\/wp\/v2\/product_brand?post=4028"},{"taxonomy":"product_cat","embeddable":true,"href":"https:\/\/etab.eu\/dk\/wp-json\/wp\/v2\/product_cat?post=4028"},{"taxonomy":"product_tag","embeddable":true,"href":"https:\/\/etab.eu\/dk\/wp-json\/wp\/v2\/product_tag?post=4028"}],"curies":[{"name":"wp","href":"https:\/\/api.w.org\/{rel}","templated":true}]}}