{"id":3646,"date":"2019-08-13T14:05:32","date_gmt":"2019-08-13T12:05:32","guid":{"rendered":"http:\/\/etab.eu\/dk\/?post_type=product&#038;p=3646"},"modified":"2019-12-03T10:46:33","modified_gmt":"2019-12-03T08:46:33","slug":"etab-160-hushallstejp-med-dispenser","status":"publish","type":"product","link":"https:\/\/etab.eu\/dk\/produkt\/kontorstejp\/etab-160-hushallstejp-med-dispenser\/","title":{"rendered":"etab 160 &#8211; Hush\u00e5llstejp med dispenser"},"content":{"rendered":"","protected":false},"excerpt":{"rendered":"<p>etab 160 \u00e4r en m\u00e5ngsidig kontorstejp l\u00e4mplig f\u00f6r m\u00e5nga \u00e4ndam\u00e5l p\u00e5 kontoret och i hemmet. Levereras med en praktisk h\u00e5llare som g\u00f6r det enkelt att riva av \u00f6nskad l\u00e4ngd tejp.<\/p>\n<p>Passar utm\u00e4rkt till allt fr\u00e5n inslagning av presenter, f\u00f6r att laga eller f\u00e4sta papper samt f\u00f6r att f\u00f6rsegla l\u00e4ttare paket.<\/p>\n<p>etab 160 hush\u00e5llstejp \u00e4r gjord av specialbehandlad PP-film med akrylh\u00e4ft\u00e4mne.<\/p>\n","protected":false},"featured_media":3647,"comment_status":"open","ping_status":"closed","template":"","meta":{"_acf_changed":false,"_trash_the_other_posts":false,"editor_notices":[]},"product_brand":[],"product_cat":[391],"product_tag":[],"class_list":{"0":"post-3646","1":"product","2":"type-product","3":"status-publish","4":"has-post-thumbnail","6":"product_cat-kontorstejp","8":"first","9":"instock","10":"shipping-taxable","11":"product-type-variable"},"acf":[],"yoast_head":"<!-- This site is optimized with the Yoast SEO Premium plugin v26.6 (Yoast SEO v26.6) - https:\/\/yoast.com\/wordpress\/plugins\/seo\/ -->\n<title>etab 160 - Hush\u00e5llstejp med dispenser - etab Website - DK<\/title>\n<meta name=\"robots\" content=\"noindex, follow, max-snippet:-1, max-image-preview:large, max-video-preview:-1\" \/>\n<meta property=\"og:locale\" content=\"sv_SE\" \/>\n<meta property=\"og:type\" content=\"article\" \/>\n<meta property=\"og:title\" content=\"etab 160 - Hush\u00e5llstejp med dispenser\" \/>\n<meta property=\"og:description\" content=\"etab 160 \u00e4r en m\u00e5ngsidig kontorstejp l\u00e4mplig f\u00f6r m\u00e5nga \u00e4ndam\u00e5l p\u00e5 kontoret och i hemmet. Levereras med en praktisk h\u00e5llare som g\u00f6r det enkelt att riva av \u00f6nskad l\u00e4ngd tejp. Passar utm\u00e4rkt till allt fr\u00e5n inslagning av presenter, f\u00f6r att laga eller f\u00e4sta papper samt f\u00f6r att f\u00f6rsegla l\u00e4ttare paket. etab 160 hush\u00e5llstejp \u00e4r gjord av specialbehandlad PP-film med akrylh\u00e4ft\u00e4mne.\" \/>\n<meta property=\"og:url\" content=\"https:\/\/etab.eu\/dk\/produkt\/kontorstejp\/etab-160-hushallstejp-med-dispenser\/\" \/>\n<meta property=\"og:site_name\" content=\"etab Website - DK\" \/>\n<meta property=\"article:modified_time\" content=\"2019-12-03T08:46:33+00:00\" \/>\n<meta name=\"twitter:card\" content=\"summary_large_image\" \/>\n<meta name=\"twitter:title\" content=\"etab 160 - Hush\u00e5llstejp med dispenser\" \/>\n<meta name=\"twitter:description\" content=\"etab 160 \u00e4r en m\u00e5ngsidig kontorstejp l\u00e4mplig f\u00f6r m\u00e5nga \u00e4ndam\u00e5l p\u00e5 kontoret och i hemmet. Levereras med en praktisk h\u00e5llare.\" \/>\n<meta name=\"twitter:image\" content=\"https:\/\/etab.eu\/dk\/wp-content\/uploads\/sites\/4\/2019\/08\/etab-160-hushallstejp-med-dispenser-18mm-x-33m-transparent_1.jpg\" \/>\n<meta name=\"twitter:label1\" content=\"Availability\" \/>\n\t<meta name=\"twitter:data1\" content=\"In stock\" \/>\n<script type=\"application\/ld+json\" class=\"yoast-schema-graph\">{\"@context\":\"https:\/\/schema.org\",\"@graph\":[{\"@type\":[\"WebPage\",\"ItemPage\"],\"@id\":\"https:\/\/etab.eu\/dk\/produkt\/kontorstejp\/etab-160-hushallstejp-med-dispenser\/\",\"url\":\"https:\/\/etab.eu\/dk\/produkt\/kontorstejp\/etab-160-hushallstejp-med-dispenser\/\",\"name\":\"etab 160 - Hush\u00e5llstejp med dispenser - etab Website - DK\",\"isPartOf\":{\"@id\":\"https:\/\/etab.eu\/dk\/#website\"},\"primaryImageOfPage\":{\"@id\":\"https:\/\/etab.eu\/dk\/produkt\/kontorstejp\/etab-160-hushallstejp-med-dispenser\/#primaryimage\"},\"image\":{\"@id\":\"https:\/\/etab.eu\/dk\/produkt\/kontorstejp\/etab-160-hushallstejp-med-dispenser\/#primaryimage\"},\"thumbnailUrl\":\"https:\/\/etab.eu\/dk\/wp-content\/uploads\/sites\/4\/2019\/08\/etab-160-hushallstejp-med-dispenser-18mm-x-33m-transparent_1.jpg\",\"datePublished\":\"2019-08-13T12:05:32+00:00\",\"dateModified\":\"2019-12-03T08:46:33+00:00\",\"breadcrumb\":{\"@id\":\"https:\/\/etab.eu\/dk\/produkt\/kontorstejp\/etab-160-hushallstejp-med-dispenser\/#breadcrumb\"},\"inLanguage\":\"sv-SE\",\"potentialAction\":[{\"@type\":\"ReadAction\",\"target\":[\"https:\/\/etab.eu\/dk\/produkt\/kontorstejp\/etab-160-hushallstejp-med-dispenser\/\"]}]},{\"@type\":\"ImageObject\",\"inLanguage\":\"sv-SE\",\"@id\":\"https:\/\/etab.eu\/dk\/produkt\/kontorstejp\/etab-160-hushallstejp-med-dispenser\/#primaryimage\",\"url\":\"https:\/\/etab.eu\/dk\/wp-content\/uploads\/sites\/4\/2019\/08\/etab-160-hushallstejp-med-dispenser-18mm-x-33m-transparent_1.jpg\",\"contentUrl\":\"https:\/\/etab.eu\/dk\/wp-content\/uploads\/sites\/4\/2019\/08\/etab-160-hushallstejp-med-dispenser-18mm-x-33m-transparent_1.jpg\",\"width\":1500,\"height\":1500},{\"@type\":\"BreadcrumbList\",\"@id\":\"https:\/\/etab.eu\/dk\/produkt\/kontorstejp\/etab-160-hushallstejp-med-dispenser\/#breadcrumb\",\"itemListElement\":[{\"@type\":\"ListItem\",\"position\":1,\"name\":\"Hem\",\"item\":\"https:\/\/etab.eu\/dk\/\"},{\"@type\":\"ListItem\",\"position\":2,\"name\":\"V\u00e5ra produkter\",\"item\":\"https:\/\/etab.eu\/dk\/produkter\/\"},{\"@type\":\"ListItem\",\"position\":3,\"name\":\"Kontorstejp\",\"item\":\"https:\/\/etab.eu\/dk\/produkt-kategori\/kontorstejp\/\"},{\"@type\":\"ListItem\",\"position\":4,\"name\":\"etab 160 &#8211; Hush\u00e5llstejp med dispenser\"}]},{\"@type\":\"WebSite\",\"@id\":\"https:\/\/etab.eu\/dk\/#website\",\"url\":\"https:\/\/etab.eu\/dk\/\",\"name\":\"etab Website - DK\",\"description\":\"\",\"potentialAction\":[{\"@type\":\"SearchAction\",\"target\":{\"@type\":\"EntryPoint\",\"urlTemplate\":\"https:\/\/etab.eu\/dk\/?s={search_term_string}\"},\"query-input\":{\"@type\":\"PropertyValueSpecification\",\"valueRequired\":true,\"valueName\":\"search_term_string\"}}],\"inLanguage\":\"sv-SE\"}]}<\/script>\n<meta property=\"og:availability\" content=\"instock\" \/>\n<meta property=\"product:availability\" content=\"instock\" \/>\n<meta property=\"product:retailer_item_id\" content=\"160\" \/>\n<meta property=\"product:condition\" content=\"new\" \/>\n<!-- \/ Yoast SEO Premium plugin. -->","yoast_head_json":{"title":"etab 160 - Hush\u00e5llstejp med dispenser - etab Website - DK","robots":{"index":"noindex","follow":"follow","max-snippet":"max-snippet:-1","max-image-preview":"max-image-preview:large","max-video-preview":"max-video-preview:-1"},"og_locale":"sv_SE","og_type":"article","og_title":"etab 160 - Hush\u00e5llstejp med dispenser","og_description":"etab 160 \u00e4r en m\u00e5ngsidig kontorstejp l\u00e4mplig f\u00f6r m\u00e5nga \u00e4ndam\u00e5l p\u00e5 kontoret och i hemmet. Levereras med en praktisk h\u00e5llare som g\u00f6r det enkelt att riva av \u00f6nskad l\u00e4ngd tejp. Passar utm\u00e4rkt till allt fr\u00e5n inslagning av presenter, f\u00f6r att laga eller f\u00e4sta papper samt f\u00f6r att f\u00f6rsegla l\u00e4ttare paket. etab 160 hush\u00e5llstejp \u00e4r gjord av specialbehandlad PP-film med akrylh\u00e4ft\u00e4mne.","og_url":"https:\/\/etab.eu\/dk\/produkt\/kontorstejp\/etab-160-hushallstejp-med-dispenser\/","og_site_name":"etab Website - DK","article_modified_time":"2019-12-03T08:46:33+00:00","twitter_card":"summary_large_image","twitter_title":"etab 160 - Hush\u00e5llstejp med dispenser","twitter_description":"etab 160 \u00e4r en m\u00e5ngsidig kontorstejp l\u00e4mplig f\u00f6r m\u00e5nga \u00e4ndam\u00e5l p\u00e5 kontoret och i hemmet. Levereras med en praktisk h\u00e5llare.","twitter_image":"https:\/\/etab.eu\/dk\/wp-content\/uploads\/sites\/4\/2019\/08\/etab-160-hushallstejp-med-dispenser-18mm-x-33m-transparent_1.jpg","twitter_misc":{"Availability":"In stock"},"schema":{"@context":"https:\/\/schema.org","@graph":[{"@type":["WebPage","ItemPage"],"@id":"https:\/\/etab.eu\/dk\/produkt\/kontorstejp\/etab-160-hushallstejp-med-dispenser\/","url":"https:\/\/etab.eu\/dk\/produkt\/kontorstejp\/etab-160-hushallstejp-med-dispenser\/","name":"etab 160 - Hush\u00e5llstejp med dispenser - etab Website - DK","isPartOf":{"@id":"https:\/\/etab.eu\/dk\/#website"},"primaryImageOfPage":{"@id":"https:\/\/etab.eu\/dk\/produkt\/kontorstejp\/etab-160-hushallstejp-med-dispenser\/#primaryimage"},"image":{"@id":"https:\/\/etab.eu\/dk\/produkt\/kontorstejp\/etab-160-hushallstejp-med-dispenser\/#primaryimage"},"thumbnailUrl":"https:\/\/etab.eu\/dk\/wp-content\/uploads\/sites\/4\/2019\/08\/etab-160-hushallstejp-med-dispenser-18mm-x-33m-transparent_1.jpg","datePublished":"2019-08-13T12:05:32+00:00","dateModified":"2019-12-03T08:46:33+00:00","breadcrumb":{"@id":"https:\/\/etab.eu\/dk\/produkt\/kontorstejp\/etab-160-hushallstejp-med-dispenser\/#breadcrumb"},"inLanguage":"sv-SE","potentialAction":[{"@type":"ReadAction","target":["https:\/\/etab.eu\/dk\/produkt\/kontorstejp\/etab-160-hushallstejp-med-dispenser\/"]}]},{"@type":"ImageObject","inLanguage":"sv-SE","@id":"https:\/\/etab.eu\/dk\/produkt\/kontorstejp\/etab-160-hushallstejp-med-dispenser\/#primaryimage","url":"https:\/\/etab.eu\/dk\/wp-content\/uploads\/sites\/4\/2019\/08\/etab-160-hushallstejp-med-dispenser-18mm-x-33m-transparent_1.jpg","contentUrl":"https:\/\/etab.eu\/dk\/wp-content\/uploads\/sites\/4\/2019\/08\/etab-160-hushallstejp-med-dispenser-18mm-x-33m-transparent_1.jpg","width":1500,"height":1500},{"@type":"BreadcrumbList","@id":"https:\/\/etab.eu\/dk\/produkt\/kontorstejp\/etab-160-hushallstejp-med-dispenser\/#breadcrumb","itemListElement":[{"@type":"ListItem","position":1,"name":"Hem","item":"https:\/\/etab.eu\/dk\/"},{"@type":"ListItem","position":2,"name":"V\u00e5ra produkter","item":"https:\/\/etab.eu\/dk\/produkter\/"},{"@type":"ListItem","position":3,"name":"Kontorstejp","item":"https:\/\/etab.eu\/dk\/produkt-kategori\/kontorstejp\/"},{"@type":"ListItem","position":4,"name":"etab 160 &#8211; Hush\u00e5llstejp med dispenser"}]},{"@type":"WebSite","@id":"https:\/\/etab.eu\/dk\/#website","url":"https:\/\/etab.eu\/dk\/","name":"etab Website - DK","description":"","potentialAction":[{"@type":"SearchAction","target":{"@type":"EntryPoint","urlTemplate":"https:\/\/etab.eu\/dk\/?s={search_term_string}"},"query-input":{"@type":"PropertyValueSpecification","valueRequired":true,"valueName":"search_term_string"}}],"inLanguage":"sv-SE"}]},"og_availability":"instock","product_availability":"instock","product_retailer_item_id":"160","product_condition":"new"},"_links":{"self":[{"href":"https:\/\/etab.eu\/dk\/wp-json\/wp\/v2\/product\/3646","targetHints":{"allow":["GET"]}}],"collection":[{"href":"https:\/\/etab.eu\/dk\/wp-json\/wp\/v2\/product"}],"about":[{"href":"https:\/\/etab.eu\/dk\/wp-json\/wp\/v2\/types\/product"}],"replies":[{"embeddable":true,"href":"https:\/\/etab.eu\/dk\/wp-json\/wp\/v2\/comments?post=3646"}],"wp:featuredmedia":[{"embeddable":true,"href":"https:\/\/etab.eu\/dk\/wp-json\/wp\/v2\/media\/3647"}],"wp:attachment":[{"href":"https:\/\/etab.eu\/dk\/wp-json\/wp\/v2\/media?parent=3646"}],"wp:term":[{"taxonomy":"product_brand","embeddable":true,"href":"https:\/\/etab.eu\/dk\/wp-json\/wp\/v2\/product_brand?post=3646"},{"taxonomy":"product_cat","embeddable":true,"href":"https:\/\/etab.eu\/dk\/wp-json\/wp\/v2\/product_cat?post=3646"},{"taxonomy":"product_tag","embeddable":true,"href":"https:\/\/etab.eu\/dk\/wp-json\/wp\/v2\/product_tag?post=3646"}],"curies":[{"name":"wp","href":"https:\/\/api.w.org\/{rel}","templated":true}]}}