{"id":2448,"date":"2018-10-03T09:19:58","date_gmt":"2018-10-03T09:19:58","guid":{"rendered":"http:\/\/etab.eu\/dk\/?post_type=product&#038;p=2448"},"modified":"2020-05-06T13:03:59","modified_gmt":"2020-05-06T11:03:59","slug":"313hm-papperstejp","status":"publish","type":"product","link":"https:\/\/etab.eu\/dk\/produkt\/emballagetejp\/313hm-papperstejp\/","title":{"rendered":"etab 313HM &#8211; Pappers\u00adtejp"},"content":{"rendered":"","protected":false},"excerpt":{"rendered":"<p>Sl\u00e4t kraftpapperstejp med syntetiskt h\u00e4ft\u00e4mne. Silikoniserad ovansida. Mycket h\u00e5rdh\u00e4ftande. L\u00e4tt och j\u00e4mn avrullning. Antistatisk och vattenavvisande. F\u00e4ster ej mot egen rygg. Rivbar.<\/p>\n<p>F\u00f6r \u00e4ndf\u00f6rslutning av jumborullar inom pappersindustrin. All f\u00f6rslutning av emballage, en &#8216;probleml\u00f6sare&#8217; p\u00e5 sv\u00e5ra ytor.<\/p>\n","protected":false},"featured_media":2449,"comment_status":"open","ping_status":"closed","template":"","meta":{"_acf_changed":false,"_trash_the_other_posts":false,"editor_notices":[]},"product_brand":[],"product_cat":[516,392],"product_tag":[],"class_list":{"0":"post-2448","1":"product","2":"type-product","3":"status-publish","4":"has-post-thumbnail","6":"product_cat-industritejp","7":"product_cat-emballagetejp","9":"first","10":"instock","11":"shipping-taxable","12":"product-type-variable"},"acf":[],"yoast_head":"<!-- This site is optimized with the Yoast SEO Premium plugin v26.6 (Yoast SEO v26.6) - https:\/\/yoast.com\/wordpress\/plugins\/seo\/ -->\n<title>etab 313HM - Pappers\u00adtejp - etab Website - DK<\/title>\n<meta name=\"robots\" content=\"noindex, follow, max-snippet:-1, max-image-preview:large, max-video-preview:-1\" \/>\n<meta property=\"og:locale\" content=\"sv_SE\" \/>\n<meta property=\"og:type\" content=\"article\" \/>\n<meta property=\"og:title\" content=\"etab 313HM - Pappers\u00adtejp\" \/>\n<meta property=\"og:description\" content=\"Sl\u00e4t kraftpapperstejp med syntetiskt h\u00e4ft\u00e4mne. Silikoniserad ovansida. Mycket h\u00e5rdh\u00e4ftande. L\u00e4tt och j\u00e4mn avrullning. Antistatisk och vattenavvisande. F\u00e4ster ej mot egen rygg. Rivbar. F\u00f6r \u00e4ndf\u00f6rslutning av jumborullar inom pappersindustrin. All f\u00f6rslutning av emballage, en &#039;probleml\u00f6sare&#039; p\u00e5 sv\u00e5ra ytor.\" \/>\n<meta property=\"og:url\" content=\"https:\/\/etab.eu\/dk\/produkt\/emballagetejp\/313hm-papperstejp\/\" \/>\n<meta property=\"og:site_name\" content=\"etab Website - DK\" \/>\n<meta property=\"article:modified_time\" content=\"2020-05-06T11:03:59+00:00\" \/>\n<meta name=\"twitter:card\" content=\"summary_large_image\" \/>\n<meta name=\"twitter:title\" content=\"etab 313HM - Pappers\u00adtejp\" \/>\n<meta name=\"twitter:description\" content=\"Sl\u00e4t kraftpapperstejp med syntetiskt h\u00e4ft\u00e4mne. Silikoniserad ovansida. Mycket h\u00e5rdh\u00e4ftande. L\u00e4tt och j\u00e4mn avrullning.\" \/>\n<meta name=\"twitter:image\" content=\"https:\/\/etab.eu\/dk\/wp-content\/uploads\/sites\/4\/2018\/10\/etab-313HM-papperstejp-50mm-x-50m_2.jpg\" \/>\n<meta name=\"twitter:label1\" content=\"Availability\" \/>\n\t<meta name=\"twitter:data1\" content=\"In stock\" \/>\n<script type=\"application\/ld+json\" class=\"yoast-schema-graph\">{\"@context\":\"https:\/\/schema.org\",\"@graph\":[{\"@type\":[\"WebPage\",\"ItemPage\"],\"@id\":\"https:\/\/etab.eu\/dk\/produkt\/emballagetejp\/313hm-papperstejp\/\",\"url\":\"https:\/\/etab.eu\/dk\/produkt\/emballagetejp\/313hm-papperstejp\/\",\"name\":\"etab 313HM - Pappers\u00adtejp - etab Website - DK\",\"isPartOf\":{\"@id\":\"https:\/\/etab.eu\/dk\/#website\"},\"primaryImageOfPage\":{\"@id\":\"https:\/\/etab.eu\/dk\/produkt\/emballagetejp\/313hm-papperstejp\/#primaryimage\"},\"image\":{\"@id\":\"https:\/\/etab.eu\/dk\/produkt\/emballagetejp\/313hm-papperstejp\/#primaryimage\"},\"thumbnailUrl\":\"https:\/\/etab.eu\/dk\/wp-content\/uploads\/sites\/4\/2018\/10\/etab-313HM-papperstejp-50mm-x-50m_2.jpg\",\"datePublished\":\"2018-10-03T09:19:58+00:00\",\"dateModified\":\"2020-05-06T11:03:59+00:00\",\"breadcrumb\":{\"@id\":\"https:\/\/etab.eu\/dk\/produkt\/emballagetejp\/313hm-papperstejp\/#breadcrumb\"},\"inLanguage\":\"sv-SE\",\"potentialAction\":[{\"@type\":\"ReadAction\",\"target\":[\"https:\/\/etab.eu\/dk\/produkt\/emballagetejp\/313hm-papperstejp\/\"]}]},{\"@type\":\"ImageObject\",\"inLanguage\":\"sv-SE\",\"@id\":\"https:\/\/etab.eu\/dk\/produkt\/emballagetejp\/313hm-papperstejp\/#primaryimage\",\"url\":\"https:\/\/etab.eu\/dk\/wp-content\/uploads\/sites\/4\/2018\/10\/etab-313HM-papperstejp-50mm-x-50m_2.jpg\",\"contentUrl\":\"https:\/\/etab.eu\/dk\/wp-content\/uploads\/sites\/4\/2018\/10\/etab-313HM-papperstejp-50mm-x-50m_2.jpg\",\"width\":1500,\"height\":1500},{\"@type\":\"BreadcrumbList\",\"@id\":\"https:\/\/etab.eu\/dk\/produkt\/emballagetejp\/313hm-papperstejp\/#breadcrumb\",\"itemListElement\":[{\"@type\":\"ListItem\",\"position\":1,\"name\":\"Hem\",\"item\":\"https:\/\/etab.eu\/dk\/\"},{\"@type\":\"ListItem\",\"position\":2,\"name\":\"V\u00e5ra produkter\",\"item\":\"https:\/\/etab.eu\/dk\/produkter\/\"},{\"@type\":\"ListItem\",\"position\":3,\"name\":\"Emballagetejp\",\"item\":\"https:\/\/etab.eu\/dk\/produkt-kategori\/emballagetejp\/\"},{\"@type\":\"ListItem\",\"position\":4,\"name\":\"etab 313HM &#8211; Pappers\u00adtejp\"}]},{\"@type\":\"WebSite\",\"@id\":\"https:\/\/etab.eu\/dk\/#website\",\"url\":\"https:\/\/etab.eu\/dk\/\",\"name\":\"etab Website - DK\",\"description\":\"\",\"potentialAction\":[{\"@type\":\"SearchAction\",\"target\":{\"@type\":\"EntryPoint\",\"urlTemplate\":\"https:\/\/etab.eu\/dk\/?s={search_term_string}\"},\"query-input\":{\"@type\":\"PropertyValueSpecification\",\"valueRequired\":true,\"valueName\":\"search_term_string\"}}],\"inLanguage\":\"sv-SE\"}]}<\/script>\n<meta property=\"og:availability\" content=\"instock\" \/>\n<meta property=\"product:availability\" content=\"instock\" \/>\n<meta property=\"product:retailer_item_id\" content=\"313HM\" \/>\n<meta property=\"product:condition\" content=\"new\" \/>\n<!-- \/ Yoast SEO Premium plugin. -->","yoast_head_json":{"title":"etab 313HM - Pappers\u00adtejp - etab Website - DK","robots":{"index":"noindex","follow":"follow","max-snippet":"max-snippet:-1","max-image-preview":"max-image-preview:large","max-video-preview":"max-video-preview:-1"},"og_locale":"sv_SE","og_type":"article","og_title":"etab 313HM - Pappers\u00adtejp","og_description":"Sl\u00e4t kraftpapperstejp med syntetiskt h\u00e4ft\u00e4mne. Silikoniserad ovansida. Mycket h\u00e5rdh\u00e4ftande. L\u00e4tt och j\u00e4mn avrullning. Antistatisk och vattenavvisande. F\u00e4ster ej mot egen rygg. Rivbar. F\u00f6r \u00e4ndf\u00f6rslutning av jumborullar inom pappersindustrin. All f\u00f6rslutning av emballage, en 'probleml\u00f6sare' p\u00e5 sv\u00e5ra ytor.","og_url":"https:\/\/etab.eu\/dk\/produkt\/emballagetejp\/313hm-papperstejp\/","og_site_name":"etab Website - DK","article_modified_time":"2020-05-06T11:03:59+00:00","twitter_card":"summary_large_image","twitter_title":"etab 313HM - Pappers\u00adtejp","twitter_description":"Sl\u00e4t kraftpapperstejp med syntetiskt h\u00e4ft\u00e4mne. Silikoniserad ovansida. Mycket h\u00e5rdh\u00e4ftande. L\u00e4tt och j\u00e4mn avrullning.","twitter_image":"https:\/\/etab.eu\/dk\/wp-content\/uploads\/sites\/4\/2018\/10\/etab-313HM-papperstejp-50mm-x-50m_2.jpg","twitter_misc":{"Availability":"In stock"},"schema":{"@context":"https:\/\/schema.org","@graph":[{"@type":["WebPage","ItemPage"],"@id":"https:\/\/etab.eu\/dk\/produkt\/emballagetejp\/313hm-papperstejp\/","url":"https:\/\/etab.eu\/dk\/produkt\/emballagetejp\/313hm-papperstejp\/","name":"etab 313HM - Pappers\u00adtejp - etab Website - DK","isPartOf":{"@id":"https:\/\/etab.eu\/dk\/#website"},"primaryImageOfPage":{"@id":"https:\/\/etab.eu\/dk\/produkt\/emballagetejp\/313hm-papperstejp\/#primaryimage"},"image":{"@id":"https:\/\/etab.eu\/dk\/produkt\/emballagetejp\/313hm-papperstejp\/#primaryimage"},"thumbnailUrl":"https:\/\/etab.eu\/dk\/wp-content\/uploads\/sites\/4\/2018\/10\/etab-313HM-papperstejp-50mm-x-50m_2.jpg","datePublished":"2018-10-03T09:19:58+00:00","dateModified":"2020-05-06T11:03:59+00:00","breadcrumb":{"@id":"https:\/\/etab.eu\/dk\/produkt\/emballagetejp\/313hm-papperstejp\/#breadcrumb"},"inLanguage":"sv-SE","potentialAction":[{"@type":"ReadAction","target":["https:\/\/etab.eu\/dk\/produkt\/emballagetejp\/313hm-papperstejp\/"]}]},{"@type":"ImageObject","inLanguage":"sv-SE","@id":"https:\/\/etab.eu\/dk\/produkt\/emballagetejp\/313hm-papperstejp\/#primaryimage","url":"https:\/\/etab.eu\/dk\/wp-content\/uploads\/sites\/4\/2018\/10\/etab-313HM-papperstejp-50mm-x-50m_2.jpg","contentUrl":"https:\/\/etab.eu\/dk\/wp-content\/uploads\/sites\/4\/2018\/10\/etab-313HM-papperstejp-50mm-x-50m_2.jpg","width":1500,"height":1500},{"@type":"BreadcrumbList","@id":"https:\/\/etab.eu\/dk\/produkt\/emballagetejp\/313hm-papperstejp\/#breadcrumb","itemListElement":[{"@type":"ListItem","position":1,"name":"Hem","item":"https:\/\/etab.eu\/dk\/"},{"@type":"ListItem","position":2,"name":"V\u00e5ra produkter","item":"https:\/\/etab.eu\/dk\/produkter\/"},{"@type":"ListItem","position":3,"name":"Emballagetejp","item":"https:\/\/etab.eu\/dk\/produkt-kategori\/emballagetejp\/"},{"@type":"ListItem","position":4,"name":"etab 313HM &#8211; Pappers\u00adtejp"}]},{"@type":"WebSite","@id":"https:\/\/etab.eu\/dk\/#website","url":"https:\/\/etab.eu\/dk\/","name":"etab Website - DK","description":"","potentialAction":[{"@type":"SearchAction","target":{"@type":"EntryPoint","urlTemplate":"https:\/\/etab.eu\/dk\/?s={search_term_string}"},"query-input":{"@type":"PropertyValueSpecification","valueRequired":true,"valueName":"search_term_string"}}],"inLanguage":"sv-SE"}]},"og_availability":"instock","product_availability":"instock","product_retailer_item_id":"313HM","product_condition":"new"},"_links":{"self":[{"href":"https:\/\/etab.eu\/dk\/wp-json\/wp\/v2\/product\/2448","targetHints":{"allow":["GET"]}}],"collection":[{"href":"https:\/\/etab.eu\/dk\/wp-json\/wp\/v2\/product"}],"about":[{"href":"https:\/\/etab.eu\/dk\/wp-json\/wp\/v2\/types\/product"}],"replies":[{"embeddable":true,"href":"https:\/\/etab.eu\/dk\/wp-json\/wp\/v2\/comments?post=2448"}],"wp:featuredmedia":[{"embeddable":true,"href":"https:\/\/etab.eu\/dk\/wp-json\/wp\/v2\/media\/2449"}],"wp:attachment":[{"href":"https:\/\/etab.eu\/dk\/wp-json\/wp\/v2\/media?parent=2448"}],"wp:term":[{"taxonomy":"product_brand","embeddable":true,"href":"https:\/\/etab.eu\/dk\/wp-json\/wp\/v2\/product_brand?post=2448"},{"taxonomy":"product_cat","embeddable":true,"href":"https:\/\/etab.eu\/dk\/wp-json\/wp\/v2\/product_cat?post=2448"},{"taxonomy":"product_tag","embeddable":true,"href":"https:\/\/etab.eu\/dk\/wp-json\/wp\/v2\/product_tag?post=2448"}],"curies":[{"name":"wp","href":"https:\/\/api.w.org\/{rel}","templated":true}]}}