{"id":2283,"date":"2018-10-02T08:37:40","date_gmt":"2018-10-02T08:37:40","guid":{"rendered":"http:\/\/etab.eu\/dk\/?post_type=product&#038;p=2283"},"modified":"2020-05-07T13:50:31","modified_gmt":"2020-05-07T11:50:31","slug":"9602-packtejp-aktas-for-stotar","status":"publish","type":"product","link":"https:\/\/etab.eu\/dk\/produkt\/packtejp\/9602-packtejp-aktas-for-stotar\/","title":{"rendered":"etab 9602 &#8211; Packtejp &#8216;AKTAS F\u00d6R ST\u00d6TAR&#8217;"},"content":{"rendered":"","protected":false},"excerpt":{"rendered":"<p>Fluorescerande orange PVC-tejp. Svart, positivt AKTAS F\u00d6R ST\u00d6TAR tryck.<\/p>\n","protected":false},"featured_media":2284,"comment_status":"open","ping_status":"closed","template":"","meta":{"_acf_changed":false,"_trash_the_other_posts":false,"editor_notices":[]},"product_brand":[],"product_cat":[549,392],"product_tag":[],"class_list":{"0":"post-2283","1":"product","2":"type-product","3":"status-publish","4":"has-post-thumbnail","6":"product_cat-packtejp","7":"product_cat-emballagetejp","9":"first","10":"instock","11":"shipping-taxable","12":"product-type-variable"},"acf":[],"yoast_head":"<!-- This site is optimized with the Yoast SEO Premium plugin v26.6 (Yoast SEO v26.6) - https:\/\/yoast.com\/wordpress\/plugins\/seo\/ -->\n<title>etab 9602 - Packtejp &#039;AKTAS F\u00d6R ST\u00d6TAR&#039; - etab Website - DK<\/title>\n<meta name=\"robots\" content=\"noindex, follow, max-snippet:-1, max-image-preview:large, max-video-preview:-1\" \/>\n<meta property=\"og:locale\" content=\"sv_SE\" \/>\n<meta property=\"og:type\" content=\"article\" \/>\n<meta property=\"og:title\" content=\"etab 9602 - Packtejp &#039;AKTAS F\u00d6R ST\u00d6TAR&#039;\" \/>\n<meta property=\"og:description\" content=\"Fluorescerande orange PVC-tejp. Svart, positivt AKTAS F\u00d6R ST\u00d6TAR tryck.\" \/>\n<meta property=\"og:url\" content=\"https:\/\/etab.eu\/dk\/produkt\/packtejp\/9602-packtejp-aktas-for-stotar\/\" \/>\n<meta property=\"og:site_name\" content=\"etab Website - DK\" \/>\n<meta property=\"article:modified_time\" content=\"2020-05-07T11:50:31+00:00\" \/>\n<meta name=\"twitter:card\" content=\"summary_large_image\" \/>\n<meta name=\"twitter:title\" content=\"etab 9602 - Packtejp &#039;AKTAS F\u00d6R ST\u00d6TAR&#039;\" \/>\n<meta name=\"twitter:description\" content=\"Fluorescerande orange PVC-tejp. Svart, positivt AKTAS F\u00d6R ST\u00d6TAR tryck.\" \/>\n<meta name=\"twitter:image\" content=\"https:\/\/etab.eu\/dk\/wp-content\/uploads\/sites\/4\/2018\/10\/etab-9602-tejp-med-standardtryck-aktas-for-stotar-50mm-x-33m_2.jpg\" \/>\n<meta name=\"twitter:label1\" content=\"Availability\" \/>\n\t<meta name=\"twitter:data1\" content=\"In stock\" \/>\n<script type=\"application\/ld+json\" class=\"yoast-schema-graph\">{\"@context\":\"https:\/\/schema.org\",\"@graph\":[{\"@type\":[\"WebPage\",\"ItemPage\"],\"@id\":\"https:\/\/etab.eu\/dk\/produkt\/packtejp\/9602-packtejp-aktas-for-stotar\/\",\"url\":\"https:\/\/etab.eu\/dk\/produkt\/packtejp\/9602-packtejp-aktas-for-stotar\/\",\"name\":\"etab 9602 - Packtejp 'AKTAS F\u00d6R ST\u00d6TAR' - etab Website - DK\",\"isPartOf\":{\"@id\":\"https:\/\/etab.eu\/dk\/#website\"},\"primaryImageOfPage\":{\"@id\":\"https:\/\/etab.eu\/dk\/produkt\/packtejp\/9602-packtejp-aktas-for-stotar\/#primaryimage\"},\"image\":{\"@id\":\"https:\/\/etab.eu\/dk\/produkt\/packtejp\/9602-packtejp-aktas-for-stotar\/#primaryimage\"},\"thumbnailUrl\":\"https:\/\/etab.eu\/dk\/wp-content\/uploads\/sites\/4\/2018\/10\/etab-9602-tejp-med-standardtryck-aktas-for-stotar-50mm-x-33m_2.jpg\",\"datePublished\":\"2018-10-02T08:37:40+00:00\",\"dateModified\":\"2020-05-07T11:50:31+00:00\",\"breadcrumb\":{\"@id\":\"https:\/\/etab.eu\/dk\/produkt\/packtejp\/9602-packtejp-aktas-for-stotar\/#breadcrumb\"},\"inLanguage\":\"sv-SE\",\"potentialAction\":[{\"@type\":\"ReadAction\",\"target\":[\"https:\/\/etab.eu\/dk\/produkt\/packtejp\/9602-packtejp-aktas-for-stotar\/\"]}]},{\"@type\":\"ImageObject\",\"inLanguage\":\"sv-SE\",\"@id\":\"https:\/\/etab.eu\/dk\/produkt\/packtejp\/9602-packtejp-aktas-for-stotar\/#primaryimage\",\"url\":\"https:\/\/etab.eu\/dk\/wp-content\/uploads\/sites\/4\/2018\/10\/etab-9602-tejp-med-standardtryck-aktas-for-stotar-50mm-x-33m_2.jpg\",\"contentUrl\":\"https:\/\/etab.eu\/dk\/wp-content\/uploads\/sites\/4\/2018\/10\/etab-9602-tejp-med-standardtryck-aktas-for-stotar-50mm-x-33m_2.jpg\",\"width\":1500,\"height\":1500},{\"@type\":\"BreadcrumbList\",\"@id\":\"https:\/\/etab.eu\/dk\/produkt\/packtejp\/9602-packtejp-aktas-for-stotar\/#breadcrumb\",\"itemListElement\":[{\"@type\":\"ListItem\",\"position\":1,\"name\":\"Hem\",\"item\":\"https:\/\/etab.eu\/dk\/\"},{\"@type\":\"ListItem\",\"position\":2,\"name\":\"V\u00e5ra produkter\",\"item\":\"https:\/\/etab.eu\/dk\/produkter\/\"},{\"@type\":\"ListItem\",\"position\":3,\"name\":\"Packtejp\",\"item\":\"https:\/\/etab.eu\/dk\/produkt-kategori\/packtejp\/\"},{\"@type\":\"ListItem\",\"position\":4,\"name\":\"etab 9602 &#8211; Packtejp &#8216;AKTAS F\u00d6R ST\u00d6TAR&#8217;\"}]},{\"@type\":\"WebSite\",\"@id\":\"https:\/\/etab.eu\/dk\/#website\",\"url\":\"https:\/\/etab.eu\/dk\/\",\"name\":\"etab Website - DK\",\"description\":\"\",\"potentialAction\":[{\"@type\":\"SearchAction\",\"target\":{\"@type\":\"EntryPoint\",\"urlTemplate\":\"https:\/\/etab.eu\/dk\/?s={search_term_string}\"},\"query-input\":{\"@type\":\"PropertyValueSpecification\",\"valueRequired\":true,\"valueName\":\"search_term_string\"}}],\"inLanguage\":\"sv-SE\"}]}<\/script>\n<meta property=\"og:availability\" content=\"instock\" \/>\n<meta property=\"product:availability\" content=\"instock\" \/>\n<meta property=\"product:retailer_item_id\" content=\"9602\" \/>\n<meta property=\"product:condition\" content=\"new\" \/>\n<!-- \/ Yoast SEO Premium plugin. -->","yoast_head_json":{"title":"etab 9602 - Packtejp 'AKTAS F\u00d6R ST\u00d6TAR' - etab Website - DK","robots":{"index":"noindex","follow":"follow","max-snippet":"max-snippet:-1","max-image-preview":"max-image-preview:large","max-video-preview":"max-video-preview:-1"},"og_locale":"sv_SE","og_type":"article","og_title":"etab 9602 - Packtejp 'AKTAS F\u00d6R ST\u00d6TAR'","og_description":"Fluorescerande orange PVC-tejp. Svart, positivt AKTAS F\u00d6R ST\u00d6TAR tryck.","og_url":"https:\/\/etab.eu\/dk\/produkt\/packtejp\/9602-packtejp-aktas-for-stotar\/","og_site_name":"etab Website - DK","article_modified_time":"2020-05-07T11:50:31+00:00","twitter_card":"summary_large_image","twitter_title":"etab 9602 - Packtejp 'AKTAS F\u00d6R ST\u00d6TAR'","twitter_description":"Fluorescerande orange PVC-tejp. Svart, positivt AKTAS F\u00d6R ST\u00d6TAR tryck.","twitter_image":"https:\/\/etab.eu\/dk\/wp-content\/uploads\/sites\/4\/2018\/10\/etab-9602-tejp-med-standardtryck-aktas-for-stotar-50mm-x-33m_2.jpg","twitter_misc":{"Availability":"In stock"},"schema":{"@context":"https:\/\/schema.org","@graph":[{"@type":["WebPage","ItemPage"],"@id":"https:\/\/etab.eu\/dk\/produkt\/packtejp\/9602-packtejp-aktas-for-stotar\/","url":"https:\/\/etab.eu\/dk\/produkt\/packtejp\/9602-packtejp-aktas-for-stotar\/","name":"etab 9602 - Packtejp 'AKTAS F\u00d6R ST\u00d6TAR' - etab Website - DK","isPartOf":{"@id":"https:\/\/etab.eu\/dk\/#website"},"primaryImageOfPage":{"@id":"https:\/\/etab.eu\/dk\/produkt\/packtejp\/9602-packtejp-aktas-for-stotar\/#primaryimage"},"image":{"@id":"https:\/\/etab.eu\/dk\/produkt\/packtejp\/9602-packtejp-aktas-for-stotar\/#primaryimage"},"thumbnailUrl":"https:\/\/etab.eu\/dk\/wp-content\/uploads\/sites\/4\/2018\/10\/etab-9602-tejp-med-standardtryck-aktas-for-stotar-50mm-x-33m_2.jpg","datePublished":"2018-10-02T08:37:40+00:00","dateModified":"2020-05-07T11:50:31+00:00","breadcrumb":{"@id":"https:\/\/etab.eu\/dk\/produkt\/packtejp\/9602-packtejp-aktas-for-stotar\/#breadcrumb"},"inLanguage":"sv-SE","potentialAction":[{"@type":"ReadAction","target":["https:\/\/etab.eu\/dk\/produkt\/packtejp\/9602-packtejp-aktas-for-stotar\/"]}]},{"@type":"ImageObject","inLanguage":"sv-SE","@id":"https:\/\/etab.eu\/dk\/produkt\/packtejp\/9602-packtejp-aktas-for-stotar\/#primaryimage","url":"https:\/\/etab.eu\/dk\/wp-content\/uploads\/sites\/4\/2018\/10\/etab-9602-tejp-med-standardtryck-aktas-for-stotar-50mm-x-33m_2.jpg","contentUrl":"https:\/\/etab.eu\/dk\/wp-content\/uploads\/sites\/4\/2018\/10\/etab-9602-tejp-med-standardtryck-aktas-for-stotar-50mm-x-33m_2.jpg","width":1500,"height":1500},{"@type":"BreadcrumbList","@id":"https:\/\/etab.eu\/dk\/produkt\/packtejp\/9602-packtejp-aktas-for-stotar\/#breadcrumb","itemListElement":[{"@type":"ListItem","position":1,"name":"Hem","item":"https:\/\/etab.eu\/dk\/"},{"@type":"ListItem","position":2,"name":"V\u00e5ra produkter","item":"https:\/\/etab.eu\/dk\/produkter\/"},{"@type":"ListItem","position":3,"name":"Packtejp","item":"https:\/\/etab.eu\/dk\/produkt-kategori\/packtejp\/"},{"@type":"ListItem","position":4,"name":"etab 9602 &#8211; Packtejp &#8216;AKTAS F\u00d6R ST\u00d6TAR&#8217;"}]},{"@type":"WebSite","@id":"https:\/\/etab.eu\/dk\/#website","url":"https:\/\/etab.eu\/dk\/","name":"etab Website - DK","description":"","potentialAction":[{"@type":"SearchAction","target":{"@type":"EntryPoint","urlTemplate":"https:\/\/etab.eu\/dk\/?s={search_term_string}"},"query-input":{"@type":"PropertyValueSpecification","valueRequired":true,"valueName":"search_term_string"}}],"inLanguage":"sv-SE"}]},"og_availability":"instock","product_availability":"instock","product_retailer_item_id":"9602","product_condition":"new"},"_links":{"self":[{"href":"https:\/\/etab.eu\/dk\/wp-json\/wp\/v2\/product\/2283","targetHints":{"allow":["GET"]}}],"collection":[{"href":"https:\/\/etab.eu\/dk\/wp-json\/wp\/v2\/product"}],"about":[{"href":"https:\/\/etab.eu\/dk\/wp-json\/wp\/v2\/types\/product"}],"replies":[{"embeddable":true,"href":"https:\/\/etab.eu\/dk\/wp-json\/wp\/v2\/comments?post=2283"}],"wp:featuredmedia":[{"embeddable":true,"href":"https:\/\/etab.eu\/dk\/wp-json\/wp\/v2\/media\/2284"}],"wp:attachment":[{"href":"https:\/\/etab.eu\/dk\/wp-json\/wp\/v2\/media?parent=2283"}],"wp:term":[{"taxonomy":"product_brand","embeddable":true,"href":"https:\/\/etab.eu\/dk\/wp-json\/wp\/v2\/product_brand?post=2283"},{"taxonomy":"product_cat","embeddable":true,"href":"https:\/\/etab.eu\/dk\/wp-json\/wp\/v2\/product_cat?post=2283"},{"taxonomy":"product_tag","embeddable":true,"href":"https:\/\/etab.eu\/dk\/wp-json\/wp\/v2\/product_tag?post=2283"}],"curies":[{"name":"wp","href":"https:\/\/api.w.org\/{rel}","templated":true}]}}