{"id":2207,"date":"2018-10-02T07:21:59","date_gmt":"2018-10-02T07:21:59","guid":{"rendered":"http:\/\/etab.eu\/dk\/?post_type=product&#038;p=2207"},"modified":"2020-05-08T09:57:26","modified_gmt":"2020-05-08T07:57:26","slug":"e7r-tejphallare-pasforslutare","status":"publish","type":"product","link":"https:\/\/etab.eu\/dk\/produkt\/tejphallare\/e7r-tejphallare-pasforslutare\/","title":{"rendered":"etab E7R &#8211; Tejph\u00e5llare p\u00e5s\u00adf\u00f6rslutare"},"content":{"rendered":"","protected":false},"excerpt":{"rendered":"<p>P\u00e5sf\u00f6rslutare f\u00f6r tejp i max. 12 mm bredd. Med kniv f\u00f6r kapning av p\u00e5sen utanf\u00f6r f\u00f6rslutningen.<\/p>\n","protected":false},"featured_media":2208,"comment_status":"open","ping_status":"closed","template":"","meta":{"_acf_changed":false,"_trash_the_other_posts":false,"editor_notices":[]},"product_brand":[],"product_cat":[400],"product_tag":[],"class_list":{"0":"post-2207","1":"product","2":"type-product","3":"status-publish","4":"has-post-thumbnail","6":"product_cat-tejphallare","8":"first","9":"instock","10":"shipping-taxable","11":"product-type-variable"},"acf":[],"yoast_head":"<!-- This site is optimized with the Yoast SEO Premium plugin v26.6 (Yoast SEO v26.6) - https:\/\/yoast.com\/wordpress\/plugins\/seo\/ -->\n<title>etab E7R - Tejph\u00e5llare p\u00e5s\u00adf\u00f6rslutare - etab Website - DK<\/title>\n<meta name=\"robots\" content=\"noindex, follow, max-snippet:-1, max-image-preview:large, max-video-preview:-1\" \/>\n<meta property=\"og:locale\" content=\"sv_SE\" \/>\n<meta property=\"og:type\" content=\"article\" \/>\n<meta property=\"og:title\" content=\"etab E7R - Tejph\u00e5llare p\u00e5s\u00adf\u00f6rslutare\" \/>\n<meta property=\"og:description\" content=\"P\u00e5sf\u00f6rslutare f\u00f6r tejp i max. 12 mm bredd. Med kniv f\u00f6r kapning av p\u00e5sen utanf\u00f6r f\u00f6rslutningen.\" \/>\n<meta property=\"og:url\" content=\"https:\/\/etab.eu\/dk\/produkt\/tejphallare\/e7r-tejphallare-pasforslutare\/\" \/>\n<meta property=\"og:site_name\" content=\"etab Website - DK\" \/>\n<meta property=\"article:modified_time\" content=\"2020-05-08T07:57:26+00:00\" \/>\n<meta name=\"twitter:card\" content=\"summary_large_image\" \/>\n<meta name=\"twitter:title\" content=\"etab E7R - Tejph\u00e5llare p\u00e5s\u00adf\u00f6rslutare\" \/>\n<meta name=\"twitter:description\" content=\"P\u00e5sf\u00f6rslutare f\u00f6r tejp i max. 12 mm bredd. Med kniv f\u00f6r kapning av p\u00e5sen utanf\u00f6r f\u00f6rslutningen.\" \/>\n<meta name=\"twitter:image\" content=\"https:\/\/etab.eu\/dk\/wp-content\/uploads\/sites\/4\/2018\/10\/etab-E7R-tejphallare-pasforslutare_1.jpg\" \/>\n<meta name=\"twitter:label1\" content=\"Availability\" \/>\n\t<meta name=\"twitter:data1\" content=\"In stock\" \/>\n<script type=\"application\/ld+json\" class=\"yoast-schema-graph\">{\"@context\":\"https:\/\/schema.org\",\"@graph\":[{\"@type\":[\"WebPage\",\"ItemPage\"],\"@id\":\"https:\/\/etab.eu\/dk\/produkt\/tejphallare\/e7r-tejphallare-pasforslutare\/\",\"url\":\"https:\/\/etab.eu\/dk\/produkt\/tejphallare\/e7r-tejphallare-pasforslutare\/\",\"name\":\"etab E7R - Tejph\u00e5llare p\u00e5s\u00adf\u00f6rslutare - etab Website - DK\",\"isPartOf\":{\"@id\":\"https:\/\/etab.eu\/dk\/#website\"},\"primaryImageOfPage\":{\"@id\":\"https:\/\/etab.eu\/dk\/produkt\/tejphallare\/e7r-tejphallare-pasforslutare\/#primaryimage\"},\"image\":{\"@id\":\"https:\/\/etab.eu\/dk\/produkt\/tejphallare\/e7r-tejphallare-pasforslutare\/#primaryimage\"},\"thumbnailUrl\":\"https:\/\/etab.eu\/dk\/wp-content\/uploads\/sites\/4\/2018\/10\/etab-E7R-tejphallare-pasforslutare_1.jpg\",\"datePublished\":\"2018-10-02T07:21:59+00:00\",\"dateModified\":\"2020-05-08T07:57:26+00:00\",\"breadcrumb\":{\"@id\":\"https:\/\/etab.eu\/dk\/produkt\/tejphallare\/e7r-tejphallare-pasforslutare\/#breadcrumb\"},\"inLanguage\":\"sv-SE\",\"potentialAction\":[{\"@type\":\"ReadAction\",\"target\":[\"https:\/\/etab.eu\/dk\/produkt\/tejphallare\/e7r-tejphallare-pasforslutare\/\"]}]},{\"@type\":\"ImageObject\",\"inLanguage\":\"sv-SE\",\"@id\":\"https:\/\/etab.eu\/dk\/produkt\/tejphallare\/e7r-tejphallare-pasforslutare\/#primaryimage\",\"url\":\"https:\/\/etab.eu\/dk\/wp-content\/uploads\/sites\/4\/2018\/10\/etab-E7R-tejphallare-pasforslutare_1.jpg\",\"contentUrl\":\"https:\/\/etab.eu\/dk\/wp-content\/uploads\/sites\/4\/2018\/10\/etab-E7R-tejphallare-pasforslutare_1.jpg\",\"width\":1500,\"height\":1500},{\"@type\":\"BreadcrumbList\",\"@id\":\"https:\/\/etab.eu\/dk\/produkt\/tejphallare\/e7r-tejphallare-pasforslutare\/#breadcrumb\",\"itemListElement\":[{\"@type\":\"ListItem\",\"position\":1,\"name\":\"Hem\",\"item\":\"https:\/\/etab.eu\/dk\/\"},{\"@type\":\"ListItem\",\"position\":2,\"name\":\"V\u00e5ra produkter\",\"item\":\"https:\/\/etab.eu\/dk\/produkter\/\"},{\"@type\":\"ListItem\",\"position\":3,\"name\":\"Tejph\u00e5llare\",\"item\":\"https:\/\/etab.eu\/dk\/produkt-kategori\/tejphallare\/\"},{\"@type\":\"ListItem\",\"position\":4,\"name\":\"etab E7R &#8211; Tejph\u00e5llare p\u00e5s\u00adf\u00f6rslutare\"}]},{\"@type\":\"WebSite\",\"@id\":\"https:\/\/etab.eu\/dk\/#website\",\"url\":\"https:\/\/etab.eu\/dk\/\",\"name\":\"etab Website - DK\",\"description\":\"\",\"potentialAction\":[{\"@type\":\"SearchAction\",\"target\":{\"@type\":\"EntryPoint\",\"urlTemplate\":\"https:\/\/etab.eu\/dk\/?s={search_term_string}\"},\"query-input\":{\"@type\":\"PropertyValueSpecification\",\"valueRequired\":true,\"valueName\":\"search_term_string\"}}],\"inLanguage\":\"sv-SE\"}]}<\/script>\n<meta property=\"og:availability\" content=\"instock\" \/>\n<meta property=\"product:availability\" content=\"instock\" \/>\n<meta property=\"product:retailer_item_id\" content=\"E7R\" \/>\n<meta property=\"product:condition\" content=\"new\" \/>\n<!-- \/ Yoast SEO Premium plugin. -->","yoast_head_json":{"title":"etab E7R - Tejph\u00e5llare p\u00e5s\u00adf\u00f6rslutare - etab Website - DK","robots":{"index":"noindex","follow":"follow","max-snippet":"max-snippet:-1","max-image-preview":"max-image-preview:large","max-video-preview":"max-video-preview:-1"},"og_locale":"sv_SE","og_type":"article","og_title":"etab E7R - Tejph\u00e5llare p\u00e5s\u00adf\u00f6rslutare","og_description":"P\u00e5sf\u00f6rslutare f\u00f6r tejp i max. 12 mm bredd. Med kniv f\u00f6r kapning av p\u00e5sen utanf\u00f6r f\u00f6rslutningen.","og_url":"https:\/\/etab.eu\/dk\/produkt\/tejphallare\/e7r-tejphallare-pasforslutare\/","og_site_name":"etab Website - DK","article_modified_time":"2020-05-08T07:57:26+00:00","twitter_card":"summary_large_image","twitter_title":"etab E7R - Tejph\u00e5llare p\u00e5s\u00adf\u00f6rslutare","twitter_description":"P\u00e5sf\u00f6rslutare f\u00f6r tejp i max. 12 mm bredd. Med kniv f\u00f6r kapning av p\u00e5sen utanf\u00f6r f\u00f6rslutningen.","twitter_image":"https:\/\/etab.eu\/dk\/wp-content\/uploads\/sites\/4\/2018\/10\/etab-E7R-tejphallare-pasforslutare_1.jpg","twitter_misc":{"Availability":"In stock"},"schema":{"@context":"https:\/\/schema.org","@graph":[{"@type":["WebPage","ItemPage"],"@id":"https:\/\/etab.eu\/dk\/produkt\/tejphallare\/e7r-tejphallare-pasforslutare\/","url":"https:\/\/etab.eu\/dk\/produkt\/tejphallare\/e7r-tejphallare-pasforslutare\/","name":"etab E7R - Tejph\u00e5llare p\u00e5s\u00adf\u00f6rslutare - etab Website - DK","isPartOf":{"@id":"https:\/\/etab.eu\/dk\/#website"},"primaryImageOfPage":{"@id":"https:\/\/etab.eu\/dk\/produkt\/tejphallare\/e7r-tejphallare-pasforslutare\/#primaryimage"},"image":{"@id":"https:\/\/etab.eu\/dk\/produkt\/tejphallare\/e7r-tejphallare-pasforslutare\/#primaryimage"},"thumbnailUrl":"https:\/\/etab.eu\/dk\/wp-content\/uploads\/sites\/4\/2018\/10\/etab-E7R-tejphallare-pasforslutare_1.jpg","datePublished":"2018-10-02T07:21:59+00:00","dateModified":"2020-05-08T07:57:26+00:00","breadcrumb":{"@id":"https:\/\/etab.eu\/dk\/produkt\/tejphallare\/e7r-tejphallare-pasforslutare\/#breadcrumb"},"inLanguage":"sv-SE","potentialAction":[{"@type":"ReadAction","target":["https:\/\/etab.eu\/dk\/produkt\/tejphallare\/e7r-tejphallare-pasforslutare\/"]}]},{"@type":"ImageObject","inLanguage":"sv-SE","@id":"https:\/\/etab.eu\/dk\/produkt\/tejphallare\/e7r-tejphallare-pasforslutare\/#primaryimage","url":"https:\/\/etab.eu\/dk\/wp-content\/uploads\/sites\/4\/2018\/10\/etab-E7R-tejphallare-pasforslutare_1.jpg","contentUrl":"https:\/\/etab.eu\/dk\/wp-content\/uploads\/sites\/4\/2018\/10\/etab-E7R-tejphallare-pasforslutare_1.jpg","width":1500,"height":1500},{"@type":"BreadcrumbList","@id":"https:\/\/etab.eu\/dk\/produkt\/tejphallare\/e7r-tejphallare-pasforslutare\/#breadcrumb","itemListElement":[{"@type":"ListItem","position":1,"name":"Hem","item":"https:\/\/etab.eu\/dk\/"},{"@type":"ListItem","position":2,"name":"V\u00e5ra produkter","item":"https:\/\/etab.eu\/dk\/produkter\/"},{"@type":"ListItem","position":3,"name":"Tejph\u00e5llare","item":"https:\/\/etab.eu\/dk\/produkt-kategori\/tejphallare\/"},{"@type":"ListItem","position":4,"name":"etab E7R &#8211; Tejph\u00e5llare p\u00e5s\u00adf\u00f6rslutare"}]},{"@type":"WebSite","@id":"https:\/\/etab.eu\/dk\/#website","url":"https:\/\/etab.eu\/dk\/","name":"etab Website - DK","description":"","potentialAction":[{"@type":"SearchAction","target":{"@type":"EntryPoint","urlTemplate":"https:\/\/etab.eu\/dk\/?s={search_term_string}"},"query-input":{"@type":"PropertyValueSpecification","valueRequired":true,"valueName":"search_term_string"}}],"inLanguage":"sv-SE"}]},"og_availability":"instock","product_availability":"instock","product_retailer_item_id":"E7R","product_condition":"new"},"_links":{"self":[{"href":"https:\/\/etab.eu\/dk\/wp-json\/wp\/v2\/product\/2207","targetHints":{"allow":["GET"]}}],"collection":[{"href":"https:\/\/etab.eu\/dk\/wp-json\/wp\/v2\/product"}],"about":[{"href":"https:\/\/etab.eu\/dk\/wp-json\/wp\/v2\/types\/product"}],"replies":[{"embeddable":true,"href":"https:\/\/etab.eu\/dk\/wp-json\/wp\/v2\/comments?post=2207"}],"wp:featuredmedia":[{"embeddable":true,"href":"https:\/\/etab.eu\/dk\/wp-json\/wp\/v2\/media\/2208"}],"wp:attachment":[{"href":"https:\/\/etab.eu\/dk\/wp-json\/wp\/v2\/media?parent=2207"}],"wp:term":[{"taxonomy":"product_brand","embeddable":true,"href":"https:\/\/etab.eu\/dk\/wp-json\/wp\/v2\/product_brand?post=2207"},{"taxonomy":"product_cat","embeddable":true,"href":"https:\/\/etab.eu\/dk\/wp-json\/wp\/v2\/product_cat?post=2207"},{"taxonomy":"product_tag","embeddable":true,"href":"https:\/\/etab.eu\/dk\/wp-json\/wp\/v2\/product_tag?post=2207"}],"curies":[{"name":"wp","href":"https:\/\/api.w.org\/{rel}","templated":true}]}}