{"id":1550,"date":"2018-08-24T08:57:19","date_gmt":"2018-08-24T08:57:19","guid":{"rendered":"http:\/\/etab.eu\/dk\/?post_type=product&#038;p=1550"},"modified":"2020-05-07T14:25:48","modified_gmt":"2020-05-07T12:25:48","slug":"99-sporttejp","status":"publish","type":"product","link":"https:\/\/etab.eu\/dk\/produkt\/sport-sjukvardstejp\/99-sporttejp\/","title":{"rendered":"etab 99 &#8211; Sporttejp"},"content":{"rendered":"","protected":false},"excerpt":{"rendered":"<p>Premium coach tejp.<\/p>\n<p>Perforerad v\u00e4vtejp f\u00f6r god ventilation och s\u00e4ker fixering vid kr\u00e4vande fysiska aktiviteter.<\/p>\n<p>Stabil struktur och god h\u00e4ftf\u00f6rm\u00e5ga ger ett bra och effektivt st\u00f6d samt avlastning vid bl.a. vrickningar och stukningar. Anv\u00e4nds med f\u00f6rdel i f\u00f6rebyggande syfte.<\/p>\n","protected":false},"featured_media":1984,"comment_status":"open","ping_status":"closed","template":"","meta":{"_acf_changed":false,"_trash_the_other_posts":false,"editor_notices":[]},"product_brand":[],"product_cat":[397],"product_tag":[],"class_list":{"0":"post-1550","1":"product","2":"type-product","3":"status-publish","4":"has-post-thumbnail","6":"product_cat-sport-sjukvardstejp","8":"first","9":"instock","10":"shipping-taxable","11":"product-type-variable"},"acf":[],"yoast_head":"<!-- This site is optimized with the Yoast SEO Premium plugin v26.6 (Yoast SEO v26.6) - https:\/\/yoast.com\/wordpress\/plugins\/seo\/ -->\n<title>etab 99 - Sporttejp - etab Website - DK<\/title>\n<meta name=\"robots\" content=\"noindex, follow, max-snippet:-1, max-image-preview:large, max-video-preview:-1\" \/>\n<meta property=\"og:locale\" content=\"sv_SE\" \/>\n<meta property=\"og:type\" content=\"article\" \/>\n<meta property=\"og:title\" content=\"etab 99 - Sporttejp\" \/>\n<meta property=\"og:description\" content=\"Premium coach tejp. Perforerad v\u00e4vtejp f\u00f6r god ventilation och s\u00e4ker fixering vid kr\u00e4vande fysiska aktiviteter. Stabil struktur och god h\u00e4ftf\u00f6rm\u00e5ga ger ett bra och effektivt st\u00f6d samt avlastning vid bl.a. vrickningar och stukningar. Anv\u00e4nds med f\u00f6rdel i f\u00f6rebyggande syfte.\" \/>\n<meta property=\"og:url\" content=\"https:\/\/etab.eu\/dk\/produkt\/sport-sjukvardstejp\/99-sporttejp\/\" \/>\n<meta property=\"og:site_name\" content=\"etab Website - DK\" \/>\n<meta property=\"article:modified_time\" content=\"2020-05-07T12:25:48+00:00\" \/>\n<meta name=\"twitter:card\" content=\"summary_large_image\" \/>\n<meta name=\"twitter:title\" content=\"etab 99 - Sporttejp\" \/>\n<meta name=\"twitter:description\" content=\"Premium coach tejp. Perforerad v\u00e4vtejp f\u00f6r god ventilation och s\u00e4ker fixering vid kr\u00e4vande fysiska aktiviteter.\" \/>\n<meta name=\"twitter:image\" content=\"https:\/\/etab.eu\/dk\/wp-content\/uploads\/sites\/4\/2018\/08\/etab-99-sporttejp-38mm-x-12m-vit_2.jpg\" \/>\n<meta name=\"twitter:label1\" content=\"Availability\" \/>\n\t<meta name=\"twitter:data1\" content=\"In stock\" \/>\n<script type=\"application\/ld+json\" class=\"yoast-schema-graph\">{\"@context\":\"https:\/\/schema.org\",\"@graph\":[{\"@type\":[\"WebPage\",\"ItemPage\"],\"@id\":\"https:\/\/etab.eu\/dk\/produkt\/sport-sjukvardstejp\/99-sporttejp\/\",\"url\":\"https:\/\/etab.eu\/dk\/produkt\/sport-sjukvardstejp\/99-sporttejp\/\",\"name\":\"etab 99 - Sporttejp - etab Website - DK\",\"isPartOf\":{\"@id\":\"https:\/\/etab.eu\/dk\/#website\"},\"primaryImageOfPage\":{\"@id\":\"https:\/\/etab.eu\/dk\/produkt\/sport-sjukvardstejp\/99-sporttejp\/#primaryimage\"},\"image\":{\"@id\":\"https:\/\/etab.eu\/dk\/produkt\/sport-sjukvardstejp\/99-sporttejp\/#primaryimage\"},\"thumbnailUrl\":\"https:\/\/etab.eu\/dk\/wp-content\/uploads\/sites\/4\/2018\/08\/etab-99-sporttejp-38mm-x-12m-vit_2.jpg\",\"datePublished\":\"2018-08-24T08:57:19+00:00\",\"dateModified\":\"2020-05-07T12:25:48+00:00\",\"breadcrumb\":{\"@id\":\"https:\/\/etab.eu\/dk\/produkt\/sport-sjukvardstejp\/99-sporttejp\/#breadcrumb\"},\"inLanguage\":\"sv-SE\",\"potentialAction\":[{\"@type\":\"ReadAction\",\"target\":[\"https:\/\/etab.eu\/dk\/produkt\/sport-sjukvardstejp\/99-sporttejp\/\"]}]},{\"@type\":\"ImageObject\",\"inLanguage\":\"sv-SE\",\"@id\":\"https:\/\/etab.eu\/dk\/produkt\/sport-sjukvardstejp\/99-sporttejp\/#primaryimage\",\"url\":\"https:\/\/etab.eu\/dk\/wp-content\/uploads\/sites\/4\/2018\/08\/etab-99-sporttejp-38mm-x-12m-vit_2.jpg\",\"contentUrl\":\"https:\/\/etab.eu\/dk\/wp-content\/uploads\/sites\/4\/2018\/08\/etab-99-sporttejp-38mm-x-12m-vit_2.jpg\",\"width\":1500,\"height\":1500},{\"@type\":\"BreadcrumbList\",\"@id\":\"https:\/\/etab.eu\/dk\/produkt\/sport-sjukvardstejp\/99-sporttejp\/#breadcrumb\",\"itemListElement\":[{\"@type\":\"ListItem\",\"position\":1,\"name\":\"Hem\",\"item\":\"https:\/\/etab.eu\/dk\/\"},{\"@type\":\"ListItem\",\"position\":2,\"name\":\"V\u00e5ra produkter\",\"item\":\"https:\/\/etab.eu\/dk\/produkter\/\"},{\"@type\":\"ListItem\",\"position\":3,\"name\":\"Sport &amp; Sjukv\u00e5rdstejp\",\"item\":\"https:\/\/etab.eu\/dk\/produkt-kategori\/sport-sjukvardstejp\/\"},{\"@type\":\"ListItem\",\"position\":4,\"name\":\"etab 99 &#8211; Sporttejp\"}]},{\"@type\":\"WebSite\",\"@id\":\"https:\/\/etab.eu\/dk\/#website\",\"url\":\"https:\/\/etab.eu\/dk\/\",\"name\":\"etab Website - DK\",\"description\":\"\",\"potentialAction\":[{\"@type\":\"SearchAction\",\"target\":{\"@type\":\"EntryPoint\",\"urlTemplate\":\"https:\/\/etab.eu\/dk\/?s={search_term_string}\"},\"query-input\":{\"@type\":\"PropertyValueSpecification\",\"valueRequired\":true,\"valueName\":\"search_term_string\"}}],\"inLanguage\":\"sv-SE\"}]}<\/script>\n<meta property=\"og:availability\" content=\"instock\" \/>\n<meta property=\"product:availability\" content=\"instock\" \/>\n<meta property=\"product:retailer_item_id\" content=\"99\" \/>\n<meta property=\"product:condition\" content=\"new\" \/>\n<!-- \/ Yoast SEO Premium plugin. -->","yoast_head_json":{"title":"etab 99 - Sporttejp - etab Website - DK","robots":{"index":"noindex","follow":"follow","max-snippet":"max-snippet:-1","max-image-preview":"max-image-preview:large","max-video-preview":"max-video-preview:-1"},"og_locale":"sv_SE","og_type":"article","og_title":"etab 99 - Sporttejp","og_description":"Premium coach tejp. Perforerad v\u00e4vtejp f\u00f6r god ventilation och s\u00e4ker fixering vid kr\u00e4vande fysiska aktiviteter. Stabil struktur och god h\u00e4ftf\u00f6rm\u00e5ga ger ett bra och effektivt st\u00f6d samt avlastning vid bl.a. vrickningar och stukningar. Anv\u00e4nds med f\u00f6rdel i f\u00f6rebyggande syfte.","og_url":"https:\/\/etab.eu\/dk\/produkt\/sport-sjukvardstejp\/99-sporttejp\/","og_site_name":"etab Website - DK","article_modified_time":"2020-05-07T12:25:48+00:00","twitter_card":"summary_large_image","twitter_title":"etab 99 - Sporttejp","twitter_description":"Premium coach tejp. Perforerad v\u00e4vtejp f\u00f6r god ventilation och s\u00e4ker fixering vid kr\u00e4vande fysiska aktiviteter.","twitter_image":"https:\/\/etab.eu\/dk\/wp-content\/uploads\/sites\/4\/2018\/08\/etab-99-sporttejp-38mm-x-12m-vit_2.jpg","twitter_misc":{"Availability":"In stock"},"schema":{"@context":"https:\/\/schema.org","@graph":[{"@type":["WebPage","ItemPage"],"@id":"https:\/\/etab.eu\/dk\/produkt\/sport-sjukvardstejp\/99-sporttejp\/","url":"https:\/\/etab.eu\/dk\/produkt\/sport-sjukvardstejp\/99-sporttejp\/","name":"etab 99 - Sporttejp - etab Website - DK","isPartOf":{"@id":"https:\/\/etab.eu\/dk\/#website"},"primaryImageOfPage":{"@id":"https:\/\/etab.eu\/dk\/produkt\/sport-sjukvardstejp\/99-sporttejp\/#primaryimage"},"image":{"@id":"https:\/\/etab.eu\/dk\/produkt\/sport-sjukvardstejp\/99-sporttejp\/#primaryimage"},"thumbnailUrl":"https:\/\/etab.eu\/dk\/wp-content\/uploads\/sites\/4\/2018\/08\/etab-99-sporttejp-38mm-x-12m-vit_2.jpg","datePublished":"2018-08-24T08:57:19+00:00","dateModified":"2020-05-07T12:25:48+00:00","breadcrumb":{"@id":"https:\/\/etab.eu\/dk\/produkt\/sport-sjukvardstejp\/99-sporttejp\/#breadcrumb"},"inLanguage":"sv-SE","potentialAction":[{"@type":"ReadAction","target":["https:\/\/etab.eu\/dk\/produkt\/sport-sjukvardstejp\/99-sporttejp\/"]}]},{"@type":"ImageObject","inLanguage":"sv-SE","@id":"https:\/\/etab.eu\/dk\/produkt\/sport-sjukvardstejp\/99-sporttejp\/#primaryimage","url":"https:\/\/etab.eu\/dk\/wp-content\/uploads\/sites\/4\/2018\/08\/etab-99-sporttejp-38mm-x-12m-vit_2.jpg","contentUrl":"https:\/\/etab.eu\/dk\/wp-content\/uploads\/sites\/4\/2018\/08\/etab-99-sporttejp-38mm-x-12m-vit_2.jpg","width":1500,"height":1500},{"@type":"BreadcrumbList","@id":"https:\/\/etab.eu\/dk\/produkt\/sport-sjukvardstejp\/99-sporttejp\/#breadcrumb","itemListElement":[{"@type":"ListItem","position":1,"name":"Hem","item":"https:\/\/etab.eu\/dk\/"},{"@type":"ListItem","position":2,"name":"V\u00e5ra produkter","item":"https:\/\/etab.eu\/dk\/produkter\/"},{"@type":"ListItem","position":3,"name":"Sport &amp; Sjukv\u00e5rdstejp","item":"https:\/\/etab.eu\/dk\/produkt-kategori\/sport-sjukvardstejp\/"},{"@type":"ListItem","position":4,"name":"etab 99 &#8211; Sporttejp"}]},{"@type":"WebSite","@id":"https:\/\/etab.eu\/dk\/#website","url":"https:\/\/etab.eu\/dk\/","name":"etab Website - DK","description":"","potentialAction":[{"@type":"SearchAction","target":{"@type":"EntryPoint","urlTemplate":"https:\/\/etab.eu\/dk\/?s={search_term_string}"},"query-input":{"@type":"PropertyValueSpecification","valueRequired":true,"valueName":"search_term_string"}}],"inLanguage":"sv-SE"}]},"og_availability":"instock","product_availability":"instock","product_retailer_item_id":"99","product_condition":"new"},"_links":{"self":[{"href":"https:\/\/etab.eu\/dk\/wp-json\/wp\/v2\/product\/1550","targetHints":{"allow":["GET"]}}],"collection":[{"href":"https:\/\/etab.eu\/dk\/wp-json\/wp\/v2\/product"}],"about":[{"href":"https:\/\/etab.eu\/dk\/wp-json\/wp\/v2\/types\/product"}],"replies":[{"embeddable":true,"href":"https:\/\/etab.eu\/dk\/wp-json\/wp\/v2\/comments?post=1550"}],"wp:featuredmedia":[{"embeddable":true,"href":"https:\/\/etab.eu\/dk\/wp-json\/wp\/v2\/media\/1984"}],"wp:attachment":[{"href":"https:\/\/etab.eu\/dk\/wp-json\/wp\/v2\/media?parent=1550"}],"wp:term":[{"taxonomy":"product_brand","embeddable":true,"href":"https:\/\/etab.eu\/dk\/wp-json\/wp\/v2\/product_brand?post=1550"},{"taxonomy":"product_cat","embeddable":true,"href":"https:\/\/etab.eu\/dk\/wp-json\/wp\/v2\/product_cat?post=1550"},{"taxonomy":"product_tag","embeddable":true,"href":"https:\/\/etab.eu\/dk\/wp-json\/wp\/v2\/product_tag?post=1550"}],"curies":[{"name":"wp","href":"https:\/\/api.w.org\/{rel}","templated":true}]}}