{"id":1431,"date":"2018-08-15T11:16:43","date_gmt":"2018-08-15T11:16:43","guid":{"rendered":"http:\/\/etab.eu\/dk\/?post_type=product&#038;p=1431"},"modified":"2020-05-06T13:47:11","modified_gmt":"2020-05-06T11:47:11","slug":"349-vavtejp-super-premium","status":"publish","type":"product","link":"https:\/\/etab.eu\/dk\/produkt\/vavtejp\/349-vavtejp-super-premium\/","title":{"rendered":"etab 349 &#8211; V\u00e4vtejp Super Premium"},"content":{"rendered":"","protected":false},"excerpt":{"rendered":"<p>Super premium v\u00e4vtejp med polyetenyta. Mycket kraftig v\u00e4v som \u00e4nd\u00e5 \u00e4r rivbar.\u00a0Mycket h\u00f6g h\u00e4ftf\u00f6rm\u00e5ga \u00e4ven p\u00e5 oj\u00e4mna och grova ytor tack vara ett dubbelt s\u00e5 tjockt h\u00e4ft\u00e4mneslager \u00e4n p\u00e5 en normal v\u00e4vtejp. \u00c5ldringsbest\u00e4ndig. UV- och\u00a0v\u00e4derbest\u00e4ndig. Fukt-, l\u00f6sningsmedels- och n\u00f6tningsbest\u00e4ndig.<\/p>\n<p>Med m\u00e5nga anv\u00e4ndningsomr\u00e5den inom b\u00e5de bygg- och industrisektorn. Bl.a. f\u00f6r\u00a0skarvning, lagning och f\u00f6rslutning av tjocka plastfolier och presenningar.<\/p>\n","protected":false},"featured_media":1958,"comment_status":"open","ping_status":"closed","template":"","meta":{"_acf_changed":false,"_trash_the_other_posts":false,"editor_notices":[]},"product_brand":[],"product_cat":[398],"product_tag":[],"class_list":{"0":"post-1431","1":"product","2":"type-product","3":"status-publish","4":"has-post-thumbnail","6":"product_cat-vavtejp","8":"first","9":"instock","10":"shipping-taxable","11":"product-type-variable"},"acf":[],"yoast_head":"<!-- This site is optimized with the Yoast SEO Premium plugin v26.6 (Yoast SEO v26.6) - https:\/\/yoast.com\/wordpress\/plugins\/seo\/ -->\n<title>etab 349 - V\u00e4vtejp Super Premium - etab Website - DK<\/title>\n<meta name=\"robots\" content=\"noindex, follow, max-snippet:-1, max-image-preview:large, max-video-preview:-1\" \/>\n<meta property=\"og:locale\" content=\"sv_SE\" \/>\n<meta property=\"og:type\" content=\"article\" \/>\n<meta property=\"og:title\" content=\"etab 349 - V\u00e4vtejp Super Premium\" \/>\n<meta property=\"og:description\" content=\"Super premium v\u00e4vtejp med polyetenyta. Mycket kraftig v\u00e4v som \u00e4nd\u00e5 \u00e4r rivbar. Mycket h\u00f6g h\u00e4ftf\u00f6rm\u00e5ga \u00e4ven p\u00e5 oj\u00e4mna och grova ytor tack vara ett dubbelt s\u00e5 tjockt h\u00e4ft\u00e4mneslager \u00e4n p\u00e5 en normal v\u00e4vtejp. \u00c5ldringsbest\u00e4ndig. UV- och v\u00e4derbest\u00e4ndig. Fukt-, l\u00f6sningsmedels- och n\u00f6tningsbest\u00e4ndig. Med m\u00e5nga anv\u00e4ndningsomr\u00e5den inom b\u00e5de bygg- och industrisektorn.\" \/>\n<meta property=\"og:url\" content=\"https:\/\/etab.eu\/dk\/produkt\/vavtejp\/349-vavtejp-super-premium\/\" \/>\n<meta property=\"og:site_name\" content=\"etab Website - DK\" \/>\n<meta property=\"article:modified_time\" content=\"2020-05-06T11:47:11+00:00\" \/>\n<meta name=\"twitter:card\" content=\"summary_large_image\" \/>\n<meta name=\"twitter:title\" content=\"etab 349 - V\u00e4vtejp Super Premium\" \/>\n<meta name=\"twitter:description\" content=\"Super premium v\u00e4vtejp med polyetenyta. Mycket kraftig v\u00e4v som \u00e4nd\u00e5 \u00e4r rivbar. Mycket h\u00f6g h\u00e4ftf\u00f6rm\u00e5ga \u00e4ven p\u00e5 oj\u00e4mna och grova ytor.\" \/>\n<meta name=\"twitter:image\" content=\"https:\/\/etab.eu\/dk\/wp-content\/uploads\/sites\/4\/2018\/08\/etab-349-sumotape-48mm-x-36m-svart_2.jpg\" \/>\n<meta name=\"twitter:label1\" content=\"Availability\" \/>\n\t<meta name=\"twitter:data1\" content=\"In stock\" \/>\n<script type=\"application\/ld+json\" class=\"yoast-schema-graph\">{\"@context\":\"https:\/\/schema.org\",\"@graph\":[{\"@type\":[\"WebPage\",\"ItemPage\"],\"@id\":\"https:\/\/etab.eu\/dk\/produkt\/vavtejp\/349-vavtejp-super-premium\/\",\"url\":\"https:\/\/etab.eu\/dk\/produkt\/vavtejp\/349-vavtejp-super-premium\/\",\"name\":\"etab 349 - V\u00e4vtejp Super Premium - etab Website - DK\",\"isPartOf\":{\"@id\":\"https:\/\/etab.eu\/dk\/#website\"},\"primaryImageOfPage\":{\"@id\":\"https:\/\/etab.eu\/dk\/produkt\/vavtejp\/349-vavtejp-super-premium\/#primaryimage\"},\"image\":{\"@id\":\"https:\/\/etab.eu\/dk\/produkt\/vavtejp\/349-vavtejp-super-premium\/#primaryimage\"},\"thumbnailUrl\":\"https:\/\/etab.eu\/dk\/wp-content\/uploads\/sites\/4\/2018\/08\/etab-349-sumotape-48mm-x-36m-svart_2.jpg\",\"datePublished\":\"2018-08-15T11:16:43+00:00\",\"dateModified\":\"2020-05-06T11:47:11+00:00\",\"breadcrumb\":{\"@id\":\"https:\/\/etab.eu\/dk\/produkt\/vavtejp\/349-vavtejp-super-premium\/#breadcrumb\"},\"inLanguage\":\"sv-SE\",\"potentialAction\":[{\"@type\":\"ReadAction\",\"target\":[\"https:\/\/etab.eu\/dk\/produkt\/vavtejp\/349-vavtejp-super-premium\/\"]}]},{\"@type\":\"ImageObject\",\"inLanguage\":\"sv-SE\",\"@id\":\"https:\/\/etab.eu\/dk\/produkt\/vavtejp\/349-vavtejp-super-premium\/#primaryimage\",\"url\":\"https:\/\/etab.eu\/dk\/wp-content\/uploads\/sites\/4\/2018\/08\/etab-349-sumotape-48mm-x-36m-svart_2.jpg\",\"contentUrl\":\"https:\/\/etab.eu\/dk\/wp-content\/uploads\/sites\/4\/2018\/08\/etab-349-sumotape-48mm-x-36m-svart_2.jpg\",\"width\":1500,\"height\":1500},{\"@type\":\"BreadcrumbList\",\"@id\":\"https:\/\/etab.eu\/dk\/produkt\/vavtejp\/349-vavtejp-super-premium\/#breadcrumb\",\"itemListElement\":[{\"@type\":\"ListItem\",\"position\":1,\"name\":\"Hem\",\"item\":\"https:\/\/etab.eu\/dk\/\"},{\"@type\":\"ListItem\",\"position\":2,\"name\":\"V\u00e5ra produkter\",\"item\":\"https:\/\/etab.eu\/dk\/produkter\/\"},{\"@type\":\"ListItem\",\"position\":3,\"name\":\"V\u00e4vtejp\",\"item\":\"https:\/\/etab.eu\/dk\/produkt-kategori\/vavtejp\/\"},{\"@type\":\"ListItem\",\"position\":4,\"name\":\"etab 349 &#8211; V\u00e4vtejp Super Premium\"}]},{\"@type\":\"WebSite\",\"@id\":\"https:\/\/etab.eu\/dk\/#website\",\"url\":\"https:\/\/etab.eu\/dk\/\",\"name\":\"etab Website - DK\",\"description\":\"\",\"potentialAction\":[{\"@type\":\"SearchAction\",\"target\":{\"@type\":\"EntryPoint\",\"urlTemplate\":\"https:\/\/etab.eu\/dk\/?s={search_term_string}\"},\"query-input\":{\"@type\":\"PropertyValueSpecification\",\"valueRequired\":true,\"valueName\":\"search_term_string\"}}],\"inLanguage\":\"sv-SE\"}]}<\/script>\n<meta property=\"og:availability\" content=\"instock\" \/>\n<meta property=\"product:availability\" content=\"instock\" \/>\n<meta property=\"product:retailer_item_id\" content=\"349\" \/>\n<meta property=\"product:condition\" content=\"new\" \/>\n<!-- \/ Yoast SEO Premium plugin. -->","yoast_head_json":{"title":"etab 349 - V\u00e4vtejp Super Premium - etab Website - DK","robots":{"index":"noindex","follow":"follow","max-snippet":"max-snippet:-1","max-image-preview":"max-image-preview:large","max-video-preview":"max-video-preview:-1"},"og_locale":"sv_SE","og_type":"article","og_title":"etab 349 - V\u00e4vtejp Super Premium","og_description":"Super premium v\u00e4vtejp med polyetenyta. Mycket kraftig v\u00e4v som \u00e4nd\u00e5 \u00e4r rivbar. Mycket h\u00f6g h\u00e4ftf\u00f6rm\u00e5ga \u00e4ven p\u00e5 oj\u00e4mna och grova ytor tack vara ett dubbelt s\u00e5 tjockt h\u00e4ft\u00e4mneslager \u00e4n p\u00e5 en normal v\u00e4vtejp. \u00c5ldringsbest\u00e4ndig. UV- och v\u00e4derbest\u00e4ndig. Fukt-, l\u00f6sningsmedels- och n\u00f6tningsbest\u00e4ndig. Med m\u00e5nga anv\u00e4ndningsomr\u00e5den inom b\u00e5de bygg- och industrisektorn.","og_url":"https:\/\/etab.eu\/dk\/produkt\/vavtejp\/349-vavtejp-super-premium\/","og_site_name":"etab Website - DK","article_modified_time":"2020-05-06T11:47:11+00:00","twitter_card":"summary_large_image","twitter_title":"etab 349 - V\u00e4vtejp Super Premium","twitter_description":"Super premium v\u00e4vtejp med polyetenyta. Mycket kraftig v\u00e4v som \u00e4nd\u00e5 \u00e4r rivbar. Mycket h\u00f6g h\u00e4ftf\u00f6rm\u00e5ga \u00e4ven p\u00e5 oj\u00e4mna och grova ytor.","twitter_image":"https:\/\/etab.eu\/dk\/wp-content\/uploads\/sites\/4\/2018\/08\/etab-349-sumotape-48mm-x-36m-svart_2.jpg","twitter_misc":{"Availability":"In stock"},"schema":{"@context":"https:\/\/schema.org","@graph":[{"@type":["WebPage","ItemPage"],"@id":"https:\/\/etab.eu\/dk\/produkt\/vavtejp\/349-vavtejp-super-premium\/","url":"https:\/\/etab.eu\/dk\/produkt\/vavtejp\/349-vavtejp-super-premium\/","name":"etab 349 - V\u00e4vtejp Super Premium - etab Website - DK","isPartOf":{"@id":"https:\/\/etab.eu\/dk\/#website"},"primaryImageOfPage":{"@id":"https:\/\/etab.eu\/dk\/produkt\/vavtejp\/349-vavtejp-super-premium\/#primaryimage"},"image":{"@id":"https:\/\/etab.eu\/dk\/produkt\/vavtejp\/349-vavtejp-super-premium\/#primaryimage"},"thumbnailUrl":"https:\/\/etab.eu\/dk\/wp-content\/uploads\/sites\/4\/2018\/08\/etab-349-sumotape-48mm-x-36m-svart_2.jpg","datePublished":"2018-08-15T11:16:43+00:00","dateModified":"2020-05-06T11:47:11+00:00","breadcrumb":{"@id":"https:\/\/etab.eu\/dk\/produkt\/vavtejp\/349-vavtejp-super-premium\/#breadcrumb"},"inLanguage":"sv-SE","potentialAction":[{"@type":"ReadAction","target":["https:\/\/etab.eu\/dk\/produkt\/vavtejp\/349-vavtejp-super-premium\/"]}]},{"@type":"ImageObject","inLanguage":"sv-SE","@id":"https:\/\/etab.eu\/dk\/produkt\/vavtejp\/349-vavtejp-super-premium\/#primaryimage","url":"https:\/\/etab.eu\/dk\/wp-content\/uploads\/sites\/4\/2018\/08\/etab-349-sumotape-48mm-x-36m-svart_2.jpg","contentUrl":"https:\/\/etab.eu\/dk\/wp-content\/uploads\/sites\/4\/2018\/08\/etab-349-sumotape-48mm-x-36m-svart_2.jpg","width":1500,"height":1500},{"@type":"BreadcrumbList","@id":"https:\/\/etab.eu\/dk\/produkt\/vavtejp\/349-vavtejp-super-premium\/#breadcrumb","itemListElement":[{"@type":"ListItem","position":1,"name":"Hem","item":"https:\/\/etab.eu\/dk\/"},{"@type":"ListItem","position":2,"name":"V\u00e5ra produkter","item":"https:\/\/etab.eu\/dk\/produkter\/"},{"@type":"ListItem","position":3,"name":"V\u00e4vtejp","item":"https:\/\/etab.eu\/dk\/produkt-kategori\/vavtejp\/"},{"@type":"ListItem","position":4,"name":"etab 349 &#8211; V\u00e4vtejp Super Premium"}]},{"@type":"WebSite","@id":"https:\/\/etab.eu\/dk\/#website","url":"https:\/\/etab.eu\/dk\/","name":"etab Website - DK","description":"","potentialAction":[{"@type":"SearchAction","target":{"@type":"EntryPoint","urlTemplate":"https:\/\/etab.eu\/dk\/?s={search_term_string}"},"query-input":{"@type":"PropertyValueSpecification","valueRequired":true,"valueName":"search_term_string"}}],"inLanguage":"sv-SE"}]},"og_availability":"instock","product_availability":"instock","product_retailer_item_id":"349","product_condition":"new"},"_links":{"self":[{"href":"https:\/\/etab.eu\/dk\/wp-json\/wp\/v2\/product\/1431","targetHints":{"allow":["GET"]}}],"collection":[{"href":"https:\/\/etab.eu\/dk\/wp-json\/wp\/v2\/product"}],"about":[{"href":"https:\/\/etab.eu\/dk\/wp-json\/wp\/v2\/types\/product"}],"replies":[{"embeddable":true,"href":"https:\/\/etab.eu\/dk\/wp-json\/wp\/v2\/comments?post=1431"}],"wp:featuredmedia":[{"embeddable":true,"href":"https:\/\/etab.eu\/dk\/wp-json\/wp\/v2\/media\/1958"}],"wp:attachment":[{"href":"https:\/\/etab.eu\/dk\/wp-json\/wp\/v2\/media?parent=1431"}],"wp:term":[{"taxonomy":"product_brand","embeddable":true,"href":"https:\/\/etab.eu\/dk\/wp-json\/wp\/v2\/product_brand?post=1431"},{"taxonomy":"product_cat","embeddable":true,"href":"https:\/\/etab.eu\/dk\/wp-json\/wp\/v2\/product_cat?post=1431"},{"taxonomy":"product_tag","embeddable":true,"href":"https:\/\/etab.eu\/dk\/wp-json\/wp\/v2\/product_tag?post=1431"}],"curies":[{"name":"wp","href":"https:\/\/api.w.org\/{rel}","templated":true}]}}