{"id":1286,"date":"2018-07-09T11:02:51","date_gmt":"2018-07-09T11:02:51","guid":{"rendered":"http:\/\/etab.eu\/dk\/?post_type=product&#038;p=1286"},"modified":"2020-05-06T13:49:27","modified_gmt":"2020-05-06T11:49:27","slug":"3838-grepptejp-flextape","status":"publish","type":"product","link":"https:\/\/etab.eu\/dk\/produkt\/sport-sjukvardstejp\/3838-grepptejp-flextape\/","title":{"rendered":"etab 3838 &#8211; Grepptejp &#8216;Flex\u00adtape&#8217;"},"content":{"rendered":"","protected":false},"excerpt":{"rendered":"<p>Grepptejp\/elastiskt bandage &#8216;Flextape&#8217;. H\u00e4ftar enbart mot egen rygg.<\/p>\n<p>Anv\u00e4nds bl.a. f\u00f6r lindning av grepp p\u00e5 hockeyklubbor.<\/p>\n","protected":false},"featured_media":1936,"comment_status":"open","ping_status":"closed","template":"","meta":{"_acf_changed":false,"_trash_the_other_posts":false,"editor_notices":[]},"product_brand":[],"product_cat":[397],"product_tag":[],"class_list":{"0":"post-1286","1":"product","2":"type-product","3":"status-publish","4":"has-post-thumbnail","6":"product_cat-sport-sjukvardstejp","8":"first","9":"instock","10":"shipping-taxable","11":"product-type-variable"},"acf":[],"yoast_head":"<!-- This site is optimized with the Yoast SEO Premium plugin v26.6 (Yoast SEO v26.6) - https:\/\/yoast.com\/wordpress\/plugins\/seo\/ -->\n<title>etab 3838 - Grepptejp &#039;Flex\u00adtape&#039; - etab Website - DK<\/title>\n<meta name=\"robots\" content=\"noindex, follow, max-snippet:-1, max-image-preview:large, max-video-preview:-1\" \/>\n<meta property=\"og:locale\" content=\"sv_SE\" \/>\n<meta property=\"og:type\" content=\"article\" \/>\n<meta property=\"og:title\" content=\"etab 3838 - Grepptejp &#039;Flex\u00adtape&#039;\" \/>\n<meta property=\"og:description\" content=\"Grepptejp\/elastiskt bandage &#039;Flextape&#039;. H\u00e4ftar enbart mot egen rygg. Anv\u00e4nds bl.a. f\u00f6r lindning av grepp p\u00e5 hockeyklubbor.\" \/>\n<meta property=\"og:url\" content=\"https:\/\/etab.eu\/dk\/produkt\/sport-sjukvardstejp\/3838-grepptejp-flextape\/\" \/>\n<meta property=\"og:site_name\" content=\"etab Website - DK\" \/>\n<meta property=\"article:modified_time\" content=\"2020-05-06T11:49:27+00:00\" \/>\n<meta name=\"twitter:card\" content=\"summary_large_image\" \/>\n<meta name=\"twitter:title\" content=\"etab 3838 - Grepptejp &#039;Flex\u00adtape&#039;\" \/>\n<meta name=\"twitter:description\" content=\"Grepptejp\/elastiskt bandage &#039;Flextape&#039;. H\u00e4ftar enbart mot egen rygg. Anv\u00e4nds bl.a. f\u00f6r lindning av grepp p\u00e5 hockeyklubbor.\" \/>\n<meta name=\"twitter:image\" content=\"https:\/\/etab.eu\/dk\/wp-content\/uploads\/sites\/4\/2018\/07\/etab-3838-grepptejp-flextape-38mm-x-4.5m-svart_1.jpg\" \/>\n<meta name=\"twitter:label1\" content=\"Availability\" \/>\n\t<meta name=\"twitter:data1\" content=\"In stock\" \/>\n<script type=\"application\/ld+json\" class=\"yoast-schema-graph\">{\"@context\":\"https:\/\/schema.org\",\"@graph\":[{\"@type\":[\"WebPage\",\"ItemPage\"],\"@id\":\"https:\/\/etab.eu\/dk\/produkt\/sport-sjukvardstejp\/3838-grepptejp-flextape\/\",\"url\":\"https:\/\/etab.eu\/dk\/produkt\/sport-sjukvardstejp\/3838-grepptejp-flextape\/\",\"name\":\"etab 3838 - Grepptejp 'Flex\u00adtape' - etab Website - DK\",\"isPartOf\":{\"@id\":\"https:\/\/etab.eu\/dk\/#website\"},\"primaryImageOfPage\":{\"@id\":\"https:\/\/etab.eu\/dk\/produkt\/sport-sjukvardstejp\/3838-grepptejp-flextape\/#primaryimage\"},\"image\":{\"@id\":\"https:\/\/etab.eu\/dk\/produkt\/sport-sjukvardstejp\/3838-grepptejp-flextape\/#primaryimage\"},\"thumbnailUrl\":\"https:\/\/etab.eu\/dk\/wp-content\/uploads\/sites\/4\/2018\/07\/etab-3838-grepptejp-flextape-38mm-x-4.5m-svart_1.jpg\",\"datePublished\":\"2018-07-09T11:02:51+00:00\",\"dateModified\":\"2020-05-06T11:49:27+00:00\",\"breadcrumb\":{\"@id\":\"https:\/\/etab.eu\/dk\/produkt\/sport-sjukvardstejp\/3838-grepptejp-flextape\/#breadcrumb\"},\"inLanguage\":\"sv-SE\",\"potentialAction\":[{\"@type\":\"ReadAction\",\"target\":[\"https:\/\/etab.eu\/dk\/produkt\/sport-sjukvardstejp\/3838-grepptejp-flextape\/\"]}]},{\"@type\":\"ImageObject\",\"inLanguage\":\"sv-SE\",\"@id\":\"https:\/\/etab.eu\/dk\/produkt\/sport-sjukvardstejp\/3838-grepptejp-flextape\/#primaryimage\",\"url\":\"https:\/\/etab.eu\/dk\/wp-content\/uploads\/sites\/4\/2018\/07\/etab-3838-grepptejp-flextape-38mm-x-4.5m-svart_1.jpg\",\"contentUrl\":\"https:\/\/etab.eu\/dk\/wp-content\/uploads\/sites\/4\/2018\/07\/etab-3838-grepptejp-flextape-38mm-x-4.5m-svart_1.jpg\",\"width\":1500,\"height\":1500},{\"@type\":\"BreadcrumbList\",\"@id\":\"https:\/\/etab.eu\/dk\/produkt\/sport-sjukvardstejp\/3838-grepptejp-flextape\/#breadcrumb\",\"itemListElement\":[{\"@type\":\"ListItem\",\"position\":1,\"name\":\"Hem\",\"item\":\"https:\/\/etab.eu\/dk\/\"},{\"@type\":\"ListItem\",\"position\":2,\"name\":\"V\u00e5ra produkter\",\"item\":\"https:\/\/etab.eu\/dk\/produkter\/\"},{\"@type\":\"ListItem\",\"position\":3,\"name\":\"Sport &amp; Sjukv\u00e5rdstejp\",\"item\":\"https:\/\/etab.eu\/dk\/produkt-kategori\/sport-sjukvardstejp\/\"},{\"@type\":\"ListItem\",\"position\":4,\"name\":\"etab 3838 &#8211; Grepptejp &#8216;Flex\u00adtape&#8217;\"}]},{\"@type\":\"WebSite\",\"@id\":\"https:\/\/etab.eu\/dk\/#website\",\"url\":\"https:\/\/etab.eu\/dk\/\",\"name\":\"etab Website - DK\",\"description\":\"\",\"potentialAction\":[{\"@type\":\"SearchAction\",\"target\":{\"@type\":\"EntryPoint\",\"urlTemplate\":\"https:\/\/etab.eu\/dk\/?s={search_term_string}\"},\"query-input\":{\"@type\":\"PropertyValueSpecification\",\"valueRequired\":true,\"valueName\":\"search_term_string\"}}],\"inLanguage\":\"sv-SE\"}]}<\/script>\n<meta property=\"og:availability\" content=\"instock\" \/>\n<meta property=\"product:availability\" content=\"instock\" \/>\n<meta property=\"product:retailer_item_id\" content=\"3838\" \/>\n<meta property=\"product:condition\" content=\"new\" \/>\n<!-- \/ Yoast SEO Premium plugin. -->","yoast_head_json":{"title":"etab 3838 - Grepptejp 'Flex\u00adtape' - etab Website - DK","robots":{"index":"noindex","follow":"follow","max-snippet":"max-snippet:-1","max-image-preview":"max-image-preview:large","max-video-preview":"max-video-preview:-1"},"og_locale":"sv_SE","og_type":"article","og_title":"etab 3838 - Grepptejp 'Flex\u00adtape'","og_description":"Grepptejp\/elastiskt bandage 'Flextape'. H\u00e4ftar enbart mot egen rygg. Anv\u00e4nds bl.a. f\u00f6r lindning av grepp p\u00e5 hockeyklubbor.","og_url":"https:\/\/etab.eu\/dk\/produkt\/sport-sjukvardstejp\/3838-grepptejp-flextape\/","og_site_name":"etab Website - DK","article_modified_time":"2020-05-06T11:49:27+00:00","twitter_card":"summary_large_image","twitter_title":"etab 3838 - Grepptejp 'Flex\u00adtape'","twitter_description":"Grepptejp\/elastiskt bandage 'Flextape'. H\u00e4ftar enbart mot egen rygg. Anv\u00e4nds bl.a. f\u00f6r lindning av grepp p\u00e5 hockeyklubbor.","twitter_image":"https:\/\/etab.eu\/dk\/wp-content\/uploads\/sites\/4\/2018\/07\/etab-3838-grepptejp-flextape-38mm-x-4.5m-svart_1.jpg","twitter_misc":{"Availability":"In stock"},"schema":{"@context":"https:\/\/schema.org","@graph":[{"@type":["WebPage","ItemPage"],"@id":"https:\/\/etab.eu\/dk\/produkt\/sport-sjukvardstejp\/3838-grepptejp-flextape\/","url":"https:\/\/etab.eu\/dk\/produkt\/sport-sjukvardstejp\/3838-grepptejp-flextape\/","name":"etab 3838 - Grepptejp 'Flex\u00adtape' - etab Website - DK","isPartOf":{"@id":"https:\/\/etab.eu\/dk\/#website"},"primaryImageOfPage":{"@id":"https:\/\/etab.eu\/dk\/produkt\/sport-sjukvardstejp\/3838-grepptejp-flextape\/#primaryimage"},"image":{"@id":"https:\/\/etab.eu\/dk\/produkt\/sport-sjukvardstejp\/3838-grepptejp-flextape\/#primaryimage"},"thumbnailUrl":"https:\/\/etab.eu\/dk\/wp-content\/uploads\/sites\/4\/2018\/07\/etab-3838-grepptejp-flextape-38mm-x-4.5m-svart_1.jpg","datePublished":"2018-07-09T11:02:51+00:00","dateModified":"2020-05-06T11:49:27+00:00","breadcrumb":{"@id":"https:\/\/etab.eu\/dk\/produkt\/sport-sjukvardstejp\/3838-grepptejp-flextape\/#breadcrumb"},"inLanguage":"sv-SE","potentialAction":[{"@type":"ReadAction","target":["https:\/\/etab.eu\/dk\/produkt\/sport-sjukvardstejp\/3838-grepptejp-flextape\/"]}]},{"@type":"ImageObject","inLanguage":"sv-SE","@id":"https:\/\/etab.eu\/dk\/produkt\/sport-sjukvardstejp\/3838-grepptejp-flextape\/#primaryimage","url":"https:\/\/etab.eu\/dk\/wp-content\/uploads\/sites\/4\/2018\/07\/etab-3838-grepptejp-flextape-38mm-x-4.5m-svart_1.jpg","contentUrl":"https:\/\/etab.eu\/dk\/wp-content\/uploads\/sites\/4\/2018\/07\/etab-3838-grepptejp-flextape-38mm-x-4.5m-svart_1.jpg","width":1500,"height":1500},{"@type":"BreadcrumbList","@id":"https:\/\/etab.eu\/dk\/produkt\/sport-sjukvardstejp\/3838-grepptejp-flextape\/#breadcrumb","itemListElement":[{"@type":"ListItem","position":1,"name":"Hem","item":"https:\/\/etab.eu\/dk\/"},{"@type":"ListItem","position":2,"name":"V\u00e5ra produkter","item":"https:\/\/etab.eu\/dk\/produkter\/"},{"@type":"ListItem","position":3,"name":"Sport &amp; Sjukv\u00e5rdstejp","item":"https:\/\/etab.eu\/dk\/produkt-kategori\/sport-sjukvardstejp\/"},{"@type":"ListItem","position":4,"name":"etab 3838 &#8211; Grepptejp &#8216;Flex\u00adtape&#8217;"}]},{"@type":"WebSite","@id":"https:\/\/etab.eu\/dk\/#website","url":"https:\/\/etab.eu\/dk\/","name":"etab Website - DK","description":"","potentialAction":[{"@type":"SearchAction","target":{"@type":"EntryPoint","urlTemplate":"https:\/\/etab.eu\/dk\/?s={search_term_string}"},"query-input":{"@type":"PropertyValueSpecification","valueRequired":true,"valueName":"search_term_string"}}],"inLanguage":"sv-SE"}]},"og_availability":"instock","product_availability":"instock","product_retailer_item_id":"3838","product_condition":"new"},"_links":{"self":[{"href":"https:\/\/etab.eu\/dk\/wp-json\/wp\/v2\/product\/1286","targetHints":{"allow":["GET"]}}],"collection":[{"href":"https:\/\/etab.eu\/dk\/wp-json\/wp\/v2\/product"}],"about":[{"href":"https:\/\/etab.eu\/dk\/wp-json\/wp\/v2\/types\/product"}],"replies":[{"embeddable":true,"href":"https:\/\/etab.eu\/dk\/wp-json\/wp\/v2\/comments?post=1286"}],"wp:featuredmedia":[{"embeddable":true,"href":"https:\/\/etab.eu\/dk\/wp-json\/wp\/v2\/media\/1936"}],"wp:attachment":[{"href":"https:\/\/etab.eu\/dk\/wp-json\/wp\/v2\/media?parent=1286"}],"wp:term":[{"taxonomy":"product_brand","embeddable":true,"href":"https:\/\/etab.eu\/dk\/wp-json\/wp\/v2\/product_brand?post=1286"},{"taxonomy":"product_cat","embeddable":true,"href":"https:\/\/etab.eu\/dk\/wp-json\/wp\/v2\/product_cat?post=1286"},{"taxonomy":"product_tag","embeddable":true,"href":"https:\/\/etab.eu\/dk\/wp-json\/wp\/v2\/product_tag?post=1286"}],"curies":[{"name":"wp","href":"https:\/\/api.w.org\/{rel}","templated":true}]}}