{"id":1272,"date":"2018-07-09T10:59:38","date_gmt":"2018-07-09T10:59:38","guid":{"rendered":"http:\/\/etab.eu\/dk\/?post_type=product&#038;p=1272"},"modified":"2020-12-04T15:19:43","modified_gmt":"2020-12-04T13:19:43","slug":"901-cellofantejp","status":"publish","type":"product","link":"https:\/\/etab.eu\/dk\/produkt\/kontorstejp\/901-cellofantejp\/","title":{"rendered":"etab 901 &#8211; Cellofan\u00adtejp"},"content":{"rendered":"","protected":false},"excerpt":{"rendered":"<p>etab 901 cellofantejp \u00e4r den klassiska kontorstejpen och ett riktigt bra milj\u00f6val vid f\u00f6rslutning av emballage och inslagning av paket. En transparent tejp som \u00e4r antistatisk och l\u00e4tt att riva, dessutom tillverkad av helt naturliga r\u00e5varor och d\u00e4rf\u00f6r biologiskt nedbrytbar.<\/p>\n<p>etab 901 a\u0308r den perfekta tejpen vid paketinslagning &#8211; tejpen a\u0308r antistatisk vilket inneba\u0308r att den inte fastnar varken i sig sja\u0308lv eller i na\u030agot i na\u0308rheten, bra na\u0308r man ska fa\u0308sta bitar pa\u030a bordskanten. Ja\u0308mfo\u0308rt med \u201cvanlig\u201d kontorstejp a\u0308r den la\u0308ttare att riva av, fa\u0308ster ba\u0308ttre och luktar mindre.<\/p>\n<p>etab 901 \u00e4r gjord av \u00e4kta cellofan med naturgummibaserat h\u00e4ft\u00e4mne och \u00e4r helt \u00e5tervinningsbar. L\u00e4s mer <a href=\"https:\/\/etab.eu\/dk\/wp-content\/uploads\/2018\/07\/etab_901_kontorstejp_cellofan_produktblad.pdf\">h\u00e4r<\/a>.<\/p>\n","protected":false},"featured_media":4592,"comment_status":"open","ping_status":"closed","template":"","meta":{"_acf_changed":false,"_trash_the_other_posts":false,"editor_notices":[]},"product_brand":[],"product_cat":[391],"product_tag":[],"class_list":{"0":"post-1272","1":"product","2":"type-product","3":"status-publish","4":"has-post-thumbnail","6":"product_cat-kontorstejp","8":"first","9":"instock","10":"shipping-taxable","11":"product-type-variable"},"acf":[],"yoast_head":"<!-- This site is optimized with the Yoast SEO Premium plugin v26.6 (Yoast SEO v26.6) - https:\/\/yoast.com\/wordpress\/plugins\/seo\/ -->\n<title>etab 901 - Cellofan\u00adtejp - etab Website - DK<\/title>\n<meta name=\"robots\" content=\"noindex, follow, max-snippet:-1, max-image-preview:large, max-video-preview:-1\" \/>\n<meta property=\"og:locale\" content=\"sv_SE\" \/>\n<meta property=\"og:type\" content=\"article\" \/>\n<meta property=\"og:title\" content=\"etab 901 - Cellofan\u00adtejp\" \/>\n<meta property=\"og:description\" content=\"etab 901 cellofantejp \u00e4r den klassiska kontorstejpen och ett riktigt bra milj\u00f6val vid f\u00f6rslutning av emballage och inslagning av paket. En transparent tejp som \u00e4r antistatisk och l\u00e4tt att riva, dessutom tillverkad av helt naturliga r\u00e5varor och d\u00e4rf\u00f6r biologiskt nedbrytbar.\" \/>\n<meta property=\"og:url\" content=\"https:\/\/etab.eu\/dk\/produkt\/kontorstejp\/901-cellofantejp\/\" \/>\n<meta property=\"og:site_name\" content=\"etab Website - DK\" \/>\n<meta property=\"article:modified_time\" content=\"2020-12-04T13:19:43+00:00\" \/>\n<meta name=\"twitter:card\" content=\"summary_large_image\" \/>\n<meta name=\"twitter:title\" content=\"etab 901 - Cellofan\u00adtejp\" \/>\n<meta name=\"twitter:description\" content=\"etab 901 cellofantejp \u00e4r den klassiska kontorstejpen och ett riktigt bra milj\u00f6val vid f\u00f6rslutning av emballage och inslagning av paket.\" \/>\n<meta name=\"twitter:image\" content=\"https:\/\/etab.eu\/dk\/wp-content\/uploads\/sites\/4\/2018\/07\/etab-901-cellofantejp-19mm-x-66m-transparent_1.jpg\" \/>\n<meta name=\"twitter:label1\" content=\"Availability\" \/>\n\t<meta name=\"twitter:data1\" content=\"In stock\" \/>\n<script type=\"application\/ld+json\" class=\"yoast-schema-graph\">{\"@context\":\"https:\/\/schema.org\",\"@graph\":[{\"@type\":[\"WebPage\",\"ItemPage\"],\"@id\":\"https:\/\/etab.eu\/dk\/produkt\/kontorstejp\/901-cellofantejp\/\",\"url\":\"https:\/\/etab.eu\/dk\/produkt\/kontorstejp\/901-cellofantejp\/\",\"name\":\"etab 901 - Cellofan\u00adtejp - etab Website - DK\",\"isPartOf\":{\"@id\":\"https:\/\/etab.eu\/dk\/#website\"},\"primaryImageOfPage\":{\"@id\":\"https:\/\/etab.eu\/dk\/produkt\/kontorstejp\/901-cellofantejp\/#primaryimage\"},\"image\":{\"@id\":\"https:\/\/etab.eu\/dk\/produkt\/kontorstejp\/901-cellofantejp\/#primaryimage\"},\"thumbnailUrl\":\"https:\/\/etab.eu\/dk\/wp-content\/uploads\/sites\/4\/2018\/07\/etab-901-cellofantejp-19mm-x-66m-transparent_1.jpg\",\"datePublished\":\"2018-07-09T10:59:38+00:00\",\"dateModified\":\"2020-12-04T13:19:43+00:00\",\"breadcrumb\":{\"@id\":\"https:\/\/etab.eu\/dk\/produkt\/kontorstejp\/901-cellofantejp\/#breadcrumb\"},\"inLanguage\":\"sv-SE\",\"potentialAction\":[{\"@type\":\"ReadAction\",\"target\":[\"https:\/\/etab.eu\/dk\/produkt\/kontorstejp\/901-cellofantejp\/\"]}]},{\"@type\":\"ImageObject\",\"inLanguage\":\"sv-SE\",\"@id\":\"https:\/\/etab.eu\/dk\/produkt\/kontorstejp\/901-cellofantejp\/#primaryimage\",\"url\":\"https:\/\/etab.eu\/dk\/wp-content\/uploads\/sites\/4\/2018\/07\/etab-901-cellofantejp-19mm-x-66m-transparent_1.jpg\",\"contentUrl\":\"https:\/\/etab.eu\/dk\/wp-content\/uploads\/sites\/4\/2018\/07\/etab-901-cellofantejp-19mm-x-66m-transparent_1.jpg\",\"width\":1500,\"height\":1500},{\"@type\":\"BreadcrumbList\",\"@id\":\"https:\/\/etab.eu\/dk\/produkt\/kontorstejp\/901-cellofantejp\/#breadcrumb\",\"itemListElement\":[{\"@type\":\"ListItem\",\"position\":1,\"name\":\"Hem\",\"item\":\"https:\/\/etab.eu\/dk\/\"},{\"@type\":\"ListItem\",\"position\":2,\"name\":\"V\u00e5ra produkter\",\"item\":\"https:\/\/etab.eu\/dk\/produkter\/\"},{\"@type\":\"ListItem\",\"position\":3,\"name\":\"Kontorstejp\",\"item\":\"https:\/\/etab.eu\/dk\/produkt-kategori\/kontorstejp\/\"},{\"@type\":\"ListItem\",\"position\":4,\"name\":\"etab 901 &#8211; Cellofan\u00adtejp\"}]},{\"@type\":\"WebSite\",\"@id\":\"https:\/\/etab.eu\/dk\/#website\",\"url\":\"https:\/\/etab.eu\/dk\/\",\"name\":\"etab Website - DK\",\"description\":\"\",\"potentialAction\":[{\"@type\":\"SearchAction\",\"target\":{\"@type\":\"EntryPoint\",\"urlTemplate\":\"https:\/\/etab.eu\/dk\/?s={search_term_string}\"},\"query-input\":{\"@type\":\"PropertyValueSpecification\",\"valueRequired\":true,\"valueName\":\"search_term_string\"}}],\"inLanguage\":\"sv-SE\"}]}<\/script>\n<meta property=\"og:availability\" content=\"instock\" \/>\n<meta property=\"product:availability\" content=\"instock\" \/>\n<meta property=\"product:retailer_item_id\" content=\"901\" \/>\n<meta property=\"product:condition\" content=\"new\" \/>\n<!-- \/ Yoast SEO Premium plugin. -->","yoast_head_json":{"title":"etab 901 - Cellofan\u00adtejp - etab Website - DK","robots":{"index":"noindex","follow":"follow","max-snippet":"max-snippet:-1","max-image-preview":"max-image-preview:large","max-video-preview":"max-video-preview:-1"},"og_locale":"sv_SE","og_type":"article","og_title":"etab 901 - Cellofan\u00adtejp","og_description":"etab 901 cellofantejp \u00e4r den klassiska kontorstejpen och ett riktigt bra milj\u00f6val vid f\u00f6rslutning av emballage och inslagning av paket. En transparent tejp som \u00e4r antistatisk och l\u00e4tt att riva, dessutom tillverkad av helt naturliga r\u00e5varor och d\u00e4rf\u00f6r biologiskt nedbrytbar.","og_url":"https:\/\/etab.eu\/dk\/produkt\/kontorstejp\/901-cellofantejp\/","og_site_name":"etab Website - DK","article_modified_time":"2020-12-04T13:19:43+00:00","twitter_card":"summary_large_image","twitter_title":"etab 901 - Cellofan\u00adtejp","twitter_description":"etab 901 cellofantejp \u00e4r den klassiska kontorstejpen och ett riktigt bra milj\u00f6val vid f\u00f6rslutning av emballage och inslagning av paket.","twitter_image":"https:\/\/etab.eu\/dk\/wp-content\/uploads\/sites\/4\/2018\/07\/etab-901-cellofantejp-19mm-x-66m-transparent_1.jpg","twitter_misc":{"Availability":"In stock"},"schema":{"@context":"https:\/\/schema.org","@graph":[{"@type":["WebPage","ItemPage"],"@id":"https:\/\/etab.eu\/dk\/produkt\/kontorstejp\/901-cellofantejp\/","url":"https:\/\/etab.eu\/dk\/produkt\/kontorstejp\/901-cellofantejp\/","name":"etab 901 - Cellofan\u00adtejp - etab Website - DK","isPartOf":{"@id":"https:\/\/etab.eu\/dk\/#website"},"primaryImageOfPage":{"@id":"https:\/\/etab.eu\/dk\/produkt\/kontorstejp\/901-cellofantejp\/#primaryimage"},"image":{"@id":"https:\/\/etab.eu\/dk\/produkt\/kontorstejp\/901-cellofantejp\/#primaryimage"},"thumbnailUrl":"https:\/\/etab.eu\/dk\/wp-content\/uploads\/sites\/4\/2018\/07\/etab-901-cellofantejp-19mm-x-66m-transparent_1.jpg","datePublished":"2018-07-09T10:59:38+00:00","dateModified":"2020-12-04T13:19:43+00:00","breadcrumb":{"@id":"https:\/\/etab.eu\/dk\/produkt\/kontorstejp\/901-cellofantejp\/#breadcrumb"},"inLanguage":"sv-SE","potentialAction":[{"@type":"ReadAction","target":["https:\/\/etab.eu\/dk\/produkt\/kontorstejp\/901-cellofantejp\/"]}]},{"@type":"ImageObject","inLanguage":"sv-SE","@id":"https:\/\/etab.eu\/dk\/produkt\/kontorstejp\/901-cellofantejp\/#primaryimage","url":"https:\/\/etab.eu\/dk\/wp-content\/uploads\/sites\/4\/2018\/07\/etab-901-cellofantejp-19mm-x-66m-transparent_1.jpg","contentUrl":"https:\/\/etab.eu\/dk\/wp-content\/uploads\/sites\/4\/2018\/07\/etab-901-cellofantejp-19mm-x-66m-transparent_1.jpg","width":1500,"height":1500},{"@type":"BreadcrumbList","@id":"https:\/\/etab.eu\/dk\/produkt\/kontorstejp\/901-cellofantejp\/#breadcrumb","itemListElement":[{"@type":"ListItem","position":1,"name":"Hem","item":"https:\/\/etab.eu\/dk\/"},{"@type":"ListItem","position":2,"name":"V\u00e5ra produkter","item":"https:\/\/etab.eu\/dk\/produkter\/"},{"@type":"ListItem","position":3,"name":"Kontorstejp","item":"https:\/\/etab.eu\/dk\/produkt-kategori\/kontorstejp\/"},{"@type":"ListItem","position":4,"name":"etab 901 &#8211; Cellofan\u00adtejp"}]},{"@type":"WebSite","@id":"https:\/\/etab.eu\/dk\/#website","url":"https:\/\/etab.eu\/dk\/","name":"etab Website - DK","description":"","potentialAction":[{"@type":"SearchAction","target":{"@type":"EntryPoint","urlTemplate":"https:\/\/etab.eu\/dk\/?s={search_term_string}"},"query-input":{"@type":"PropertyValueSpecification","valueRequired":true,"valueName":"search_term_string"}}],"inLanguage":"sv-SE"}]},"og_availability":"instock","product_availability":"instock","product_retailer_item_id":"901","product_condition":"new"},"_links":{"self":[{"href":"https:\/\/etab.eu\/dk\/wp-json\/wp\/v2\/product\/1272","targetHints":{"allow":["GET"]}}],"collection":[{"href":"https:\/\/etab.eu\/dk\/wp-json\/wp\/v2\/product"}],"about":[{"href":"https:\/\/etab.eu\/dk\/wp-json\/wp\/v2\/types\/product"}],"replies":[{"embeddable":true,"href":"https:\/\/etab.eu\/dk\/wp-json\/wp\/v2\/comments?post=1272"}],"wp:featuredmedia":[{"embeddable":true,"href":"https:\/\/etab.eu\/dk\/wp-json\/wp\/v2\/media\/4592"}],"wp:attachment":[{"href":"https:\/\/etab.eu\/dk\/wp-json\/wp\/v2\/media?parent=1272"}],"wp:term":[{"taxonomy":"product_brand","embeddable":true,"href":"https:\/\/etab.eu\/dk\/wp-json\/wp\/v2\/product_brand?post=1272"},{"taxonomy":"product_cat","embeddable":true,"href":"https:\/\/etab.eu\/dk\/wp-json\/wp\/v2\/product_cat?post=1272"},{"taxonomy":"product_tag","embeddable":true,"href":"https:\/\/etab.eu\/dk\/wp-json\/wp\/v2\/product_tag?post=1272"}],"curies":[{"name":"wp","href":"https:\/\/api.w.org\/{rel}","templated":true}]}}