{"id":1182,"date":"2018-07-09T08:52:44","date_gmt":"2018-07-09T08:52:44","guid":{"rendered":"http:\/\/etab.eu\/dk\/?post_type=product&#038;p=1182"},"modified":"2020-05-07T13:33:05","modified_gmt":"2020-05-07T11:33:05","slug":"9027-vavtejp","status":"publish","type":"product","link":"https:\/\/etab.eu\/dk\/produkt\/vavtejp\/9027-vavtejp\/","title":{"rendered":"etab 9027 &#8211; V\u00e4vtejp"},"content":{"rendered":"","protected":false},"excerpt":{"rendered":"<p>Bomullsv\u00e4vtejp med polyetenyta. Allroundtejp. God h\u00e4ftf\u00f6rm\u00e5ga. Vattenavvisande. Rivbar.<\/p>\n<p>Med m\u00e5nga anv\u00e4ndningsomr\u00e5den inom b\u00e5de bygg- och industrisektorn.<\/p>\n","protected":false},"featured_media":3454,"comment_status":"open","ping_status":"closed","template":"","meta":{"_acf_changed":false,"_trash_the_other_posts":false,"editor_notices":[]},"product_brand":[],"product_cat":[389,398],"product_tag":[],"class_list":{"0":"post-1182","1":"product","2":"type-product","3":"status-publish","4":"has-post-thumbnail","6":"product_cat-byggtejp","7":"product_cat-vavtejp","9":"first","10":"instock","11":"shipping-taxable","12":"product-type-variable"},"acf":[],"yoast_head":"<!-- This site is optimized with the Yoast SEO Premium plugin v26.6 (Yoast SEO v26.6) - https:\/\/yoast.com\/wordpress\/plugins\/seo\/ -->\n<title>etab 9027 - V\u00e4vtejp - etab Website - DK<\/title>\n<meta name=\"robots\" content=\"noindex, follow, max-snippet:-1, max-image-preview:large, max-video-preview:-1\" \/>\n<meta property=\"og:locale\" content=\"sv_SE\" \/>\n<meta property=\"og:type\" content=\"article\" \/>\n<meta property=\"og:title\" content=\"etab 9027 - V\u00e4vtejp\" \/>\n<meta property=\"og:description\" content=\"Bomullsv\u00e4vtejp med polyetenyta. Allroundtejp. God h\u00e4ftf\u00f6rm\u00e5ga. Vattenavvisande. Rivbar. Med m\u00e5nga anv\u00e4ndningsomr\u00e5den inom b\u00e5de bygg- och industrisektorn.\" \/>\n<meta property=\"og:url\" content=\"https:\/\/etab.eu\/dk\/produkt\/vavtejp\/9027-vavtejp\/\" \/>\n<meta property=\"og:site_name\" content=\"etab Website - DK\" \/>\n<meta property=\"article:modified_time\" content=\"2020-05-07T11:33:05+00:00\" \/>\n<meta name=\"twitter:card\" content=\"summary_large_image\" \/>\n<meta name=\"twitter:title\" content=\"etab 9027 - V\u00e4vtejp\" \/>\n<meta name=\"twitter:description\" content=\"Bomullsv\u00e4vtejp med polyetenyta. Allroundtejp. God h\u00e4ftf\u00f6rm\u00e5ga. Vattenavvisande. Rivbar.\" \/>\n<meta name=\"twitter:image\" content=\"https:\/\/etab.eu\/dk\/wp-content\/uploads\/sites\/4\/2018\/07\/etab-9027-vavtejp-48mm-x-50m-silvergra_1.jpg\" \/>\n<meta name=\"twitter:label1\" content=\"Availability\" \/>\n\t<meta name=\"twitter:data1\" content=\"In stock\" \/>\n<script type=\"application\/ld+json\" class=\"yoast-schema-graph\">{\"@context\":\"https:\/\/schema.org\",\"@graph\":[{\"@type\":[\"WebPage\",\"ItemPage\"],\"@id\":\"https:\/\/etab.eu\/dk\/produkt\/vavtejp\/9027-vavtejp\/\",\"url\":\"https:\/\/etab.eu\/dk\/produkt\/vavtejp\/9027-vavtejp\/\",\"name\":\"etab 9027 - V\u00e4vtejp - etab Website - DK\",\"isPartOf\":{\"@id\":\"https:\/\/etab.eu\/dk\/#website\"},\"primaryImageOfPage\":{\"@id\":\"https:\/\/etab.eu\/dk\/produkt\/vavtejp\/9027-vavtejp\/#primaryimage\"},\"image\":{\"@id\":\"https:\/\/etab.eu\/dk\/produkt\/vavtejp\/9027-vavtejp\/#primaryimage\"},\"thumbnailUrl\":\"https:\/\/etab.eu\/dk\/wp-content\/uploads\/sites\/4\/2018\/07\/etab-9027-vavtejp-48mm-x-50m-silvergra_1.jpg\",\"datePublished\":\"2018-07-09T08:52:44+00:00\",\"dateModified\":\"2020-05-07T11:33:05+00:00\",\"breadcrumb\":{\"@id\":\"https:\/\/etab.eu\/dk\/produkt\/vavtejp\/9027-vavtejp\/#breadcrumb\"},\"inLanguage\":\"sv-SE\",\"potentialAction\":[{\"@type\":\"ReadAction\",\"target\":[\"https:\/\/etab.eu\/dk\/produkt\/vavtejp\/9027-vavtejp\/\"]}]},{\"@type\":\"ImageObject\",\"inLanguage\":\"sv-SE\",\"@id\":\"https:\/\/etab.eu\/dk\/produkt\/vavtejp\/9027-vavtejp\/#primaryimage\",\"url\":\"https:\/\/etab.eu\/dk\/wp-content\/uploads\/sites\/4\/2018\/07\/etab-9027-vavtejp-48mm-x-50m-silvergra_1.jpg\",\"contentUrl\":\"https:\/\/etab.eu\/dk\/wp-content\/uploads\/sites\/4\/2018\/07\/etab-9027-vavtejp-48mm-x-50m-silvergra_1.jpg\",\"width\":1500,\"height\":1500},{\"@type\":\"BreadcrumbList\",\"@id\":\"https:\/\/etab.eu\/dk\/produkt\/vavtejp\/9027-vavtejp\/#breadcrumb\",\"itemListElement\":[{\"@type\":\"ListItem\",\"position\":1,\"name\":\"Hem\",\"item\":\"https:\/\/etab.eu\/dk\/\"},{\"@type\":\"ListItem\",\"position\":2,\"name\":\"V\u00e5ra produkter\",\"item\":\"https:\/\/etab.eu\/dk\/produkter\/\"},{\"@type\":\"ListItem\",\"position\":3,\"name\":\"V\u00e4vtejp\",\"item\":\"https:\/\/etab.eu\/dk\/produkt-kategori\/vavtejp\/\"},{\"@type\":\"ListItem\",\"position\":4,\"name\":\"etab 9027 &#8211; V\u00e4vtejp\"}]},{\"@type\":\"WebSite\",\"@id\":\"https:\/\/etab.eu\/dk\/#website\",\"url\":\"https:\/\/etab.eu\/dk\/\",\"name\":\"etab Website - DK\",\"description\":\"\",\"potentialAction\":[{\"@type\":\"SearchAction\",\"target\":{\"@type\":\"EntryPoint\",\"urlTemplate\":\"https:\/\/etab.eu\/dk\/?s={search_term_string}\"},\"query-input\":{\"@type\":\"PropertyValueSpecification\",\"valueRequired\":true,\"valueName\":\"search_term_string\"}}],\"inLanguage\":\"sv-SE\"}]}<\/script>\n<meta property=\"og:availability\" content=\"instock\" \/>\n<meta property=\"product:availability\" content=\"instock\" \/>\n<meta property=\"product:retailer_item_id\" content=\"9027\" \/>\n<meta property=\"product:condition\" content=\"new\" \/>\n<!-- \/ Yoast SEO Premium plugin. -->","yoast_head_json":{"title":"etab 9027 - V\u00e4vtejp - etab Website - DK","robots":{"index":"noindex","follow":"follow","max-snippet":"max-snippet:-1","max-image-preview":"max-image-preview:large","max-video-preview":"max-video-preview:-1"},"og_locale":"sv_SE","og_type":"article","og_title":"etab 9027 - V\u00e4vtejp","og_description":"Bomullsv\u00e4vtejp med polyetenyta. Allroundtejp. God h\u00e4ftf\u00f6rm\u00e5ga. Vattenavvisande. Rivbar. Med m\u00e5nga anv\u00e4ndningsomr\u00e5den inom b\u00e5de bygg- och industrisektorn.","og_url":"https:\/\/etab.eu\/dk\/produkt\/vavtejp\/9027-vavtejp\/","og_site_name":"etab Website - DK","article_modified_time":"2020-05-07T11:33:05+00:00","twitter_card":"summary_large_image","twitter_title":"etab 9027 - V\u00e4vtejp","twitter_description":"Bomullsv\u00e4vtejp med polyetenyta. Allroundtejp. God h\u00e4ftf\u00f6rm\u00e5ga. Vattenavvisande. Rivbar.","twitter_image":"https:\/\/etab.eu\/dk\/wp-content\/uploads\/sites\/4\/2018\/07\/etab-9027-vavtejp-48mm-x-50m-silvergra_1.jpg","twitter_misc":{"Availability":"In stock"},"schema":{"@context":"https:\/\/schema.org","@graph":[{"@type":["WebPage","ItemPage"],"@id":"https:\/\/etab.eu\/dk\/produkt\/vavtejp\/9027-vavtejp\/","url":"https:\/\/etab.eu\/dk\/produkt\/vavtejp\/9027-vavtejp\/","name":"etab 9027 - V\u00e4vtejp - etab Website - DK","isPartOf":{"@id":"https:\/\/etab.eu\/dk\/#website"},"primaryImageOfPage":{"@id":"https:\/\/etab.eu\/dk\/produkt\/vavtejp\/9027-vavtejp\/#primaryimage"},"image":{"@id":"https:\/\/etab.eu\/dk\/produkt\/vavtejp\/9027-vavtejp\/#primaryimage"},"thumbnailUrl":"https:\/\/etab.eu\/dk\/wp-content\/uploads\/sites\/4\/2018\/07\/etab-9027-vavtejp-48mm-x-50m-silvergra_1.jpg","datePublished":"2018-07-09T08:52:44+00:00","dateModified":"2020-05-07T11:33:05+00:00","breadcrumb":{"@id":"https:\/\/etab.eu\/dk\/produkt\/vavtejp\/9027-vavtejp\/#breadcrumb"},"inLanguage":"sv-SE","potentialAction":[{"@type":"ReadAction","target":["https:\/\/etab.eu\/dk\/produkt\/vavtejp\/9027-vavtejp\/"]}]},{"@type":"ImageObject","inLanguage":"sv-SE","@id":"https:\/\/etab.eu\/dk\/produkt\/vavtejp\/9027-vavtejp\/#primaryimage","url":"https:\/\/etab.eu\/dk\/wp-content\/uploads\/sites\/4\/2018\/07\/etab-9027-vavtejp-48mm-x-50m-silvergra_1.jpg","contentUrl":"https:\/\/etab.eu\/dk\/wp-content\/uploads\/sites\/4\/2018\/07\/etab-9027-vavtejp-48mm-x-50m-silvergra_1.jpg","width":1500,"height":1500},{"@type":"BreadcrumbList","@id":"https:\/\/etab.eu\/dk\/produkt\/vavtejp\/9027-vavtejp\/#breadcrumb","itemListElement":[{"@type":"ListItem","position":1,"name":"Hem","item":"https:\/\/etab.eu\/dk\/"},{"@type":"ListItem","position":2,"name":"V\u00e5ra produkter","item":"https:\/\/etab.eu\/dk\/produkter\/"},{"@type":"ListItem","position":3,"name":"V\u00e4vtejp","item":"https:\/\/etab.eu\/dk\/produkt-kategori\/vavtejp\/"},{"@type":"ListItem","position":4,"name":"etab 9027 &#8211; V\u00e4vtejp"}]},{"@type":"WebSite","@id":"https:\/\/etab.eu\/dk\/#website","url":"https:\/\/etab.eu\/dk\/","name":"etab Website - DK","description":"","potentialAction":[{"@type":"SearchAction","target":{"@type":"EntryPoint","urlTemplate":"https:\/\/etab.eu\/dk\/?s={search_term_string}"},"query-input":{"@type":"PropertyValueSpecification","valueRequired":true,"valueName":"search_term_string"}}],"inLanguage":"sv-SE"}]},"og_availability":"instock","product_availability":"instock","product_retailer_item_id":"9027","product_condition":"new"},"_links":{"self":[{"href":"https:\/\/etab.eu\/dk\/wp-json\/wp\/v2\/product\/1182","targetHints":{"allow":["GET"]}}],"collection":[{"href":"https:\/\/etab.eu\/dk\/wp-json\/wp\/v2\/product"}],"about":[{"href":"https:\/\/etab.eu\/dk\/wp-json\/wp\/v2\/types\/product"}],"replies":[{"embeddable":true,"href":"https:\/\/etab.eu\/dk\/wp-json\/wp\/v2\/comments?post=1182"}],"wp:featuredmedia":[{"embeddable":true,"href":"https:\/\/etab.eu\/dk\/wp-json\/wp\/v2\/media\/3454"}],"wp:attachment":[{"href":"https:\/\/etab.eu\/dk\/wp-json\/wp\/v2\/media?parent=1182"}],"wp:term":[{"taxonomy":"product_brand","embeddable":true,"href":"https:\/\/etab.eu\/dk\/wp-json\/wp\/v2\/product_brand?post=1182"},{"taxonomy":"product_cat","embeddable":true,"href":"https:\/\/etab.eu\/dk\/wp-json\/wp\/v2\/product_cat?post=1182"},{"taxonomy":"product_tag","embeddable":true,"href":"https:\/\/etab.eu\/dk\/wp-json\/wp\/v2\/product_tag?post=1182"}],"curies":[{"name":"wp","href":"https:\/\/api.w.org\/{rel}","templated":true}]}}